{"id":23017,"date":"2024-05-23T17:13:37","date_gmt":"2024-05-23T15:13:37","guid":{"rendered":"https:\/\/swetechockey.com\/startsida\/?post_type=product&#038;p=23017"},"modified":"2025-12-03T00:07:52","modified_gmt":"2025-12-02T23:07:52","slug":"summercamp-hoodie","status":"publish","type":"product","link":"https:\/\/swetechockey.com\/startsida\/produkt\/summercamp-hoodie\/","title":{"rendered":"SUMMERCAMP 25 &#8211; HOODIE"},"content":{"rendered":"<p>Hoodie med CCM brodyr p\u00e5 br\u00f6stet. Tryck p\u00e5 br\u00f6stet SUMMER CHALLANGE.<br \/>\nF\u00c4RG: Svart<\/p>\n<p>H\u00f6gsta kvalitet med 70% traditionell bomull samt 30% polyester. Snygg att ha till\/efter tr\u00e4ning.<\/p>\n<p>&nbsp;<\/p>\n","protected":false},"excerpt":{"rendered":"<p>Hoodie med CCM brodyr p\u00e5 br\u00f6stet. Tryck p\u00e5 br\u00f6stet SUMMER CHALLANGE. F\u00c4RG: Svart H\u00f6gsta kvalitet med 70% traditionell bomull samt 30% polyester. Snygg att ha till\/efter tr\u00e4ning. &nbsp;<\/p>\n","protected":false},"featured_media":23021,"template":"","meta":{"_price":"329","_stock":"1","_tribe_ticket_header":"","_tribe_default_ticket_provider":"","_tribe_ticket_capacity":"3","_ticket_start_date":"","_ticket_end_date":"","_tribe_ticket_show_description":"","_tribe_ticket_show_not_going":false,"_tribe_ticket_use_global_stock":"","_tribe_ticket_global_stock_level":"","_global_stock_mode":"","_global_stock_cap":"","_tribe_rsvp_for_event":"","_tribe_ticket_going_count":"","_tribe_ticket_not_going_count":"","_tribe_tickets_list":"[]","_tribe_ticket_has_attendee_info_fields":false,"_tec_slr_enabled":"","_tec_slr_layout":""},"product_brand":[],"product_cat":[28,47,49],"product_tag":[],"class_list":{"0":"post-23017","1":"product","2":"type-product","3":"status-publish","4":"has-post-thumbnail","6":"product_cat-klader","7":"product_cat-nyheter","8":"product_cat-summercamp","9":"entry","10":"has-media","12":"first","13":"instock","14":"shipping-taxable","15":"purchasable","16":"product-type-variable"},"_links":{"self":[{"href":"https:\/\/swetechockey.com\/startsida\/wp-json\/wp\/v2\/product\/23017","targetHints":{"allow":["GET"]}}],"collection":[{"href":"https:\/\/swetechockey.com\/startsida\/wp-json\/wp\/v2\/product"}],"about":[{"href":"https:\/\/swetechockey.com\/startsida\/wp-json\/wp\/v2\/types\/product"}],"wp:featuredmedia":[{"embeddable":true,"href":"https:\/\/swetechockey.com\/startsida\/wp-json\/wp\/v2\/media\/23021"}],"wp:attachment":[{"href":"https:\/\/swetechockey.com\/startsida\/wp-json\/wp\/v2\/media?parent=23017"}],"wp:term":[{"taxonomy":"product_brand","embeddable":true,"href":"https:\/\/swetechockey.com\/startsida\/wp-json\/wp\/v2\/product_brand?post=23017"},{"taxonomy":"product_cat","embeddable":true,"href":"https:\/\/swetechockey.com\/startsida\/wp-json\/wp\/v2\/product_cat?post=23017"},{"taxonomy":"product_tag","embeddable":true,"href":"https:\/\/swetechockey.com\/startsida\/wp-json\/wp\/v2\/product_tag?post=23017"}],"curies":[{"name":"wp","href":"https:\/\/api.w.org\/{rel}","templated":true}]}}