{"id":21588,"date":"2023-09-14T23:49:00","date_gmt":"2023-09-14T21:49:00","guid":{"rendered":"https:\/\/swetechockey.com\/startsida\/?post_type=product&#038;p=21588"},"modified":"2025-12-03T00:07:52","modified_gmt":"2025-12-02T23:07:52","slug":"be-the-best","status":"publish","type":"product","link":"https:\/\/swetechockey.com\/startsida\/produkt\/be-the-best\/","title":{"rendered":"BE THE BEST"},"content":{"rendered":"<p>T-shirt med CCM tryckt h\u00f6ger axlen. Tryck p\u00e5 br\u00f6stet BE THE BEST<br \/>\nF\u00c4RG: Svart<\/p>\n<p>Snabbtorkande funktionsmaterial som har en k\u00e4nsla av traditionell bomull. Snygg och praktisk f\u00f6r tr\u00e4ning p\u00e5 en och samma g\u00e5ng!<\/p>\n<p>&nbsp;<\/p>\n","protected":false},"excerpt":{"rendered":"<p>T-shirt med CCM tryckt h\u00f6ger axlen. Tryck p\u00e5 br\u00f6stet BE THE BEST F\u00c4RG: Svart Snabbtorkande funktionsmaterial som har en k\u00e4nsla av traditionell bomull. Snygg och praktisk f\u00f6r tr\u00e4ning p\u00e5 en&hellip;<\/p>\n","protected":false},"featured_media":21593,"template":"","meta":{"_price":"229","_stock":"1","_tribe_ticket_header":"","_tribe_default_ticket_provider":"","_tribe_ticket_capacity":"1","_ticket_start_date":"","_ticket_end_date":"","_tribe_ticket_show_description":"","_tribe_ticket_show_not_going":false,"_tribe_ticket_use_global_stock":"","_tribe_ticket_global_stock_level":"","_global_stock_mode":"","_global_stock_cap":"","_tribe_rsvp_for_event":"","_tribe_ticket_going_count":"","_tribe_ticket_not_going_count":"","_tribe_tickets_list":"[]","_tribe_ticket_has_attendee_info_fields":false,"_tec_slr_enabled":"","_tec_slr_layout":""},"product_brand":[],"product_cat":[28,47],"product_tag":[],"class_list":{"0":"post-21588","1":"product","2":"type-product","3":"status-publish","4":"has-post-thumbnail","6":"product_cat-klader","7":"product_cat-nyheter","8":"entry","9":"has-media","11":"first","12":"instock","13":"shipping-taxable","14":"purchasable","15":"product-type-variable"},"_links":{"self":[{"href":"https:\/\/swetechockey.com\/startsida\/wp-json\/wp\/v2\/product\/21588","targetHints":{"allow":["GET"]}}],"collection":[{"href":"https:\/\/swetechockey.com\/startsida\/wp-json\/wp\/v2\/product"}],"about":[{"href":"https:\/\/swetechockey.com\/startsida\/wp-json\/wp\/v2\/types\/product"}],"wp:featuredmedia":[{"embeddable":true,"href":"https:\/\/swetechockey.com\/startsida\/wp-json\/wp\/v2\/media\/21593"}],"wp:attachment":[{"href":"https:\/\/swetechockey.com\/startsida\/wp-json\/wp\/v2\/media?parent=21588"}],"wp:term":[{"taxonomy":"product_brand","embeddable":true,"href":"https:\/\/swetechockey.com\/startsida\/wp-json\/wp\/v2\/product_brand?post=21588"},{"taxonomy":"product_cat","embeddable":true,"href":"https:\/\/swetechockey.com\/startsida\/wp-json\/wp\/v2\/product_cat?post=21588"},{"taxonomy":"product_tag","embeddable":true,"href":"https:\/\/swetechockey.com\/startsida\/wp-json\/wp\/v2\/product_tag?post=21588"}],"curies":[{"name":"wp","href":"https:\/\/api.w.org\/{rel}","templated":true}]}}