{"id":20968,"date":"2023-07-11T23:09:34","date_gmt":"2023-07-11T21:09:34","guid":{"rendered":"https:\/\/swetechockey.com\/startsida\/?post_type=product&#038;p=20968"},"modified":"2025-12-03T00:07:52","modified_gmt":"2025-12-02T23:07:52","slug":"stickad-mossa","status":"publish","type":"product","link":"https:\/\/swetechockey.com\/startsida\/produkt\/stickad-mossa\/","title":{"rendered":"M\u00f6ssa CCM Team Coffed"},"content":{"rendered":"<p>Klassiskt stickad m\u00f6ssa med CCM broderat i sidan p\u00e5 m\u00f6ssan. Swetec S:et broderat fram p\u00e5 m\u00f6ssan.<\/p>\n<p>One size fits all&#8230;<\/p>\n","protected":false},"excerpt":{"rendered":"<p>Klassiskt stickad m\u00f6ssa med CCM broderat i sidan p\u00e5 m\u00f6ssan. Swetec S:et broderat fram p\u00e5 m\u00f6ssan. One size fits all&#8230;<\/p>\n","protected":false},"featured_media":20962,"template":"","meta":{"_price":"189","_stock":"5","_tribe_ticket_header":"","_tribe_default_ticket_provider":"","_tribe_ticket_capacity":"8","_ticket_start_date":"","_ticket_end_date":"","_tribe_ticket_show_description":"","_tribe_ticket_show_not_going":false,"_tribe_ticket_use_global_stock":"","_tribe_ticket_global_stock_level":"","_global_stock_mode":"","_global_stock_cap":"","_tribe_rsvp_for_event":"","_tribe_ticket_going_count":"","_tribe_ticket_not_going_count":"","_tribe_tickets_list":"[]","_tribe_ticket_has_attendee_info_fields":false,"_tec_slr_enabled":"","_tec_slr_layout":""},"product_brand":[],"product_cat":[48,47],"product_tag":[],"class_list":{"0":"post-20968","1":"product","2":"type-product","3":"status-publish","4":"has-post-thumbnail","6":"product_cat-accesoarer","7":"product_cat-nyheter","8":"entry","9":"has-media","11":"first","12":"instock","13":"shipping-taxable","14":"purchasable","15":"product-type-simple"},"_links":{"self":[{"href":"https:\/\/swetechockey.com\/startsida\/wp-json\/wp\/v2\/product\/20968","targetHints":{"allow":["GET"]}}],"collection":[{"href":"https:\/\/swetechockey.com\/startsida\/wp-json\/wp\/v2\/product"}],"about":[{"href":"https:\/\/swetechockey.com\/startsida\/wp-json\/wp\/v2\/types\/product"}],"wp:featuredmedia":[{"embeddable":true,"href":"https:\/\/swetechockey.com\/startsida\/wp-json\/wp\/v2\/media\/20962"}],"wp:attachment":[{"href":"https:\/\/swetechockey.com\/startsida\/wp-json\/wp\/v2\/media?parent=20968"}],"wp:term":[{"taxonomy":"product_brand","embeddable":true,"href":"https:\/\/swetechockey.com\/startsida\/wp-json\/wp\/v2\/product_brand?post=20968"},{"taxonomy":"product_cat","embeddable":true,"href":"https:\/\/swetechockey.com\/startsida\/wp-json\/wp\/v2\/product_cat?post=20968"},{"taxonomy":"product_tag","embeddable":true,"href":"https:\/\/swetechockey.com\/startsida\/wp-json\/wp\/v2\/product_tag?post=20968"}],"curies":[{"name":"wp","href":"https:\/\/api.w.org\/{rel}","templated":true}]}}