{"id":20967,"date":"2023-07-11T23:04:59","date_gmt":"2023-07-11T21:04:59","guid":{"rendered":"https:\/\/swetechockey.com\/startsida\/?post_type=product&#038;p=20967"},"modified":"2026-01-27T09:41:26","modified_gmt":"2026-01-27T08:41:26","slug":"keps-2","status":"publish","type":"product","link":"https:\/\/swetechockey.com\/startsida\/produkt\/keps-2\/","title":{"rendered":"Keps CCM Team Snapback"},"content":{"rendered":"<p>Perfekt keps f\u00f6r en hockey\u00e4lskare!<br \/>\nDenna keps fr\u00e5n CCM \u00e4r b\u00e5de stilren och justerbar. Swetec S:et broderat fram.<\/p>\n<p>Endast ett f\u00e5 antal finns av denna snygga keps s\u00e5 f\u00f6rst till kvarn som g\u00e4ller!!<\/p>\n","protected":false},"excerpt":{"rendered":"<p>Perfekt keps f\u00f6r en hockey\u00e4lskare! Denna keps fr\u00e5n CCM \u00e4r b\u00e5de stilren och justerbar. Swetec S:et broderat fram. Endast ett f\u00e5 antal finns av denna snygga keps s\u00e5 f\u00f6rst till&hellip;<\/p>\n","protected":false},"featured_media":20963,"template":"","meta":{"_price":"229","_stock":"6","_tribe_ticket_header":"","_tribe_default_ticket_provider":"","_tribe_ticket_capacity":"2","_ticket_start_date":"","_ticket_end_date":"","_tribe_ticket_show_description":"","_tribe_ticket_show_not_going":false,"_tribe_ticket_use_global_stock":"","_tribe_ticket_global_stock_level":"","_global_stock_mode":"","_global_stock_cap":"","_tribe_rsvp_for_event":"","_tribe_ticket_going_count":"","_tribe_ticket_not_going_count":"","_tribe_tickets_list":"[]","_tribe_ticket_has_attendee_info_fields":false,"_tec_slr_enabled":"","_tec_slr_layout":""},"product_brand":[],"product_cat":[48,47],"product_tag":[],"class_list":{"0":"post-20967","1":"product","2":"type-product","3":"status-publish","4":"has-post-thumbnail","6":"product_cat-accesoarer","7":"product_cat-nyheter","8":"entry","9":"has-media","11":"first","12":"instock","13":"shipping-taxable","14":"purchasable","15":"product-type-simple"},"_links":{"self":[{"href":"https:\/\/swetechockey.com\/startsida\/wp-json\/wp\/v2\/product\/20967","targetHints":{"allow":["GET"]}}],"collection":[{"href":"https:\/\/swetechockey.com\/startsida\/wp-json\/wp\/v2\/product"}],"about":[{"href":"https:\/\/swetechockey.com\/startsida\/wp-json\/wp\/v2\/types\/product"}],"wp:featuredmedia":[{"embeddable":true,"href":"https:\/\/swetechockey.com\/startsida\/wp-json\/wp\/v2\/media\/20963"}],"wp:attachment":[{"href":"https:\/\/swetechockey.com\/startsida\/wp-json\/wp\/v2\/media?parent=20967"}],"wp:term":[{"taxonomy":"product_brand","embeddable":true,"href":"https:\/\/swetechockey.com\/startsida\/wp-json\/wp\/v2\/product_brand?post=20967"},{"taxonomy":"product_cat","embeddable":true,"href":"https:\/\/swetechockey.com\/startsida\/wp-json\/wp\/v2\/product_cat?post=20967"},{"taxonomy":"product_tag","embeddable":true,"href":"https:\/\/swetechockey.com\/startsida\/wp-json\/wp\/v2\/product_tag?post=20967"}],"curies":[{"name":"wp","href":"https:\/\/api.w.org\/{rel}","templated":true}]}}