{"id":20485,"date":"2023-05-25T10:42:09","date_gmt":"2023-05-25T08:42:09","guid":{"rendered":"https:\/\/swetechockey.com\/startsida\/?post_type=product&#038;p=20485"},"modified":"2024-07-17T14:10:07","modified_gmt":"2024-07-17T12:10:07","slug":"skateskills-t-shirt","status":"publish","type":"product","link":"https:\/\/swetechockey.com\/startsida\/produkt\/skateskills-t-shirt\/","title":{"rendered":"T-SHIRT Summer Challenge"},"content":{"rendered":"<p>Bl\u00e5 T-shirt av mycket h\u00f6g kvalit\u00e9 med Skate&amp;Skills logo fram.<\/p>\n","protected":false},"excerpt":{"rendered":"<p>Bl\u00e5 T-shirt av mycket h\u00f6g kvalit\u00e9 med Skate&amp;Skills logo fram.<\/p>\n","protected":false},"featured_media":21136,"template":"","meta":{"_price":"129","_stock":"14","_tribe_ticket_header":"","_tribe_default_ticket_provider":"","_tribe_ticket_capacity":"7","_ticket_start_date":"","_ticket_end_date":"","_tribe_ticket_show_description":"","_tribe_ticket_show_not_going":false,"_tribe_ticket_use_global_stock":"","_tribe_ticket_global_stock_level":"","_global_stock_mode":"","_global_stock_cap":"","_tribe_rsvp_for_event":"","_tribe_ticket_going_count":"","_tribe_ticket_not_going_count":"","_tribe_tickets_list":"[]","_tribe_ticket_has_attendee_info_fields":false,"_tec_slr_enabled":"","_tec_slr_layout":""},"product_brand":[],"product_cat":[30],"product_tag":[],"class_list":{"0":"post-20485","1":"product","2":"type-product","3":"status-publish","4":"has-post-thumbnail","6":"product_cat-okategoriserad","7":"product_shipping_class-frakt","8":"entry","9":"has-media","11":"first","12":"instock","13":"sold-individually","14":"shipping-taxable","15":"purchasable","16":"product-type-variable","17":"has-default-attributes"},"_links":{"self":[{"href":"https:\/\/swetechockey.com\/startsida\/wp-json\/wp\/v2\/product\/20485","targetHints":{"allow":["GET"]}}],"collection":[{"href":"https:\/\/swetechockey.com\/startsida\/wp-json\/wp\/v2\/product"}],"about":[{"href":"https:\/\/swetechockey.com\/startsida\/wp-json\/wp\/v2\/types\/product"}],"wp:featuredmedia":[{"embeddable":true,"href":"https:\/\/swetechockey.com\/startsida\/wp-json\/wp\/v2\/media\/21136"}],"wp:attachment":[{"href":"https:\/\/swetechockey.com\/startsida\/wp-json\/wp\/v2\/media?parent=20485"}],"wp:term":[{"taxonomy":"product_brand","embeddable":true,"href":"https:\/\/swetechockey.com\/startsida\/wp-json\/wp\/v2\/product_brand?post=20485"},{"taxonomy":"product_cat","embeddable":true,"href":"https:\/\/swetechockey.com\/startsida\/wp-json\/wp\/v2\/product_cat?post=20485"},{"taxonomy":"product_tag","embeddable":true,"href":"https:\/\/swetechockey.com\/startsida\/wp-json\/wp\/v2\/product_tag?post=20485"}],"curies":[{"name":"wp","href":"https:\/\/api.w.org\/{rel}","templated":true}]}}