{"id":18891,"date":"2022-09-15T13:38:32","date_gmt":"2022-09-15T11:38:32","guid":{"rendered":"http:\/\/swetechockey.com\/?post_type=product&#038;p=18891"},"modified":"2024-07-18T11:34:35","modified_gmt":"2024-07-18T09:34:35","slug":"hockeyboxen","status":"publish","type":"product","link":"https:\/\/swetechockey.com\/startsida\/produkt\/hockeyboxen\/","title":{"rendered":"HOCKEYBOXEN"},"content":{"rendered":"<p>Mycket bra kylbox f\u00f6r att anv\u00e4nda p\u00e5 camper, cuper m.m. H\u00e5ller kylan mycket bra och smidig med platsen.<\/p>\n<p><strong>Endast<\/strong>\u00a0<span style=\"color: #ff0000;\"><strong>495:-<\/strong><\/span> + frakt 75 :- (v\u00e4lj i shopen)<\/p>\n<ul>\n<li aria-level=\"1\">Swetec Logo<\/li>\n<li aria-level=\"1\">Cooler box 12 liter<\/li>\n<li aria-level=\"1\">M\u00e5tt 41x17x29 cm<\/li>\n<li aria-level=\"1\">2 kylklampar<\/li>\n<li aria-level=\"1\">F\u00e4rger: Navy<\/li>\n<\/ul>\n<p><span style=\"font-size: 13px;\"><strong>OBS!<\/strong> Gl\u00f6m inte k\u00f6pa frakt<\/span><\/p>\n","protected":false},"excerpt":{"rendered":"<p><strong>HOCKEYBOXEN<\/strong> Mycket bra kylbox f\u00f6r att anv\u00e4nda p\u00e5 camper, cuper m.m. H\u00e5ller kylan mycket bra och smidig med platsen.<\/p>\n","protected":false},"featured_media":18926,"template":"","meta":{"_price":"299","_stock":"1","_tribe_ticket_header":"","_tribe_default_ticket_provider":"","_tribe_ticket_capacity":"1","_ticket_start_date":"","_ticket_end_date":"","_tribe_ticket_show_description":"","_tribe_ticket_show_not_going":false,"_tribe_ticket_use_global_stock":"","_tribe_ticket_global_stock_level":"","_global_stock_mode":"","_global_stock_cap":"","_tribe_rsvp_for_event":"","_tribe_ticket_going_count":"","_tribe_ticket_not_going_count":"","_tribe_tickets_list":"[]","_tribe_ticket_has_attendee_info_fields":false,"_tec_slr_enabled":"","_tec_slr_layout":""},"product_brand":[],"product_cat":[48,33],"product_tag":[],"class_list":{"0":"post-18891","1":"product","2":"type-product","3":"status-publish","4":"has-post-thumbnail","6":"product_cat-accesoarer","7":"product_cat-dvd","8":"product_shipping_class-frakt","9":"entry","10":"has-media","12":"first","13":"instock","14":"sale","15":"shipping-taxable","16":"purchasable","17":"product-type-variable"},"_links":{"self":[{"href":"https:\/\/swetechockey.com\/startsida\/wp-json\/wp\/v2\/product\/18891","targetHints":{"allow":["GET"]}}],"collection":[{"href":"https:\/\/swetechockey.com\/startsida\/wp-json\/wp\/v2\/product"}],"about":[{"href":"https:\/\/swetechockey.com\/startsida\/wp-json\/wp\/v2\/types\/product"}],"wp:featuredmedia":[{"embeddable":true,"href":"https:\/\/swetechockey.com\/startsida\/wp-json\/wp\/v2\/media\/18926"}],"wp:attachment":[{"href":"https:\/\/swetechockey.com\/startsida\/wp-json\/wp\/v2\/media?parent=18891"}],"wp:term":[{"taxonomy":"product_brand","embeddable":true,"href":"https:\/\/swetechockey.com\/startsida\/wp-json\/wp\/v2\/product_brand?post=18891"},{"taxonomy":"product_cat","embeddable":true,"href":"https:\/\/swetechockey.com\/startsida\/wp-json\/wp\/v2\/product_cat?post=18891"},{"taxonomy":"product_tag","embeddable":true,"href":"https:\/\/swetechockey.com\/startsida\/wp-json\/wp\/v2\/product_tag?post=18891"}],"curies":[{"name":"wp","href":"https:\/\/api.w.org\/{rel}","templated":true}]}}