{"id":18872,"date":"2022-09-12T12:37:35","date_gmt":"2022-09-12T10:37:35","guid":{"rendered":"http:\/\/swetechockey.com\/?post_type=product&#038;p=18872"},"modified":"2025-06-23T12:26:00","modified_gmt":"2025-06-23T10:26:00","slug":"ccm-dryland-kit-jr-navy","status":"publish","type":"product","link":"https:\/\/swetechockey.com\/startsida\/produkt\/ccm-dryland-kit-jr-navy\/","title":{"rendered":"CCM Dryland Kit NAVY"},"content":{"rendered":"<p>CCM`s popul\u00e4ra tr\u00e4ningskit \u00e4r perfekt att ha i gymmet, idrottslektionen eller f\u00f6rs\u00e4songspasset. Hela kittet f\u00e5r en uppdaterad modernare passform och material som andas b\u00e4ttre \u00e4n det f\u00f6rra. Kittet inneh\u00e5ller en T-shirt, shorts, strumpor och gympap\u00e5se. P\u00e5sen matchar f\u00e4rgen p\u00e5 t-shirten.<\/p>\n<p><strong>Endast<\/strong> <span style=\"color: #ff0000;\"><strong>199:-<\/strong><\/span> + frakt 75 :- (v\u00e4lj i shopen)<\/p>\n<ul>\n<li aria-level=\"1\">Logo: CCM i screentryck<\/li>\n<li aria-level=\"1\">Tryck med Sommarlogon p\u00e5 T-shirt\/shorts<\/li>\n<li aria-level=\"1\">Material: T-shirt: 86% polyester, 14% spandex<\/li>\n<li aria-level=\"1\">Shorts: 92% polyester, 8% spandex<\/li>\n<li aria-level=\"1\">Strumpor: 65% bomull, 20% nylon, 12% polyester, 3 % spandex<\/li>\n<li aria-level=\"1\">Gympap\u00e5se: 100% polyester<\/li>\n<li aria-level=\"1\">F\u00e4rger: Navy<\/li>\n<li aria-level=\"1\">Junior: XS till XL<\/li>\n<\/ul>\n<p><span style=\"font-size: 13px;\"><strong>OBS!<\/strong> Gl\u00f6m inte k\u00f6pa frakt<\/span><\/p>\n","protected":false},"excerpt":{"rendered":"<p><strong>CCM Dryland Kit<\/strong>\u00a0\u00e4r det perfekta tr\u00e4ningspaketet f\u00f6r fyss\u00e4songen som inneh\u00e5ller en t-shirt, ett par shorts, ett par strumpor och en gympap\u00e5se.<\/p>\n","protected":false},"featured_media":21138,"template":"","meta":{"_price":"199","_stock":"1","_tribe_ticket_header":"","_tribe_default_ticket_provider":"","_tribe_ticket_capacity":"4","_ticket_start_date":"","_ticket_end_date":"","_tribe_ticket_show_description":"","_tribe_ticket_show_not_going":false,"_tribe_ticket_use_global_stock":"","_tribe_ticket_global_stock_level":"","_global_stock_mode":"","_global_stock_cap":"","_tribe_rsvp_for_event":"","_tribe_ticket_going_count":"","_tribe_ticket_not_going_count":"","_tribe_tickets_list":"[]","_tribe_ticket_has_attendee_info_fields":false,"_tec_slr_enabled":"","_tec_slr_layout":""},"product_brand":[],"product_cat":[30],"product_tag":[],"class_list":{"0":"post-18872","1":"product","2":"type-product","3":"status-publish","4":"has-post-thumbnail","6":"product_cat-okategoriserad","7":"product_shipping_class-frakt","8":"entry","9":"has-media","11":"first","12":"instock","13":"sale","14":"shipping-taxable","15":"purchasable","16":"product-type-variable"},"_links":{"self":[{"href":"https:\/\/swetechockey.com\/startsida\/wp-json\/wp\/v2\/product\/18872","targetHints":{"allow":["GET"]}}],"collection":[{"href":"https:\/\/swetechockey.com\/startsida\/wp-json\/wp\/v2\/product"}],"about":[{"href":"https:\/\/swetechockey.com\/startsida\/wp-json\/wp\/v2\/types\/product"}],"wp:featuredmedia":[{"embeddable":true,"href":"https:\/\/swetechockey.com\/startsida\/wp-json\/wp\/v2\/media\/21138"}],"wp:attachment":[{"href":"https:\/\/swetechockey.com\/startsida\/wp-json\/wp\/v2\/media?parent=18872"}],"wp:term":[{"taxonomy":"product_brand","embeddable":true,"href":"https:\/\/swetechockey.com\/startsida\/wp-json\/wp\/v2\/product_brand?post=18872"},{"taxonomy":"product_cat","embeddable":true,"href":"https:\/\/swetechockey.com\/startsida\/wp-json\/wp\/v2\/product_cat?post=18872"},{"taxonomy":"product_tag","embeddable":true,"href":"https:\/\/swetechockey.com\/startsida\/wp-json\/wp\/v2\/product_tag?post=18872"}],"curies":[{"name":"wp","href":"https:\/\/api.w.org\/{rel}","templated":true}]}}