{"id":15668,"date":"2021-10-12T18:18:48","date_gmt":"2021-10-12T16:18:48","guid":{"rendered":"http:\/\/swetechockey.com\/?post_type=product&#038;p=15668"},"modified":"2023-06-05T14:29:19","modified_gmt":"2023-06-05T12:29:19","slug":"swetec-hockeyblock","status":"publish","type":"product","link":"https:\/\/swetechockey.com\/startsida\/produkt\/swetec-hockeyblock\/","title":{"rendered":"Swetec Hockeyblock"},"content":{"rendered":"<p>Tr\u00e4ningsplaner i m\u00e5tten 10,5 x 17 cm. Smidiga att ha med sig och anv\u00e4nda i tr\u00e4ning samt planering.<\/p>\n<p>S\u00e4ljes i 1 st pkt med 5 st block med\u00a050 sidor i varje block.<br \/>\n75 kr frakt (gl\u00f6m inte l\u00e4gg in detta, annars skickas inte ordern)<\/p>\n","protected":false},"excerpt":{"rendered":"<p>Hockeyplaner f\u00f6r att anv\u00e4nda vid tr\u00e4ning. Smidig storlek med m\u00e5tten 10,5 x 17 cm. S\u00e4ljes i 1 st pkt med 5 st block med\u00a050 sidor i varje block.<\/p>\n","protected":false},"featured_media":15674,"template":"","meta":{"_price":"129","_stock":"","_tribe_ticket_header":"","_tribe_default_ticket_provider":"","_tribe_ticket_capacity":"0","_ticket_start_date":"","_ticket_end_date":"","_tribe_ticket_show_description":"","_tribe_ticket_show_not_going":false,"_tribe_ticket_use_global_stock":"","_tribe_ticket_global_stock_level":"","_global_stock_mode":"","_global_stock_cap":"","_tribe_rsvp_for_event":"","_tribe_ticket_going_count":"","_tribe_ticket_not_going_count":"","_tribe_tickets_list":"[]","_tribe_ticket_has_attendee_info_fields":false,"_tec_slr_enabled":"","_tec_slr_layout":""},"product_brand":[],"product_cat":[33],"product_tag":[],"class_list":{"0":"post-15668","1":"product","2":"type-product","3":"status-publish","4":"has-post-thumbnail","6":"product_cat-dvd","7":"product_shipping_class-frakt","8":"entry","9":"has-media","11":"first","12":"instock","13":"shipping-taxable","14":"purchasable","15":"product-type-simple"},"_links":{"self":[{"href":"https:\/\/swetechockey.com\/startsida\/wp-json\/wp\/v2\/product\/15668","targetHints":{"allow":["GET"]}}],"collection":[{"href":"https:\/\/swetechockey.com\/startsida\/wp-json\/wp\/v2\/product"}],"about":[{"href":"https:\/\/swetechockey.com\/startsida\/wp-json\/wp\/v2\/types\/product"}],"wp:featuredmedia":[{"embeddable":true,"href":"https:\/\/swetechockey.com\/startsida\/wp-json\/wp\/v2\/media\/15674"}],"wp:attachment":[{"href":"https:\/\/swetechockey.com\/startsida\/wp-json\/wp\/v2\/media?parent=15668"}],"wp:term":[{"taxonomy":"product_brand","embeddable":true,"href":"https:\/\/swetechockey.com\/startsida\/wp-json\/wp\/v2\/product_brand?post=15668"},{"taxonomy":"product_cat","embeddable":true,"href":"https:\/\/swetechockey.com\/startsida\/wp-json\/wp\/v2\/product_cat?post=15668"},{"taxonomy":"product_tag","embeddable":true,"href":"https:\/\/swetechockey.com\/startsida\/wp-json\/wp\/v2\/product_tag?post=15668"}],"curies":[{"name":"wp","href":"https:\/\/api.w.org\/{rel}","templated":true}]}}