{"id":15109,"date":"2021-06-22T00:59:06","date_gmt":"2021-06-21T22:59:06","guid":{"rendered":"http:\/\/swetechockey.com\/?post_type=product&#038;p=15109"},"modified":"2025-08-14T05:57:12","modified_gmt":"2025-08-14T03:57:12","slug":"traningskit-ccm-dryland","status":"publish","type":"product","link":"https:\/\/swetechockey.com\/startsida\/produkt\/traningskit-ccm-dryland\/","title":{"rendered":"CCM Dryland Kit SVART"},"content":{"rendered":"<p><strong>CCM Dryland Kit<\/strong>\u00a0\u00e4r det perfekta tr\u00e4ningspaketet f\u00f6r fyss\u00e4songen som inneh\u00e5ller en t-shirt, ett par shorts, ett par strumpor och en gympap\u00e5se.<\/p>\n<p><strong>Endast<\/strong> <span style=\"color: #ff0000;\"><strong>199:-<\/strong><\/span> + frakt 75 :- (v\u00e4lj i shopen)<\/p>\n<ul>\n<li>T-shirt: 89% polyester &amp; 11% spandex<\/li>\n<li>Shorts: 50% polyester, 38% bomull &amp; 12% rayon<\/li>\n<li>Strumpor: 80% bomull &amp; 20% nylon<\/li>\n<li>Gympap\u00e5se: 100% polyuretan<\/li>\n<\/ul>\n<p><span style=\"font-size: 13px;\"><strong>OBS!<\/strong> Gl\u00f6m inte k\u00f6pa frakt<\/span><\/p>\n","protected":false},"excerpt":{"rendered":"<p><strong>CCM Dryland Kit<\/strong>\u00a0\u00e4r det perfekta tr\u00e4ningspaketet f\u00f6r fyss\u00e4songen som inneh\u00e5ller en t-shirt, ett par shorts, ett par strumpor och en gympap\u00e5se.<\/p>\n","protected":false},"featured_media":21141,"template":"","meta":{"_price":"199","_stock":"6","_tribe_ticket_header":"","_tribe_default_ticket_provider":"","_tribe_ticket_capacity":"11","_ticket_start_date":"","_ticket_end_date":"","_tribe_ticket_show_description":"","_tribe_ticket_show_not_going":false,"_tribe_ticket_use_global_stock":"","_tribe_ticket_global_stock_level":"","_global_stock_mode":"","_global_stock_cap":"","_tribe_rsvp_for_event":"","_tribe_ticket_going_count":"","_tribe_ticket_not_going_count":"","_tribe_tickets_list":"[]","_tribe_ticket_has_attendee_info_fields":false,"_tec_slr_enabled":"","_tec_slr_layout":""},"product_brand":[],"product_cat":[30],"product_tag":[],"class_list":{"0":"post-15109","1":"product","2":"type-product","3":"status-publish","4":"has-post-thumbnail","6":"product_cat-okategoriserad","7":"product_shipping_class-frakt","8":"entry","9":"has-media","11":"first","12":"instock","13":"sale","14":"shipping-taxable","15":"purchasable","16":"product-type-variable"},"_links":{"self":[{"href":"https:\/\/swetechockey.com\/startsida\/wp-json\/wp\/v2\/product\/15109","targetHints":{"allow":["GET"]}}],"collection":[{"href":"https:\/\/swetechockey.com\/startsida\/wp-json\/wp\/v2\/product"}],"about":[{"href":"https:\/\/swetechockey.com\/startsida\/wp-json\/wp\/v2\/types\/product"}],"wp:featuredmedia":[{"embeddable":true,"href":"https:\/\/swetechockey.com\/startsida\/wp-json\/wp\/v2\/media\/21141"}],"wp:attachment":[{"href":"https:\/\/swetechockey.com\/startsida\/wp-json\/wp\/v2\/media?parent=15109"}],"wp:term":[{"taxonomy":"product_brand","embeddable":true,"href":"https:\/\/swetechockey.com\/startsida\/wp-json\/wp\/v2\/product_brand?post=15109"},{"taxonomy":"product_cat","embeddable":true,"href":"https:\/\/swetechockey.com\/startsida\/wp-json\/wp\/v2\/product_cat?post=15109"},{"taxonomy":"product_tag","embeddable":true,"href":"https:\/\/swetechockey.com\/startsida\/wp-json\/wp\/v2\/product_tag?post=15109"}],"curies":[{"name":"wp","href":"https:\/\/api.w.org\/{rel}","templated":true}]}}