{"id":4846,"date":"2017-10-06T22:28:19","date_gmt":"2017-10-06T20:28:19","guid":{"rendered":"http:\/\/swetechockey.com\/?page_id=4846"},"modified":"2025-11-05T20:33:18","modified_gmt":"2025-11-05T19:33:18","slug":"foreningar","status":"publish","type":"page","link":"https:\/\/swetechockey.com\/startsida\/utbildningar\/foreningar\/","title":{"rendered":"SWE Club Camp"},"content":{"rendered":"<div class=\"wpb-content-wrapper\">[vc_row][vc_column width=&#8221;2\/3&#8243;][vc_column_text css=&#8221;&#8221;]<span style=\"font-size: 21px;\"><strong><img loading=\"lazy\" decoding=\"async\" class=\"wp-image-23745 alignleft\" src=\"https:\/\/media.swetechockey.com\/2024\/09\/IMG_2730-150x150.png\" alt=\"\" width=\"178\" height=\"178\" srcset=\"https:\/\/media.swetechockey.com\/2024\/09\/IMG_2730-150x150.png 150w, https:\/\/media.swetechockey.com\/2024\/09\/IMG_2730-300x300.png 300w, https:\/\/media.swetechockey.com\/2024\/09\/IMG_2730-768x768.png 768w, https:\/\/media.swetechockey.com\/2024\/09\/IMG_2730-600x600.png 600w, https:\/\/media.swetechockey.com\/2024\/09\/IMG_2730-100x100.png 100w, https:\/\/media.swetechockey.com\/2024\/09\/IMG_2730.png 1000w\" sizes=\"auto, (max-width: 178px) 100vw, 178px\" \/><\/strong><\/span><\/p>\n<p>&nbsp;<\/p>\n<h3><span style=\"font-size: 24px;\"><strong>HOCKEYTR\u00c4NING F\u00d6R KLUBBAR<\/strong><\/span><\/h3>\n<p><span style=\"color: #000000; font-size: 16px;\">Vi erbjuder lag och f\u00f6reningar att utveckla spelarna med ett unikt koncept samt era \u00f6nskem\u00e5l. L\u00e5t oss leda era ispass eller camper, vi har unik erfarenhet och kunskap att ge spelarna ny energi och utveckling.\u00a0<\/span><\/p>\n<h3><span style=\"font-size: 18px;\"><strong><br \/>\nVI ERBJUDER:<\/strong><\/span><\/h3>\n<ul>\n<li><span style=\"font-size: 18px; color: #000000;\"><strong>ENSKILDA PASS<\/strong>, vi kommer k\u00f6r ett eller fler pass hos er.<\/span><\/li>\n<li><span style=\"font-size: 18px; color: #000000;\"><strong>LAGTR\u00c4NING<\/strong>, k\u00f6r ex ett pass i veckan med utveckling<\/span><\/li>\n<li><span style=\"font-size: 18px; color: #000000;\"><strong>MINI\/LOV CAMPER<\/strong>, v\u00e5rt team h\u00e5ller i ett helhets koncept i eran camp.<\/span><\/li>\n<\/ul>\n<p style=\"text-align: left;\"><span style=\"color: #000000; font-size: 16px;\"><strong>Vi l\u00e4r ut kunskaperna &#8211; HUR, N\u00c4R och VARF\u00d6R..\u00a0<\/strong><\/span><\/p>\n<h3><span style=\"color: #000000; font-size: 18px;\"><strong>VAD F\u00c5R KLUBBEN?<\/strong><\/span><\/h3>\n<ul>\n<li><span style=\"color: #000000;\">Proffsigt uppl\u00e4gg som st\u00e4rker verksamheten, god ekonomi samt n\u00f6jda spelare. \u00a0<\/span><\/li>\n<li class=\"font_8\"><span style=\"color: #000000;\">Tr\u00e4ningen f\u00f6ljer v\u00e5r &#8221;tr\u00e5d&#8221; som \u00f6vriga camper i Swetec med eleven i centrum.<\/span><\/li>\n<li class=\"font_8\"><span style=\"color: #000000;\">Vi ansvarar och expertis p\u00e5 varje moment i schemat.<\/span><\/li>\n<li><span style=\"color: #000000;\"><strong>Priset bygger p\u00e5<\/strong> &#8211; antal per\/elev samt antalet i teamet + resa, boende och mat<\/span><\/li>\n<\/ul>\n<p><strong><span style=\"color: #000000;\"><span style=\"font-size: 21px;\">INFO KONCEPTET &#8211; CLUB CAMP Pdf.fil<\/span><span style=\"font-size: 21px;\">\u00a0<\/span><\/span><\/strong><\/p>\n<p><span style=\"color: #000000;\"><strong>\u00a0\u00a0 \u00a0 <a href=\"https:\/\/media.swetechockey.com\/2023\/05\/SWETEC_CLUB_CAMPS_info_Svenska-1.pdf\"><img loading=\"lazy\" decoding=\"async\" class=\"alignnone wp-image-25468 size-thumbnail\" src=\"https:\/\/media.swetechockey.com\/2025\/08\/IMG_9384-150x150.jpeg\" alt=\"\" width=\"150\" height=\"150\" srcset=\"https:\/\/media.swetechockey.com\/2025\/08\/IMG_9384-150x150.jpeg 150w, https:\/\/media.swetechockey.com\/2025\/08\/IMG_9384-300x300.jpeg 300w, https:\/\/media.swetechockey.com\/2025\/08\/IMG_9384-100x100.jpeg 100w\" sizes=\"auto, (max-width: 150px) 100vw, 150px\" \/><\/a>\u00a0 \u00a0\u00a0<\/strong><\/span><img loading=\"lazy\" decoding=\"async\" class=\"alignnone wp-image-25473 size-thumbnail\" src=\"https:\/\/media.swetechockey.com\/2025\/08\/IMG_9386-150x150.jpeg\" alt=\"\" width=\"150\" height=\"150\" srcset=\"https:\/\/media.swetechockey.com\/2025\/08\/IMG_9386-150x150.jpeg 150w, https:\/\/media.swetechockey.com\/2025\/08\/IMG_9386-303x300.jpeg 303w, https:\/\/media.swetechockey.com\/2025\/08\/IMG_9386-1024x1015.jpeg 1024w, https:\/\/media.swetechockey.com\/2025\/08\/IMG_9386-768x762.jpeg 768w, https:\/\/media.swetechockey.com\/2025\/08\/IMG_9386-300x300.jpeg 300w, https:\/\/media.swetechockey.com\/2025\/08\/IMG_9386-600x595.jpeg 600w, https:\/\/media.swetechockey.com\/2025\/08\/IMG_9386-100x100.jpeg 100w, https:\/\/media.swetechockey.com\/2025\/08\/IMG_9386.jpeg 1080w\" sizes=\"auto, (max-width: 150px) 100vw, 150px\" \/>\u00a0 \u00a0<strong style=\"color: #000000;\">\u00a0<a href=\"http:\/\/media.swetechockey.com\/2023\/05\/SWETEC_CLUB_CAMPS_info_Danska.pdf\"><img loading=\"lazy\" decoding=\"async\" class=\"alignnone wp-image-25471 size-thumbnail\" src=\"https:\/\/media.swetechockey.com\/2025\/08\/IMG_9385-150x150.jpeg\" alt=\"\" width=\"150\" height=\"150\" srcset=\"https:\/\/media.swetechockey.com\/2025\/08\/IMG_9385-150x150.jpeg 150w, https:\/\/media.swetechockey.com\/2025\/08\/IMG_9385-300x300.jpeg 300w, https:\/\/media.swetechockey.com\/2025\/08\/IMG_9385-100x100.jpeg 100w\" sizes=\"auto, (max-width: 150px) 100vw, 150px\" \/><\/a><\/strong>[\/vc_column_text][vc_empty_space height=&#8221;22px&#8221;][vc_column_text css=&#8221;&#8221;]\n<p style=\"font-weight: 400;\"><strong>Referens<\/strong><strong>\u00a0<\/strong><span style=\"color: #000000;\"><strong>klubbar SENASTE 25 \u00e5ren:<\/strong><\/span><br \/>\n<span style=\"color: #000000;\">Jutul IL (Nor) Kristiansand IK (Nor), T\u00f6nsberg (Nor), Kongsvinger (Nor), Tyringe Hockey (Swe), Kung\u00e4lv IK (Swe), Rungsted (Dan), Herlev IK (Dan), R\u00f6dovre SK (Dan), Esbjern IK (Dan), Aalborg IK (Dan), KSF (Dan), Gentofte Stars (Dan), Storhamar (Nor), Kassel (Ger), Hannover (Ger), Zurich GCK Lions (Sui), EHC Biel (Sui), EHC St. Moritz (Sui), Thurgau (Sui). Holmen Hockey (NOR), Amare Jets (Dan), Frosta Hockey (SWE), HC Pr\u00e4ttigau (Sui)<\/span><\/p>\n[\/vc_column_text][\/vc_column][vc_column width=&#8221;1\/3&#8243;][vc_empty_space height=&#8221;22px&#8221;][vc_empty_space height=&#8221;22px&#8221;][vc_empty_space height=&#8221;22px&#8221;]<h3 class=\"vcex-heading vcex-heading-plain vcex-module wpex-heading wpex-text-2xl wpex-h3 vc_custom_1635948992256\"><span class=\"vcex-heading-inner wpex-inline-block\">Intresseanm\u00e4lan<\/span><\/h3>[vc_column_text css=&#8221;&#8221;]Vi \u00e5terkommer snarast m\u00f6jligt via mail,<br \/>\n<strong>Tack f\u00f6r f\u00f6rfr\u00e5gan.<\/strong>[\/vc_column_text][vc_empty_space height=&#8221;22px&#8221;]\n<div class=\"wpcf7 no-js\" id=\"wpcf7-f1358-o1\" lang=\"sv-SE\" dir=\"ltr\" data-wpcf7-id=\"1358\">\n<div class=\"screen-reader-response\"><p role=\"status\" aria-live=\"polite\" aria-atomic=\"true\"><\/p> <ul><\/ul><\/div>\n<form action=\"\/startsida\/wp-json\/wp\/v2\/pages\/4846#wpcf7-f1358-o1\" method=\"post\" class=\"wpcf7-form init\" aria-label=\"Kontaktformul\u00e4r\" novalidate=\"novalidate\" data-status=\"init\">\n<fieldset class=\"hidden-fields-container\"><input type=\"hidden\" name=\"_wpcf7\" value=\"1358\" \/><input type=\"hidden\" name=\"_wpcf7_version\" value=\"6.1.5\" \/><input type=\"hidden\" name=\"_wpcf7_locale\" value=\"sv_SE\" \/><input type=\"hidden\" name=\"_wpcf7_unit_tag\" value=\"wpcf7-f1358-o1\" \/><input type=\"hidden\" name=\"_wpcf7_container_post\" value=\"0\" \/><input type=\"hidden\" name=\"_wpcf7_posted_data_hash\" value=\"\" \/><input type=\"hidden\" name=\"_wpcf7_recaptcha_response\" value=\"\" \/>\n<\/fieldset>\n<p><span class=\"wpcf7-form-control-wrap\" data-name=\"text-114\"><input size=\"40\" maxlength=\"400\" class=\"wpcf7-form-control wpcf7-text\" aria-invalid=\"false\" placeholder=\"Klubb\" value=\"\" type=\"text\" name=\"text-114\" \/><\/span>\n<\/p>\n<p><span class=\"wpcf7-form-control-wrap\" data-name=\"your-name\"><input size=\"40\" maxlength=\"400\" class=\"wpcf7-form-control wpcf7-text wpcf7-validates-as-required\" aria-required=\"true\" aria-invalid=\"false\" placeholder=\"Namn\" value=\"\" type=\"text\" name=\"your-name\" \/><\/span>\n<\/p>\n<p><span class=\"wpcf7-form-control-wrap\" data-name=\"your-email\"><input size=\"40\" maxlength=\"400\" class=\"wpcf7-form-control wpcf7-email wpcf7-validates-as-required wpcf7-text wpcf7-validates-as-email\" aria-required=\"true\" aria-invalid=\"false\" placeholder=\"E-post\" value=\"\" type=\"email\" name=\"your-email\" \/><\/span>\n<\/p>\n<p><span class=\"wpcf7-form-control-wrap\" data-name=\"text-106\"><input size=\"40\" maxlength=\"400\" class=\"wpcf7-form-control wpcf7-text\" aria-invalid=\"false\" placeholder=\"Telefon\" value=\"\" type=\"text\" name=\"text-106\" \/><\/span>\n<\/p>\n<p><span class=\"wpcf7-form-control-wrap\" data-name=\"your-message\"><textarea cols=\"40\" rows=\"10\" maxlength=\"2000\" class=\"wpcf7-form-control wpcf7-textarea\" aria-invalid=\"false\" placeholder=\"Meddelande\" name=\"your-message\"><\/textarea><\/span>\n<\/p>\n\n<p><input class=\"wpcf7-form-control wpcf7-submit has-spinner\" type=\"submit\" value=\"Skicka\" \/>\n<\/p><p style=\"display: none !important;\" class=\"akismet-fields-container\" data-prefix=\"_wpcf7_ak_\"><label>&#916;<textarea name=\"_wpcf7_ak_hp_textarea\" cols=\"45\" rows=\"8\" maxlength=\"100\"><\/textarea><\/label><input type=\"hidden\" id=\"ak_js_1\" name=\"_wpcf7_ak_js\" value=\"187\"\/><script>document.getElementById( \"ak_js_1\" ).setAttribute( \"value\", ( new Date() ).getTime() );<\/script><\/p><div class=\"wpcf7-response-output\" aria-hidden=\"true\"><\/div>\n<\/form>\n<\/div>\n[\/vc_column][\/vc_row]\n<\/div>","protected":false},"excerpt":{"rendered":"<p>[vc_row][vc_column width=&#8221;2\/3&#8243;][vc_column_text css=&#8221;&#8221;] &nbsp; HOCKEYTR\u00c4NING F\u00d6R KLUBBAR Vi erbjuder lag och f\u00f6reningar att utveckla spelarna med ett unikt koncept samt era \u00f6nskem\u00e5l. L\u00e5t oss leda era ispass eller camper, vi&hellip;<\/p>\n","protected":false},"author":1,"featured_media":0,"parent":16205,"menu_order":0,"comment_status":"closed","ping_status":"closed","template":"","meta":{"_price":"","_stock":"","_tribe_ticket_header":"","_tribe_default_ticket_provider":"","_tribe_ticket_capacity":"0","_ticket_start_date":"","_ticket_end_date":"","_tribe_ticket_show_description":"","_tribe_ticket_show_not_going":false,"_tribe_ticket_use_global_stock":"","_tribe_ticket_global_stock_level":"","_global_stock_mode":"","_global_stock_cap":"","_tribe_rsvp_for_event":"","_tribe_ticket_going_count":"","_tribe_ticket_not_going_count":"","_tribe_tickets_list":"[]","_tribe_ticket_has_attendee_info_fields":false,"footnotes":""},"class_list":["post-4846","page","type-page","status-publish","hentry","entry","no-media"],"_links":{"self":[{"href":"https:\/\/swetechockey.com\/startsida\/wp-json\/wp\/v2\/pages\/4846","targetHints":{"allow":["GET"]}}],"collection":[{"href":"https:\/\/swetechockey.com\/startsida\/wp-json\/wp\/v2\/pages"}],"about":[{"href":"https:\/\/swetechockey.com\/startsida\/wp-json\/wp\/v2\/types\/page"}],"author":[{"embeddable":true,"href":"https:\/\/swetechockey.com\/startsida\/wp-json\/wp\/v2\/users\/1"}],"replies":[{"embeddable":true,"href":"https:\/\/swetechockey.com\/startsida\/wp-json\/wp\/v2\/comments?post=4846"}],"version-history":[{"count":106,"href":"https:\/\/swetechockey.com\/startsida\/wp-json\/wp\/v2\/pages\/4846\/revisions"}],"predecessor-version":[{"id":25627,"href":"https:\/\/swetechockey.com\/startsida\/wp-json\/wp\/v2\/pages\/4846\/revisions\/25627"}],"up":[{"embeddable":true,"href":"https:\/\/swetechockey.com\/startsida\/wp-json\/wp\/v2\/pages\/16205"}],"wp:attachment":[{"href":"https:\/\/swetechockey.com\/startsida\/wp-json\/wp\/v2\/media?parent=4846"}],"curies":[{"name":"wp","href":"https:\/\/api.w.org\/{rel}","templated":true}]}}