{"id":3808,"date":"2017-09-25T20:54:34","date_gmt":"2017-09-25T18:54:34","guid":{"rendered":"http:\/\/swetechockey.com\/?page_id=3808"},"modified":"2020-03-10T14:28:27","modified_gmt":"2020-03-10T13:28:27","slug":"fysacademy","status":"publish","type":"page","link":"https:\/\/swetechockey.com\/startsida\/utbildningar\/summer-challenge-swe\/fysacademy\/","title":{"rendered":"Sommar Xfit"},"content":{"rendered":"<div class=\"wpb-content-wrapper\">[vc_row column_spacing=&#8221;60&#8243;][vc_column width=&#8221;2\/3&#8243;][vc_single_image image=&#8221;4594&#8243; alignment=&#8221;center&#8221; css=&#8221;.vc_custom_1506798411901{margin-bottom: 30px !important;}&#8221;][vc_column_text]<span style=\"font-size: 24px;\"><strong><span style=\"color: #000000;\">FYSTR\u00c4NING F\u00d6R ISHOCKEY 2020<\/span><br \/>\n<\/strong><\/span><span style=\"font-size: 18px;\"><strong><span style=\"color: #000000;\">D\u00e4rf\u00f6r b\u00f6r du som hockey tr\u00e4na grenspecifik fystr\u00e4ning<\/span><\/strong><\/span><\/p>\n<h4><span style=\"color: #000000;\"><strong>\u00d6kad prestationsf\u00f6rm\u00e5gan<\/strong><\/span><\/h4>\n<p><span style=\"color: #000000;\">Det \u00e4r under sommaren som du kan bygga b\u00e5de styrka och explosivitet. Det kommer visa sig p\u00e5 isen i och med snabbare skridsko\u00e5kning, h\u00e5rdare skott och b\u00e4ttre stabilitet i alla l\u00e4gen.<\/span><\/p>\n<h4><span style=\"color: #000000;\"><strong>\u00d6kad kondition<\/strong><\/span><\/h4>\n<p><span style=\"color: #000000;\">L\u00e4gger du upp din konditionstr\u00e4ning r\u00e4tt under sommarhalv\u00e5ret kommer du orka med mer grenspecifik tr\u00e4ning n\u00e4r s\u00e4songen b\u00f6rjar, du kommer orka spela mer matcher och \u00e4ven \u00e5terh\u00e4mta dig b\u00e4ttre mellan byten och perioder.<\/span><\/p>\n<h4><span style=\"color: #000000;\"><strong>Minskad skaderisk<\/strong><\/span><\/h4>\n<p><span style=\"color: #000000;\">Under sommaren har du tid att l\u00e4gga p\u00e5 stabilitetstr\u00e4ning, r\u00f6rlighetstr\u00e4ning och grundl\u00e4ggande styrketr\u00e4ning. Det skall du g\u00f6ra f\u00f6r att din kropp ska klara av de p\u00e5frestningar som din idrott st\u00e4ller, b\u00e5de p\u00e5 kort och l\u00e5ng sikt.<\/span><\/p>\n<h4><span style=\"color: #000000;\">Individanpassad och grenspecifik fystr\u00e4ning \u2013 p\u00e5 riktigt<\/span><\/h4>\n<p><span style=\"color: #000000;\">P\u00e5 SWETEC Performance Center hj\u00e4lper vi dig med fystester, r\u00f6rlighetsscreening, uppl\u00e4gg av tr\u00e4ningsprogram samt tr\u00e4ningspass. Oavsett om du \u00e4r ungdom, junior eller elit har du mycket att vinna med professionell och individanpassad hj\u00e4lp.<\/span><\/p>\n<h4><span style=\"color: #000000;\">H\u00f6g kvalitet tack vare sm\u00e5 grupper<\/span><\/h4>\n<p><span style=\"color: #000000;\">Vi tr\u00e4nar er individuellt eller i grupper med 4-6 personer. Vi fokuserar p\u00e5 att h\u00e5lla grupperna sm\u00e5 av en enda anledning, detaljerna! Det handlar inte om ATT du g\u00f6r vissa \u00f6vningar, utan HUR du g\u00f6r vissa \u00f6vningar. Med mindre grupper kan vi garantera kvalit\u00e9, effektivitet och precision.<\/span><\/p>\n<h4><span style=\"color: #000000;\">S\u00e5 g\u00e5r den grenspecifika fystr\u00e4ningen till hos SWETEC.<\/span><\/h4>\n<p><span style=\"color: #000000;\">Vi genomf\u00f6r ett antal tester f\u00f6r en fysprofil. Vi tittar p\u00e5 snabbhet, explosivitet, r\u00f6rlighet och kontroll p\u00e5 kroppen.\u00a0Utifr\u00e5n resultaten av testerna l\u00e4gger vi upp ett tr\u00e4ningsprogram d\u00e4r vi kombinerar instrukt\u00f6rs ledda pass hos oss samt pass p\u00e5 egen hand via v\u00e5r app med chatt m\u00f6jligheter ocks\u00e5.\u00a0I slutet av tr\u00e4ningsperioden g\u00f6r vi om samma tester f\u00f6r att se hur utvecklingen har sett ut samt f\u00f6r att ge tr\u00e4ningsr\u00e5d till kommande s\u00e4song.<\/span>[\/vc_column_text][\/vc_column][vc_column width=&#8221;1\/3&#8243;][vc_toggle title=&#8221;Fakta&#8221; style=&#8221;simple&#8221; color=&#8221;white&#8221; el_id=&#8221;1506503555328-96bdc02a-01bd&#8221; css=&#8221;.vc_custom_1583843374642{margin-bottom: 20px !important;}&#8221;]\n<ul>\n<li>Preseason XfitFys, 5 tillf\u00e4lle (1 d april, 2 d maj, 1 d juni, 1 d juli, 2 d aug) fysl\u00e4ger.<\/li>\n<li>Ing\u00e5r; fystester, teori, fystr\u00e4ning, antropometri (vikt, l\u00e4ngd, BMI, fett\/muskel %) med uppf\u00f6ljning, mellis och lunch.<\/li>\n<li>3 dags iscamp i maj\/juni.<\/li>\n<li>Tillg\u00e5ng till tr\u00e4ningsapp XPS<\/li>\n<li>Spelaren 10% rabatt p\u00e5 \u00f6vriga camper (ej sommarcampen)<\/li>\n<\/ul>\n[\/vc_toggle][vc_toggle title=&#8221;Uppl\u00e4gg&#8221; style=&#8221;simple&#8221; color=&#8221;white&#8221; el_id=&#8221;1506503602233-049dd604-bbde&#8221; css=&#8221;.vc_custom_1583843386728{margin-bottom: 20px !important;}&#8221;]<strong>SCHEMA &#8211; dag 1<br \/>\n<\/strong>09.00 Start<br \/>\n09.05-09.45 Genomg\u00e5ng<br \/>\n09.45-10.00 \u00a0Frukt<br \/>\n10.00-12.00 Fystester<br \/>\n12.00-13.00 Lunch<br \/>\n13.00-13.30 R\u00f6rlighet<br \/>\n13.30-14.30 Fyspass<br \/>\n15.00 Avslutning<\/p>\n<p><strong>SCHEMA &#8211; dag 2<br \/>\n<\/strong>09.00 Start<br \/>\n09.05-09.45 Genomg\u00e5ng<br \/>\n09.45-10.00 \u00a0Frukt<br \/>\n10.00-12.00 Fystester<br \/>\n12.00-13.00 Lunch<br \/>\n13.00-13.30 R\u00f6rlighet<br \/>\n13.30-14.30 Fyspass<br \/>\n15.00 Avslutning<\/p>\n<p><strong>Information inf\u00f6r CAMPEN\u00a0och schema<br \/>\n<\/strong>Mer information kommer en vecka innan start.[\/vc_toggle][vc_toggle title=&#8221;Ledare&#8221; style=&#8221;simple&#8221; color=&#8221;white&#8221; el_id=&#8221;1506503769107-4a74100c-7062&#8243; css=&#8221;.vc_custom_1533662842186{margin-bottom: 20px !important;}&#8221;]<strong><img loading=\"lazy\" decoding=\"async\" class=\"wp-image-4720 alignleft\" src=\"http:\/\/media.swetechockey.com\/2017\/09\/ledare_dag.png\" alt=\"\" width=\"91\" height=\"117\" \/>Fyscoach:<\/strong><br \/>\nDag \u201dDagge\u201d Wenstr\u00f6m.<br \/>\n20 \u00e5rs erfarenhet av utveckling p\u00e5 elit och ungdom, 3D fystr\u00e4nare p\u00e5 Swetec Gym<\/p>\n<p><strong>Kontakt:<\/strong>dagge@swetechockey.com<\/p>\n<p>&nbsp;<\/p>\n<p><img loading=\"lazy\" decoding=\"async\" class=\"wp-image-7816 alignleft\" src=\"http:\/\/media.swetechockey.com\/2018\/07\/ledare_mikaell.png\" alt=\"\" width=\"93\" height=\"118\" \/><\/p>\n<p><strong>Instrukt\u00f6r:<\/strong>\u00a0\u00a0<strong>Mikael Lundblad<\/strong><br \/>\nOtrolig kunnig och duktig instrukt\u00f6r som g\u00f6r sin f\u00f6rsta s\u00e4song i SWETEC.[\/vc_toggle]<style>.vcex-button.vcex_69ed7dcde75cb{border-radius:0px;width:100%;padding-block:10px;padding-inline:20px;font-size:17px;font-family:'Exo 2';font-weight:700;text-transform:uppercase;}.vcex-button.vcex_69ed7dcde75cb .theme-button-icon-left{padding-inline-end:15px;}<\/style><a href=\"http:\/\/www.swetechockey.com\/bokningsregler\" class=\"vcex-button theme-button flat inline  wpb_animate_when_almost_visible wpb_fadeInDown fadeInDown wpex-flex-shrink-0 vcex_69ed7dcde75cb\" target=\"_blank\" rel=\"noopener noreferrer\"><span class=\"vcex-button-inner theme-button-inner wpex-flex wpex-flex-wrap wpex-items-center wpex-justify-center\"><span class=\"vcex-button-icon vcex-icon-wrap theme-button-icon-left\"><span class=\"wpex-icon\" aria-hidden=\"true\"><svg xmlns=\"http:\/\/www.w3.org\/2000\/svg\" viewBox=\"0 0 64 512\"><path d=\"M64 64c0-17.7-14.3-32-32-32S0 46.3 0 64V320c0 17.7 14.3 32 32 32s32-14.3 32-32V64zM32 480a40 40 0 1 0 0-80 40 40 0 1 0 0 80z\"\/><\/svg><\/span><\/span>Bokningsregler<\/span><\/a> [vc_column_text font_family=&#8221;Exo 2&#8243; color=&#8221;#c1c1c1&#8243; font_size=&#8221;11px&#8221; line_height=&#8221;11px&#8221; font_weight=&#8221;600&#8243; css=&#8221;.vc_custom_1506532081675{margin-top: 40px !important;}&#8221;]ANNONS:[\/vc_column_text][vc_single_image image=&#8221;4113&#8243; alignment=&#8221;center&#8221; onclick=&#8221;custom_link&#8221; img_link_target=&#8221;_blank&#8221; css=&#8221;.vc_custom_1506505189139{margin-top: 4px !important;margin-bottom: 30px !important;}&#8221; link=&#8221;http:\/\/www.ccmhockey.com&#8221;][\/vc_column][\/vc_row][vc_row][vc_column width=&#8221;1\/2&#8243;][vc_column_text]\n<div class=\"vc_row wpb_row vc_row-fluid wpb_animate_when_almost_visible wpb_bottom-to-top bottom-to-top wpb_start_animation animated\">\n<div class=\"wpb_column vc_column_container vc_col-sm-12\">\n<div class=\"vc_column-inner\">\n<div class=\"wpb_wrapper\">\n<div class=\"wpb_text_column wpb_content_element \">\n<div class=\"wpb_wrapper\">\n<blockquote><p>&nbsp;<\/p>\n<p><em>&#8221;Grymt bra tr\u00e4ning som \u00e4r individanpassat och grymt jobbigt (p\u00e5 ett bra s\u00e4tt). Bra, kunnig tr\u00e4nare som g\u00f6r det lite roligare att tr\u00e4na! Kan starkt rekommendera honom!&#8221;\u00a0<\/em><\/p>\n<p><em><strong><span style=\"color: #000000;\">Scott Persson,<\/span> <a href=\"https:\/\/www.eliteprospects.com\/team\/2110\/niagara-univ.\/2019-2020?tab=stats\">\u00a0Niagara Univ.\u00a0<\/a><\/strong><\/em><\/p><\/blockquote>\n<\/div>\n<\/div>\n<\/div>\n<\/div>\n<\/div>\n<\/div>\n[\/vc_column_text][\/vc_column][vc_column width=&#8221;1\/2&#8243;][vc_single_image image=&#8221;11534&#8243; img_size=&#8221;medium&#8221;][\/vc_column][\/vc_row]\n<\/div>","protected":false},"excerpt":{"rendered":"<p>[vc_row column_spacing=&#8221;60&#8243;][vc_column width=&#8221;2\/3&#8243;][vc_single_image image=&#8221;4594&#8243; alignment=&#8221;center&#8221; css=&#8221;.vc_custom_1506798411901{margin-bottom: 30px !important;}&#8221;][vc_column_text]FYSTR\u00c4NING F\u00d6R ISHOCKEY 2020 D\u00e4rf\u00f6r b\u00f6r du som hockey tr\u00e4na grenspecifik fystr\u00e4ning \u00d6kad prestationsf\u00f6rm\u00e5gan Det \u00e4r under sommaren som du kan bygga b\u00e5de&hellip;<\/p>\n","protected":false},"author":1,"featured_media":0,"parent":1301,"menu_order":0,"comment_status":"closed","ping_status":"closed","template":"","meta":{"_price":"","_stock":"","_tribe_ticket_header":"","_tribe_default_ticket_provider":"","_tribe_ticket_capacity":"0","_ticket_start_date":"","_ticket_end_date":"","_tribe_ticket_show_description":"","_tribe_ticket_show_not_going":false,"_tribe_ticket_use_global_stock":"","_tribe_ticket_global_stock_level":"","_global_stock_mode":"","_global_stock_cap":"","_tribe_rsvp_for_event":"","_tribe_ticket_going_count":"","_tribe_ticket_not_going_count":"","_tribe_tickets_list":"[]","_tribe_ticket_has_attendee_info_fields":false,"footnotes":""},"class_list":["post-3808","page","type-page","status-publish","hentry","entry","no-media"],"_links":{"self":[{"href":"https:\/\/swetechockey.com\/startsida\/wp-json\/wp\/v2\/pages\/3808","targetHints":{"allow":["GET"]}}],"collection":[{"href":"https:\/\/swetechockey.com\/startsida\/wp-json\/wp\/v2\/pages"}],"about":[{"href":"https:\/\/swetechockey.com\/startsida\/wp-json\/wp\/v2\/types\/page"}],"author":[{"embeddable":true,"href":"https:\/\/swetechockey.com\/startsida\/wp-json\/wp\/v2\/users\/1"}],"replies":[{"embeddable":true,"href":"https:\/\/swetechockey.com\/startsida\/wp-json\/wp\/v2\/comments?post=3808"}],"version-history":[{"count":38,"href":"https:\/\/swetechockey.com\/startsida\/wp-json\/wp\/v2\/pages\/3808\/revisions"}],"predecessor-version":[{"id":11553,"href":"https:\/\/swetechockey.com\/startsida\/wp-json\/wp\/v2\/pages\/3808\/revisions\/11553"}],"up":[{"embeddable":true,"href":"https:\/\/swetechockey.com\/startsida\/wp-json\/wp\/v2\/pages\/1301"}],"wp:attachment":[{"href":"https:\/\/swetechockey.com\/startsida\/wp-json\/wp\/v2\/media?parent=3808"}],"curies":[{"name":"wp","href":"https:\/\/api.w.org\/{rel}","templated":true}]}}