{"id":3806,"date":"2017-09-25T20:54:12","date_gmt":"2017-09-25T18:54:12","guid":{"rendered":"http:\/\/swetechockey.com\/?page_id=3806"},"modified":"2021-01-17T00:14:34","modified_gmt":"2021-01-16T23:14:34","slug":"mentorskap","status":"publish","type":"page","link":"https:\/\/swetechockey.com\/startsida\/utbildningar\/summer-challenge-swe\/mentorskap\/","title":{"rendered":"Swetec Mentorskap"},"content":{"rendered":"<div class=\"wpb-content-wrapper\">[vc_row column_spacing=&#8221;60&#8243;][vc_column width=&#8221;2\/3&#8243;][vc_single_image image=&#8221;12843&#8243; alignment=&#8221;center&#8221; css=&#8221;.vc_custom_1608410747520{margin-bottom: 30px !important;}&#8221;][vc_column_text]<span style=\"font-size: 18px;\"><strong>En v\u00e4gledning f\u00f6r att n\u00e5 dina DR\u00d6MMAR!<br \/>\n<\/strong><\/span>Ett MENTORSKAP skapar din egen utveckling och inte n\u00e5gon annans. Med en erfaren och kunnig COACH \u00e4r v\u00e4gen till framg\u00e5ng inte om\u00f6jlig. Alla har chansen och du g\u00e5r din egen v\u00e4g och det \u00e4r bara upp till dig om du vill bli b\u00e4st.<\/p>\n<p><span style=\"font-size: 21px; color: #ffcc00;\"><strong>MENTORSKAP INNEH\u00c5LL:<\/strong><\/span><\/p>\n<p><strong><img loading=\"lazy\" decoding=\"async\" class=\"size-full wp-image-8056 alignleft\" src=\"http:\/\/media.swetechockey.com\/2018\/08\/skridskoikon-e1533231840344.jpg\" alt=\"\" width=\"54\" height=\"54\" \/>ISPASSEN<br \/>\n<\/strong>1 g\u00e5ng\/m\u00e5naden fr\u00e5n september &#8211; mars erbjuds ett ispass p\u00e5 S\u00d6NDAGAR mellan 09.00 &#8211; 11.00. Inriktning SWETEC SKATING 60 min, SKILLS KOMBI 60 min.<\/p>\n<p><img loading=\"lazy\" decoding=\"async\" class=\"size-full wp-image-8058 alignleft\" src=\"http:\/\/media.swetechockey.com\/2018\/08\/sko-e1533231596731.jpg\" alt=\"\" width=\"54\" height=\"54\" \/><strong>FYSPROGRAMMERING<br \/>\n<span style=\"color: #000000;\">Fystester<\/span>\u00a0<\/strong>(vikt\/sp\u00e4nst\/snabbhet) och <b class=\"\"><span class=\"\" lang=\"EN\"><span class=\"\" style=\"color: #096c8e;\"><span style=\"color: #000000;\">TE3 Movement Quality Analysis<\/span>\u00a0<\/span><\/span><\/b>f\u00f6r programmering f\u00f6r ishockey. Program via en app samt 1 fyspass i m\u00e5naden p\u00e5\u00a0SWETEC\u00b4s anl\u00e4ggning i Kristianstad. F\u00f6rs\u00e4song april &#8211; augusti med 1 fyspass\/m\u00e5n p\u00e5 Swetec.<\/p>\n<p><strong><img loading=\"lazy\" decoding=\"async\" class=\"wp-image-8060 alignleft\" src=\"http:\/\/media.swetechockey.com\/2018\/08\/ledare-e1533232792888.jpg\" alt=\"\" width=\"54\" height=\"54\" \/>CHATT<br \/>\n<\/strong>Via Google Meet h\u00e5lls varje m\u00e5nad en genomg\u00e5ng och pepptalk.<\/p>\n<p><a href=\"http:\/\/media.swetechockey.com\/2018\/08\/fullsizeoutput_2ef5.jpeg\">\u00a0\u00a0<\/a><a href=\"http:\/\/media.swetechockey.com\/2018\/08\/IMG_3590.jpg\"><img loading=\"lazy\" decoding=\"async\" class=\"alignnone wp-image-8088\" src=\"http:\/\/media.swetechockey.com\/2018\/08\/IMG_3590.jpg\" alt=\"\" width=\"242\" height=\"141\" srcset=\"https:\/\/media.swetechockey.com\/2018\/08\/IMG_3590.jpg 1125w, https:\/\/media.swetechockey.com\/2018\/08\/IMG_3590-600x350.jpg 600w, https:\/\/media.swetechockey.com\/2018\/08\/IMG_3590-400x233.jpg 400w, https:\/\/media.swetechockey.com\/2018\/08\/IMG_3590-768x448.jpg 768w, https:\/\/media.swetechockey.com\/2018\/08\/IMG_3590-1024x597.jpg 1024w\" sizes=\"auto, (max-width: 242px) 100vw, 242px\" \/><\/a><a href=\"http:\/\/media.swetechockey.com\/2018\/08\/fullsizeoutput_2ef5.jpeg\">\u00a0 \u00a0\u00a0<img loading=\"lazy\" decoding=\"async\" class=\"alignnone wp-image-8094\" src=\"http:\/\/media.swetechockey.com\/2018\/08\/fullsizeoutput_2ef5.jpeg\" alt=\"\" width=\"178\" height=\"130\" srcset=\"https:\/\/media.swetechockey.com\/2018\/08\/fullsizeoutput_2ef5.jpeg 2048w, https:\/\/media.swetechockey.com\/2018\/08\/fullsizeoutput_2ef5-600x439.jpeg 600w, https:\/\/media.swetechockey.com\/2018\/08\/fullsizeoutput_2ef5-400x292.jpeg 400w, https:\/\/media.swetechockey.com\/2018\/08\/fullsizeoutput_2ef5-768x561.jpeg 768w, https:\/\/media.swetechockey.com\/2018\/08\/fullsizeoutput_2ef5-1024x749.jpeg 1024w\" sizes=\"auto, (max-width: 178px) 100vw, 178px\" \/>\u00a0\u00a0\u00a0\u00a0<img loading=\"lazy\" decoding=\"async\" class=\"alignnone wp-image-12831\" src=\"http:\/\/media.swetechockey.com\/2020\/12\/target.jpg\" alt=\"\" width=\"235\" height=\"132\" srcset=\"https:\/\/media.swetechockey.com\/2020\/12\/target.jpg 900w, https:\/\/media.swetechockey.com\/2020\/12\/target-600x337.jpg 600w, https:\/\/media.swetechockey.com\/2020\/12\/target-400x225.jpg 400w, https:\/\/media.swetechockey.com\/2020\/12\/target-768x432.jpg 768w\" sizes=\"auto, (max-width: 235px) 100vw, 235px\" \/><\/a><\/p>\n<p><span style=\"font-size: 21px; color: #ff0000;\"><strong>F\u00d6R ENDAST: 1650:- i m\u00e5naden ing\u00e5r allt ovan.<\/strong><\/span><\/p>\n<p><strong>Fr\u00e5gor kontakta:<\/strong><br \/>\nMentor Dag Wenstr\u00f6m[\/vc_column_text][vc_column_text css=&#8221;.vc_custom_1506890974214{margin-top: 30px !important;padding-top: 20px !important;padding-right: 20px !important;padding-bottom: 20px !important;padding-left: 20px !important;background-color: #fce9e9 !important;}&#8221; color=&#8221;#dd3333&#8243;]<strong>BOKNING FYS &#8211; Swetecgym<\/strong><\/p>\n<p>Du trycker p\u00e5 l\u00e4nken, scrollar schemat till s\u00f6ndagen trycker p\u00e5 MT tr\u00e4ning. Loggar in med email, l\u00f6senord sex f\u00f6rst siffrorna i personnr. ex 091011.[\/vc_column_text][\/vc_column][vc_column width=&#8221;1\/3&#8243;][vc_toggle title=&#8221;Fakta&#8221; style=&#8221;simple&#8221; color=&#8221;white&#8221; el_id=&#8221;1506503555328-96bdc02a-01bd&#8221; css=&#8221;.vc_custom_1551556547164{margin-bottom: 20px !important;}&#8221;]<strong>FULL MEDLEMSKAP\u00a0<\/strong><\/p>\n<ul>\n<li>Avtalet \u00e4r 12 m\u00e5n eller 6 m\u00e5n.<\/li>\n<li>Ispass i H\u00e4ssleholm (jan-mars, juni, sep-dec). Bokas minst 5 dagar innan.<\/li>\n<li>3D Hockeyfunktion tr\u00e4ning via XPS Trainer via appen.<\/li>\n<li>Fys Academy, 2 dagar (l\u00f6r\/s\u00f6n) x 5 tillf\u00e4lle (2 d april, 2 d maj, 2 d juni, 2 d juli, 2 d aug) fysl\u00e4ger.<\/li>\n<li>Fys Academy ing\u00e5r; fystester, antropometri (vikt, l\u00e4ngd, BMI, fett\/muskel %) med uppf\u00f6ljning, mellis och lunch.<\/li>\n<li>1 dags iscamp i maj\/juni.<\/li>\n<li>Tr\u00e4nings underst\u00e4ll f\u00f6r Is\/fystr\u00e4ning fr\u00e5n CCM.<\/li>\n<li>Spelaren 10% rabatt p\u00e5 \u00f6vriga camper (ej sommarcampen)<\/li>\n<li>Erbjudande, k\u00f6pa rabatterade CCM artiklar\/utrustning.<\/li>\n<\/ul>\n<p><strong>Pris:<\/strong><br \/>\n12 m\u00e5n avtal \u2013 <strong>1650 kr<\/strong>\/m\u00e5n autogiro<br \/>\n6 m\u00e5n avtal: <strong>1950 kr<\/strong>\/m\u00e5n autogiro<\/p>\n<p><strong>DISTANS MEDLEMSKAP<\/strong><\/p>\n<ul>\n<li>Avtalet \u00e4r 12 m\u00e5n.<\/li>\n<li>Hockey programmering Off-ice k\u00f6ra hemma<\/li>\n<li>PTH-Online med XPS Trainer.<\/li>\n<li>1 dags iscamp i maj\/juni<\/li>\n<li>Spelaren 10% rabatt p\u00e5 \u00f6vriga camper (ej sommarcampen)<\/li>\n<\/ul>\n<p><strong>Pris:<\/strong><br \/>\n12 m\u00e5n avtal \u2013 <strong>950 kr<\/strong>\/m\u00e5n autogiro[\/vc_toggle][vc_toggle title=&#8221;Uppl\u00e4gg&#8221; style=&#8221;simple&#8221; color=&#8221;white&#8221; el_id=&#8221;1506503602233-049dd604-bbde&#8221; css=&#8221;.vc_custom_1551556570906{margin-bottom: 20px !important;}&#8221;]<strong>ISPASS<\/strong>\u00a0<strong>\u00d6STER\u00c5S\/H\u00c4SSLEHOLM<\/strong><br \/>\n<strong>S\u00f6ndag 09.00-11.00<\/strong><\/p>\n<p>08.30 Samling<br \/>\n09.00 \u2013 10.00 ISSKILLS i Small Hockey (Skate)<br \/>\n10.00 \u2013 10.05 Spelarnaeget mellis\/Frukt<br \/>\n10.00 \u2013 11.00 ISSKILLS I Big Hockey (Skills)<\/p>\n<p>Bokar tiderna via bokningen f\u00f6r ishockey.<\/p>\n<p><strong>FYSPASSEN &#8211; KRISTIANSTAD\/\u00d6LLSJ\u00d6<\/strong><br \/>\n<strong>S\u00f6ndag 13.30-14.45<\/strong><\/p>\n<p>13.15 \u00d6ppnad\u00f6rren<br \/>\n13.20\u2013 13.30 Inv\u00e4gningmedappen(My Tanita)<br \/>\n13.30 &#8211; 13.35 Samling\/Genomg\u00e5ng<br \/>\n13.35 \u2013 13.50 Uppv\u00e4rmning<br \/>\n13.50\u2013 14.00 Sp\u00e4nstTest<br \/>\n14.00 \u2013 14.30 SpelarFys<br \/>\n14.30\u2013 14.40 R\u00f6rlighet.<br \/>\n14.45 Dusch<\/p>\n<p>Man bokar p\u00e5 www.swetecgym.se hemsida. Kolla schemat.[\/vc_toggle][vc_toggle title=&#8221;Ledare&#8221; style=&#8221;simple&#8221; color=&#8221;white&#8221; el_id=&#8221;1506503769107-4a74100c-7062&#8243; css=&#8221;.vc_custom_1533662722714{margin-bottom: 20px !important;}&#8221;]<strong><img loading=\"lazy\" decoding=\"async\" class=\"wp-image-4720 alignleft\" src=\"http:\/\/media.swetechockey.com\/2017\/09\/ledare_dag.png\" alt=\"\" width=\"103\" height=\"132\" \/>Huvudinstrukt\u00f6r:<\/strong><br \/>\nDag \u201dDagge\u201d Wenstr\u00f6m.<br \/>\n20 \u00e5rs erfarenhet av utveckling p\u00e5 elit och ungdom, 3D fystr\u00e4nare p\u00e5 Swetec Gym<\/p>\n<p><strong>Kontakt:<\/strong>dagge@swetechockey.com[\/vc_toggle]<style>.vcex-button.vcex_69e51845dd172{border-radius:0px;width:100%;padding-block:10px;padding-inline:20px;font-size:17px;font-family:'Exo 2';font-weight:700;text-transform:uppercase;}.vcex-button.vcex_69e51845dd172 .theme-button-icon-left{padding-inline-end:15px;}<\/style><div class=\"vc_custom_1507537888103  wpb_animate_when_almost_visible wpb_fadeInDown fadeInDown wpex-clr\"><a href=\"http:\/\/www.swetechockey.com\/bokningsregler\" class=\"vcex-button theme-button flat inline wpex-flex-shrink-0 vcex_69e51845dd172\" target=\"_blank\" rel=\"noopener noreferrer\"><span class=\"vcex-button-inner theme-button-inner wpex-flex wpex-flex-wrap wpex-items-center wpex-justify-center\"><span class=\"vcex-button-icon vcex-icon-wrap theme-button-icon-left\"><span class=\"wpex-icon\" aria-hidden=\"true\"><svg xmlns=\"http:\/\/www.w3.org\/2000\/svg\" viewBox=\"0 0 64 512\"><path d=\"M64 64c0-17.7-14.3-32-32-32S0 46.3 0 64V320c0 17.7 14.3 32 32 32s32-14.3 32-32V64zM32 480a40 40 0 1 0 0-80 40 40 0 1 0 0 80z\"\/><\/svg><\/span><\/span>Bokningsregler<\/span><\/a><\/div> <style>.vcex-button.vcex_69e51845ddee3{border-radius:0px;background:#222222;color:#fdc43e!important;width:100%;padding-inline-end:20px;padding-inline-start:16px;padding-block:10px;font-size:17px;font-family:'Exo 2';font-weight:600;text-transform:uppercase;}.vcex-button.vcex_69e51845ddee3:hover{background:#222222!important;color:#fdc43e!important;}.vcex-button.vcex_69e51845ddee3 .theme-button-icon-left{padding-inline-end:10px;}<\/style><div class=\"vc_custom_1506880870657 wpex-clr\"><a href=\"http:\/\/powerfit.se\/schema\/\" class=\"vcex-button theme-button flat inline wpex-flex-shrink-0 vcex_69e51845ddee3\" target=\"_blank\" rel=\"noopener noreferrer\"><span class=\"vcex-button-inner theme-button-inner wpex-flex wpex-flex-wrap wpex-items-center wpex-justify-center\"><span class=\"vcex-button-icon vcex-icon-wrap theme-button-icon-left\"><span class=\"wpex-icon\" aria-hidden=\"true\"><svg xmlns=\"http:\/\/www.w3.org\/2000\/svg\" viewBox=\"0 0 448 512\"><path d=\"M438.6 105.4c12.5 12.5 12.5 32.8 0 45.3l-256 256c-12.5 12.5-32.8 12.5-45.3 0l-128-128c-12.5-12.5-12.5-32.8 0-45.3s32.8-12.5 45.3 0L160 338.7 393.4 105.4c12.5-12.5 32.8-12.5 45.3 0z\"\/><\/svg><\/span><\/span>Boka fyspass h\u00e4r!<\/span><\/a><\/div> <style>.vcex-heading.vcex_69e51845de67e{color:#ffffff;font-size:17px;font-family:'Exo 2';font-weight:600;}.vcex-heading.vcex_69e51845de67e:hover{color:#ffffff;}<\/style><h2 class=\"vcex-heading vcex-heading-plain vcex-module wpex-heading wpex-text-2xl wpex-h2 vc_custom_1507537630564 vcex_69e51845de67e\"><span class=\"vcex-heading-inner wpex-inline-block\">Kommande tr\u00e4ningar<\/span><\/h2>[vc_row_inner css=&#8221;.vc_custom_1507537256667{padding-bottom: 20px !important;background-color: #f7f7f7 !important;}&#8221;][vc_column_inner css=&#8221;.vc_custom_1507537324144{margin-bottom: 10px !important;padding-bottom: 0px !important;}&#8221;][vc_widget_sidebar sidebar_id=&#8221;kommandemttrningar&#8221;]<style>.vcex-button.vcex_69e51845dec9d{border-radius:60px;background:#fdc43e;color:#003d82!important;padding-block:10px;padding-inline:25px;font-size:16px;font-family:'Exo 2';font-weight:600;text-transform:uppercase;}.vcex-button.vcex_69e51845dec9d:hover{background:#fdc43e!important;color:#003d82!important;}<\/style><div class=\"vc_custom_1506885887177 wpex-clr\"><div class=\"theme-button-wrap textcenter wpex-clr\"><a href=\"http:\/\/swetechockey.com\/events\/kategori\/mt-traning\/\" class=\"vcex-button theme-button flat align-center inline vcex_69e51845dec9d\"><span class=\"vcex-button-inner theme-button-inner wpex-flex wpex-flex-wrap wpex-items-center wpex-justify-center\">Visa fler<\/span><\/a><\/div><\/div> [\/vc_column_inner][\/vc_row_inner][vc_column_text font_family=&#8221;Exo 2&#8243; color=&#8221;#c1c1c1&#8243; font_size=&#8221;11px&#8221; line_height=&#8221;11px&#8221; font_weight=&#8221;600&#8243; css=&#8221;.vc_custom_1506532081675{margin-top: 40px !important;}&#8221;]ANNONS:[\/vc_column_text][vc_single_image image=&#8221;4113&#8243; alignment=&#8221;center&#8221; onclick=&#8221;custom_link&#8221; img_link_target=&#8221;_blank&#8221; css=&#8221;.vc_custom_1506505189139{margin-top: 4px !important;margin-bottom: 30px !important;}&#8221; link=&#8221;http:\/\/www.ccmhockey.com&#8221;][\/vc_column][\/vc_row]\n<\/div>","protected":false},"excerpt":{"rendered":"<p>[vc_row column_spacing=&#8221;60&#8243;][vc_column width=&#8221;2\/3&#8243;][vc_single_image image=&#8221;12843&#8243; alignment=&#8221;center&#8221; css=&#8221;.vc_custom_1608410747520{margin-bottom: 30px !important;}&#8221;][vc_column_text]En v\u00e4gledning f\u00f6r att n\u00e5 dina DR\u00d6MMAR! Ett MENTORSKAP skapar din egen utveckling och inte n\u00e5gon annans. Med en erfaren och kunnig COACH&hellip;<\/p>\n","protected":false},"author":1,"featured_media":0,"parent":1301,"menu_order":0,"comment_status":"closed","ping_status":"closed","template":"","meta":{"_price":"","_stock":"","_tribe_ticket_header":"","_tribe_default_ticket_provider":"","_tribe_ticket_capacity":"0","_ticket_start_date":"","_ticket_end_date":"","_tribe_ticket_show_description":"","_tribe_ticket_show_not_going":false,"_tribe_ticket_use_global_stock":"","_tribe_ticket_global_stock_level":"","_global_stock_mode":"","_global_stock_cap":"","_tribe_rsvp_for_event":"","_tribe_ticket_going_count":"","_tribe_ticket_not_going_count":"","_tribe_tickets_list":"[]","_tribe_ticket_has_attendee_info_fields":false,"footnotes":""},"class_list":["post-3806","page","type-page","status-publish","hentry","entry","no-media"],"_links":{"self":[{"href":"https:\/\/swetechockey.com\/startsida\/wp-json\/wp\/v2\/pages\/3806","targetHints":{"allow":["GET"]}}],"collection":[{"href":"https:\/\/swetechockey.com\/startsida\/wp-json\/wp\/v2\/pages"}],"about":[{"href":"https:\/\/swetechockey.com\/startsida\/wp-json\/wp\/v2\/types\/page"}],"author":[{"embeddable":true,"href":"https:\/\/swetechockey.com\/startsida\/wp-json\/wp\/v2\/users\/1"}],"replies":[{"embeddable":true,"href":"https:\/\/swetechockey.com\/startsida\/wp-json\/wp\/v2\/comments?post=3806"}],"version-history":[{"count":62,"href":"https:\/\/swetechockey.com\/startsida\/wp-json\/wp\/v2\/pages\/3806\/revisions"}],"predecessor-version":[{"id":14082,"href":"https:\/\/swetechockey.com\/startsida\/wp-json\/wp\/v2\/pages\/3806\/revisions\/14082"}],"up":[{"embeddable":true,"href":"https:\/\/swetechockey.com\/startsida\/wp-json\/wp\/v2\/pages\/1301"}],"wp:attachment":[{"href":"https:\/\/swetechockey.com\/startsida\/wp-json\/wp\/v2\/media?parent=3806"}],"curies":[{"name":"wp","href":"https:\/\/api.w.org\/{rel}","templated":true}]}}