{"id":3761,"date":"2017-09-25T20:02:28","date_gmt":"2017-09-25T20:02:28","guid":{"rendered":"http:\/\/swetechockey.com\/?page_id=3761"},"modified":"2023-09-15T11:31:21","modified_gmt":"2023-09-15T09:31:21","slug":"varukorg","status":"publish","type":"page","link":"https:\/\/swetechockey.com\/startsida\/varukorg\/","title":{"rendered":"Varukorg"},"content":{"rendered":"<div class=\"wpb-content-wrapper\">[vc_row][vc_column][\/vc_column][\/vc_row][vc_row css=&#8221;.vc_custom_1694770275823{margin-top: 80px !important;}&#8221;][vc_column]<div class=\"woocommerce columns-4 \">\n\t<ul class=\"products wpex-grid wpex-grid-cols-4 wpex-tp-grid-cols-2 wpex-pp-grid-cols-1 wpex-gap-20 wpex-clear\">\n\n<li class=\"entry has-media product type-product post-21588 status-publish first instock product_cat-klader product_cat-nyheter has-post-thumbnail shipping-taxable purchasable product-type-variable\">\n\t<div class=\"product-inner wpex-flex wpex-flex-col wpex-flex-grow wpex-relative\"><div class=\"wpex-loop-product-images wpex-overflow-hidden wpex-relative\"><a href=\"https:\/\/swetechockey.com\/startsida\/produkt\/be-the-best\/\" class=\"woocommerce-LoopProduct-link woocommerce-loop-product__link\"><img width=\"1000\" height=\"1000\" src=\"https:\/\/media.swetechockey.com\/2023\/09\/produkt_tshirt_bethebe.png\" class=\"woo-entry-image-main wp-post-image\" alt=\"BE THE BEST\" loading=\"lazy\" decoding=\"async\" srcset=\"https:\/\/media.swetechockey.com\/2023\/09\/produkt_tshirt_bethebe.png 1000w, https:\/\/media.swetechockey.com\/2023\/09\/produkt_tshirt_bethebe-300x300.png 300w, https:\/\/media.swetechockey.com\/2023\/09\/produkt_tshirt_bethebe-150x150.png 150w, https:\/\/media.swetechockey.com\/2023\/09\/produkt_tshirt_bethebe-768x768.png 768w, https:\/\/media.swetechockey.com\/2023\/09\/produkt_tshirt_bethebe-600x600.png 600w, https:\/\/media.swetechockey.com\/2023\/09\/produkt_tshirt_bethebe-100x100.png 100w\" sizes=\"auto, (max-width: 1000px) 100vw, 1000px\" \/><\/a>\t\t<div class=\"wpex-loop-product-add-to-cart wpex-absolute wpex-bottom-0 wpex-left-0 wpex-right-0 wpex-text-center wpex-transition-all wpex-duration-250 wpex-z-2 wpex-translate-y-100 wpex-invisible\"><a href=\"https:\/\/swetechockey.com\/startsida\/produkt\/be-the-best\/\" aria-describedby=\"woocommerce_loop_add_to_cart_link_describedby_21588\" data-quantity=\"1\" class=\"button product_type_variable add_to_cart_button\" data-product_id=\"21588\" data-product_sku=\"\" aria-label=\"V\u00e4lj alternativ f\u00f6r \u201dBE THE BEST\u201d\" rel=\"nofollow\">V\u00e4lj alternativ<\/a>\t<span id=\"woocommerce_loop_add_to_cart_link_describedby_21588\" class=\"screen-reader-text\">\n\t\tDen h\u00e4r produkten har flera varianter. De olika alternativen kan v\u00e4ljas p\u00e5 produktsidan\t<\/span>\n<\/div>\n\t<\/div><div class=\"product-details wpex-pt-15\"><a href=\"https:\/\/swetechockey.com\/startsida\/produkt\/be-the-best\/\"><h2 class=\"woocommerce-loop-product__title\">BE THE BEST<\/h2><\/a>\n\t<span class=\"price\"><span class=\"woocommerce-Price-amount amount\"><bdi>229.00<span class=\"woocommerce-Price-currencySymbol\">&#107;&#114;<\/span><\/bdi><\/span><\/span>\n<\/div><\/div><\/li>\n<li class=\"entry has-media product type-product post-21582 status-publish instock product_cat-klader product_cat-nyheter has-post-thumbnail shipping-taxable purchasable product-type-variable\">\n\t<div class=\"product-inner wpex-flex wpex-flex-col wpex-flex-grow wpex-relative\"><div class=\"wpex-loop-product-images wpex-overflow-hidden wpex-relative\"><a href=\"https:\/\/swetechockey.com\/startsida\/produkt\/eat-sleep-hockey\/\" class=\"woocommerce-LoopProduct-link woocommerce-loop-product__link\"><img width=\"1000\" height=\"1000\" src=\"https:\/\/media.swetechockey.com\/2023\/09\/produkt_tshirt_eatsleep.png\" class=\"woo-entry-image-main wp-post-image\" alt=\"EAT, SLEEP HOCKEY\" loading=\"lazy\" decoding=\"async\" srcset=\"https:\/\/media.swetechockey.com\/2023\/09\/produkt_tshirt_eatsleep.png 1000w, https:\/\/media.swetechockey.com\/2023\/09\/produkt_tshirt_eatsleep-300x300.png 300w, https:\/\/media.swetechockey.com\/2023\/09\/produkt_tshirt_eatsleep-150x150.png 150w, https:\/\/media.swetechockey.com\/2023\/09\/produkt_tshirt_eatsleep-768x768.png 768w, https:\/\/media.swetechockey.com\/2023\/09\/produkt_tshirt_eatsleep-600x600.png 600w, https:\/\/media.swetechockey.com\/2023\/09\/produkt_tshirt_eatsleep-100x100.png 100w\" sizes=\"auto, (max-width: 1000px) 100vw, 1000px\" \/><\/a>\t\t<div class=\"wpex-loop-product-add-to-cart wpex-absolute wpex-bottom-0 wpex-left-0 wpex-right-0 wpex-text-center wpex-transition-all wpex-duration-250 wpex-z-2 wpex-translate-y-100 wpex-invisible\"><a href=\"https:\/\/swetechockey.com\/startsida\/produkt\/eat-sleep-hockey\/\" aria-describedby=\"woocommerce_loop_add_to_cart_link_describedby_21582\" data-quantity=\"1\" class=\"button product_type_variable add_to_cart_button\" data-product_id=\"21582\" data-product_sku=\"\" aria-label=\"V\u00e4lj alternativ f\u00f6r \u201dEAT, SLEEP HOCKEY\u201d\" rel=\"nofollow\">V\u00e4lj alternativ<\/a>\t<span id=\"woocommerce_loop_add_to_cart_link_describedby_21582\" class=\"screen-reader-text\">\n\t\tDen h\u00e4r produkten har flera varianter. De olika alternativen kan v\u00e4ljas p\u00e5 produktsidan\t<\/span>\n<\/div>\n\t<\/div><div class=\"product-details wpex-pt-15\"><a href=\"https:\/\/swetechockey.com\/startsida\/produkt\/eat-sleep-hockey\/\"><h2 class=\"woocommerce-loop-product__title\">EAT, SLEEP HOCKEY<\/h2><\/a>\n\t<span class=\"price\"><span class=\"woocommerce-Price-amount amount\"><bdi>229.00<span class=\"woocommerce-Price-currencySymbol\">&#107;&#114;<\/span><\/bdi><\/span><\/span>\n<\/div><\/div><\/li>\n<li class=\"entry has-media product type-product post-21597 status-publish instock product_cat-okategoriserad has-post-thumbnail shipping-taxable purchasable product-type-variable\">\n\t<div class=\"product-inner wpex-flex wpex-flex-col wpex-flex-grow wpex-relative\"><div class=\"wpex-loop-product-images wpex-overflow-hidden wpex-relative\"><a href=\"https:\/\/swetechockey.com\/startsida\/produkt\/keps-ccm-team-flexfit\/\" class=\"woocommerce-LoopProduct-link woocommerce-loop-product__link\"><img width=\"1000\" height=\"1000\" src=\"https:\/\/media.swetechockey.com\/2023\/09\/produkt_keps_s_ccm.png\" class=\"woo-entry-image-main wp-post-image\" alt=\"Keps CCM Team Flexfit\" loading=\"lazy\" decoding=\"async\" srcset=\"https:\/\/media.swetechockey.com\/2023\/09\/produkt_keps_s_ccm.png 1000w, https:\/\/media.swetechockey.com\/2023\/09\/produkt_keps_s_ccm-300x300.png 300w, https:\/\/media.swetechockey.com\/2023\/09\/produkt_keps_s_ccm-150x150.png 150w, https:\/\/media.swetechockey.com\/2023\/09\/produkt_keps_s_ccm-768x768.png 768w, https:\/\/media.swetechockey.com\/2023\/09\/produkt_keps_s_ccm-600x600.png 600w, https:\/\/media.swetechockey.com\/2023\/09\/produkt_keps_s_ccm-100x100.png 100w\" sizes=\"auto, (max-width: 1000px) 100vw, 1000px\" \/><\/a>\t\t<div class=\"wpex-loop-product-add-to-cart wpex-absolute wpex-bottom-0 wpex-left-0 wpex-right-0 wpex-text-center wpex-transition-all wpex-duration-250 wpex-z-2 wpex-translate-y-100 wpex-invisible\"><a href=\"https:\/\/swetechockey.com\/startsida\/produkt\/keps-ccm-team-flexfit\/\" aria-describedby=\"woocommerce_loop_add_to_cart_link_describedby_21597\" data-quantity=\"1\" class=\"button product_type_variable add_to_cart_button\" data-product_id=\"21597\" data-product_sku=\"\" aria-label=\"V\u00e4lj alternativ f\u00f6r \u201dKeps CCM Team Flexfit\u201d\" rel=\"nofollow\">V\u00e4lj alternativ<\/a>\t<span id=\"woocommerce_loop_add_to_cart_link_describedby_21597\" class=\"screen-reader-text\">\n\t\tDen h\u00e4r produkten har flera varianter. De olika alternativen kan v\u00e4ljas p\u00e5 produktsidan\t<\/span>\n<\/div>\n\t<\/div><div class=\"product-details wpex-pt-15\"><a href=\"https:\/\/swetechockey.com\/startsida\/produkt\/keps-ccm-team-flexfit\/\"><h2 class=\"woocommerce-loop-product__title\">Keps CCM Team Flexfit<\/h2><\/a>\n\t<span class=\"price\"><span class=\"woocommerce-Price-amount amount\"><bdi>229.00<span class=\"woocommerce-Price-currencySymbol\">&#107;&#114;<\/span><\/bdi><\/span><\/span>\n<\/div><\/div><\/li>\n<li class=\"entry has-media product type-product post-21594 status-publish last instock product_cat-accesoarer product_cat-nyheter has-post-thumbnail shipping-taxable purchasable product-type-simple\">\n\t<div class=\"product-inner wpex-flex wpex-flex-col wpex-flex-grow wpex-relative\"><div class=\"wpex-loop-product-images wpex-overflow-hidden wpex-relative\"><a href=\"https:\/\/swetechockey.com\/startsida\/produkt\/mossa-ccm-team-pom-knit\/\" class=\"woocommerce-LoopProduct-link woocommerce-loop-product__link\"><img width=\"1000\" height=\"1000\" src=\"https:\/\/media.swetechockey.com\/2023\/09\/produkt_mossa_s_ccm.png\" class=\"woo-entry-image-main wp-post-image\" alt=\"M\u00f6ssa CCM Team Pom Knit\" loading=\"lazy\" decoding=\"async\" srcset=\"https:\/\/media.swetechockey.com\/2023\/09\/produkt_mossa_s_ccm.png 1000w, https:\/\/media.swetechockey.com\/2023\/09\/produkt_mossa_s_ccm-300x300.png 300w, https:\/\/media.swetechockey.com\/2023\/09\/produkt_mossa_s_ccm-150x150.png 150w, https:\/\/media.swetechockey.com\/2023\/09\/produkt_mossa_s_ccm-768x768.png 768w, https:\/\/media.swetechockey.com\/2023\/09\/produkt_mossa_s_ccm-600x600.png 600w, https:\/\/media.swetechockey.com\/2023\/09\/produkt_mossa_s_ccm-100x100.png 100w\" sizes=\"auto, (max-width: 1000px) 100vw, 1000px\" \/><\/a>\t\t<div class=\"wpex-loop-product-add-to-cart wpex-absolute wpex-bottom-0 wpex-left-0 wpex-right-0 wpex-text-center wpex-transition-all wpex-duration-250 wpex-z-2 wpex-translate-y-100 wpex-invisible\"><a href=\"\/startsida\/wp-json\/wp\/v2\/pages\/3761?add-to-cart=21594\" aria-describedby=\"woocommerce_loop_add_to_cart_link_describedby_21594\" data-quantity=\"1\" class=\"button product_type_simple add_to_cart_button ajax_add_to_cart\" data-product_id=\"21594\" data-product_sku=\"\" aria-label=\"L\u00e4gg till i varukorgen: \u201dM\u00f6ssa CCM Team Pom Knit\u201d\" rel=\"nofollow\" data-success_message=\"&quot;M\u00f6ssa CCM Team Pom Knit&quot; har lagts till i din varukorg\" role=\"button\">L\u00e4gg till i varukorg<\/a>\t<span id=\"woocommerce_loop_add_to_cart_link_describedby_21594\" class=\"screen-reader-text\">\n\t\t\t<\/span>\n<\/div>\n\t<\/div><div class=\"product-details wpex-pt-15\"><a href=\"https:\/\/swetechockey.com\/startsida\/produkt\/mossa-ccm-team-pom-knit\/\"><h2 class=\"woocommerce-loop-product__title\">M\u00f6ssa CCM Team Pom Knit<\/h2><\/a>\n\t<span class=\"price\"><span class=\"woocommerce-Price-amount amount\"><bdi>189.00<span class=\"woocommerce-Price-currencySymbol\">&#107;&#114;<\/span><\/bdi><\/span><\/span>\n<\/div><\/div><\/li>\n<\/ul>\n<\/div>[\/vc_column][\/vc_row]\n<\/div>","protected":false},"excerpt":{"rendered":"<p>[vc_row][vc_column][\/vc_column][\/vc_row][vc_row css=&#8221;.vc_custom_1694770275823{margin-top: 80px !important;}&#8221;][vc_column][\/vc_column][\/vc_row]<\/p>\n","protected":false},"author":1,"featured_media":0,"parent":0,"menu_order":0,"comment_status":"closed","ping_status":"closed","template":"","meta":{"_price":"","_stock":"","_tribe_ticket_header":"","_tribe_default_ticket_provider":"","_tribe_ticket_capacity":"0","_ticket_start_date":"","_ticket_end_date":"","_tribe_ticket_show_description":"","_tribe_ticket_show_not_going":false,"_tribe_ticket_use_global_stock":"","_tribe_ticket_global_stock_level":"","_global_stock_mode":"","_global_stock_cap":"","_tribe_rsvp_for_event":"","_tribe_ticket_going_count":"","_tribe_ticket_not_going_count":"","_tribe_tickets_list":"[]","_tribe_ticket_has_attendee_info_fields":false,"footnotes":""},"class_list":["post-3761","page","type-page","status-publish","hentry","entry","no-media"],"_links":{"self":[{"href":"https:\/\/swetechockey.com\/startsida\/wp-json\/wp\/v2\/pages\/3761","targetHints":{"allow":["GET"]}}],"collection":[{"href":"https:\/\/swetechockey.com\/startsida\/wp-json\/wp\/v2\/pages"}],"about":[{"href":"https:\/\/swetechockey.com\/startsida\/wp-json\/wp\/v2\/types\/page"}],"author":[{"embeddable":true,"href":"https:\/\/swetechockey.com\/startsida\/wp-json\/wp\/v2\/users\/1"}],"replies":[{"embeddable":true,"href":"https:\/\/swetechockey.com\/startsida\/wp-json\/wp\/v2\/comments?post=3761"}],"version-history":[{"count":6,"href":"https:\/\/swetechockey.com\/startsida\/wp-json\/wp\/v2\/pages\/3761\/revisions"}],"predecessor-version":[{"id":21631,"href":"https:\/\/swetechockey.com\/startsida\/wp-json\/wp\/v2\/pages\/3761\/revisions\/21631"}],"wp:attachment":[{"href":"https:\/\/swetechockey.com\/startsida\/wp-json\/wp\/v2\/media?parent=3761"}],"curies":[{"name":"wp","href":"https:\/\/api.w.org\/{rel}","templated":true}]}}