{"id":316,"date":"2014-09-16T14:43:56","date_gmt":"2014-09-16T14:43:56","guid":{"rendered":"http:\/\/swetechockey.com\/?page_id=316"},"modified":"2021-01-09T11:02:06","modified_gmt":"2021-01-09T10:02:06","slug":"bokningsregler","status":"publish","type":"page","link":"https:\/\/swetechockey.com\/startsida\/bokningsregler\/","title":{"rendered":"Bokningsregler"},"content":{"rendered":"<div class=\"wpb-content-wrapper\">[vc_row][vc_column]<div class=\"templatera_shortcode\"><div class=\"vc_row wpb_row vc_row-fluid wpex-relative\"><div class=\"wpb_column vc_column_container vc_col-sm-12\"><div class=\"vc_column-inner\"><div class=\"wpb_wrapper\">\n\t<div class=\"wpb_text_column wpb_content_element\" >\n\t\t<div class=\"wpb_wrapper\">\n\t\t\t<p>Bokningen \u00e4r bindande och skall betalas direkt via PAYPAL.<\/p>\n<h2>F\u00f6r Privat (1 \u2013 2 tim) g\u00e4ller:<\/h2>\n<ul>\n<li>Vid avbokning (3) dygn innan campstart beh\u00e5lls hela avgiften.<\/li>\n<\/ul>\n<h2>F\u00f6r 1 \u2013 2 dagarscamper g\u00e4ller:<\/h2>\n<ul>\n<li>Vid avbokning 5 dygn innan campstart beh\u00e5lls hela avgiften.<\/li>\n<\/ul>\n<h2>F\u00f6r Sommar Challenge g\u00e4ller:<\/h2>\n<ul>\n<li>\u00c5terbud fram till 30 april f\u00f6rbeh\u00e5ller vi oss som arrang\u00f6r r\u00e4tten att beh\u00e5lla 900 SEK f\u00f6r admin.kostnader<\/li>\n<li>Avbokning fr\u00e5n den <strong>1 april till 30 juni<\/strong> \u00e5terbetalas halva avgiften mot uppvisning av l\u00e4karintyg som styrker of\u00f6rm\u00e5ga att deltaga.<br \/>\n- Inget l\u00e4karintyg, ingen \u00e5terbetalas av inbetald avgift.<\/li>\n<li>Efter 1 juli beh\u00e5lls hela avgiften, \u00e4ven vid evt. skada\/sjukdom under campen, ingen \u00e5terbetalning.<\/li>\n<\/ul>\n\n\t\t<\/div>\n\t<\/div>\n<\/div><\/div><\/div><\/div><\/div>[\/vc_column][\/vc_row]\n<\/div>","protected":false},"excerpt":{"rendered":"Bokningen \u00e4r bindande och skall betalas direkt via PAYPAL. F\u00f6r Privat (1 \u2013 2 tim) g\u00e4ller: Vid avbokning (3) dygn innan campstart beh\u00e5lls hela avgiften. F\u00f6r 1 \u2013 2 dagarscamper&hellip;","protected":false},"author":1,"featured_media":0,"parent":0,"menu_order":0,"comment_status":"closed","ping_status":"closed","template":"","meta":{"_price":"","_stock":"","_tribe_ticket_header":"","_tribe_default_ticket_provider":"","_tribe_ticket_capacity":"0","_ticket_start_date":"","_ticket_end_date":"","_tribe_ticket_show_description":"","_tribe_ticket_show_not_going":false,"_tribe_ticket_use_global_stock":"","_tribe_ticket_global_stock_level":"","_global_stock_mode":"","_global_stock_cap":"","_tribe_rsvp_for_event":"","_tribe_ticket_going_count":"","_tribe_ticket_not_going_count":"","_tribe_tickets_list":"[]","_tribe_ticket_has_attendee_info_fields":false,"footnotes":""},"class_list":["post-316","page","type-page","status-publish","hentry","entry","no-media"],"_links":{"self":[{"href":"https:\/\/swetechockey.com\/startsida\/wp-json\/wp\/v2\/pages\/316","targetHints":{"allow":["GET"]}}],"collection":[{"href":"https:\/\/swetechockey.com\/startsida\/wp-json\/wp\/v2\/pages"}],"about":[{"href":"https:\/\/swetechockey.com\/startsida\/wp-json\/wp\/v2\/types\/page"}],"author":[{"embeddable":true,"href":"https:\/\/swetechockey.com\/startsida\/wp-json\/wp\/v2\/users\/1"}],"replies":[{"embeddable":true,"href":"https:\/\/swetechockey.com\/startsida\/wp-json\/wp\/v2\/comments?post=316"}],"version-history":[{"count":33,"href":"https:\/\/swetechockey.com\/startsida\/wp-json\/wp\/v2\/pages\/316\/revisions"}],"predecessor-version":[{"id":13785,"href":"https:\/\/swetechockey.com\/startsida\/wp-json\/wp\/v2\/pages\/316\/revisions\/13785"}],"wp:attachment":[{"href":"https:\/\/swetechockey.com\/startsida\/wp-json\/wp\/v2\/media?parent=316"}],"curies":[{"name":"wp","href":"https:\/\/api.w.org\/{rel}","templated":true}]}}