{"id":25285,"date":"2025-08-25T13:53:34","date_gmt":"2025-08-25T11:53:34","guid":{"rendered":"https:\/\/swetechockey.com\/startsida\/?page_id=25285"},"modified":"2026-02-16T18:30:31","modified_gmt":"2026-02-16T17:30:31","slug":"startsida2025","status":"publish","type":"page","link":"https:\/\/swetechockey.com\/startsida\/","title":{"rendered":"Startsida2025"},"content":{"rendered":"<div class=\"wpb-content-wrapper\">[vc_row full_width=&#8221;stretch_row&#8221; css=&#8221;.vc_custom_1770360078314{background: #000000 url(https:\/\/media.swetechockey.com\/2025\/08\/swe_bak_dagge.png?id=25222) !important;background-position: center !important;background-repeat: no-repeat !important;background-size: cover !important;}&#8221; wpex_bg_position=&#8221;top center&#8221; wpex_bg_overlay=&#8221;custom&#8221; wpex_bg_color=&#8221;palette-25224&#8243;][vc_column]<style>.vcex_69e2d7e83a6b7{height:200px;}@media (max-width:479px){.vcex_69e2d7e83a6b7{height:150px;}}<\/style><div class=\"vcex-spacing wpex-w-100 wpex-clear vcex_69e2d7e83a6b7\"><\/div><style>.vcex-heading.vcex_69e2d7e83ac7c{color:var(--wpex-palette-25227-color);font-size:130px;font-family:Industry;font-weight:900;font-style:italic;text-transform:uppercase;line-height:1.0em;}@media (max-width:959px){.vcex-heading.vcex_69e2d7e83ac7c{font-size:100px;}}@media (max-width:479px){.vcex-heading.vcex_69e2d7e83ac7c{font-size:55px;}}<\/style><div class=\"vcex-heading vcex-heading-plain vcex-module wpex-heading wpex-text-2xl wpex-div vc_custom_1756125075884 vcex_69e2d7e83ac7c\"><span class=\"vcex-heading-inner wpex-inline-block\">Your<br \/>\nfuture<br \/>\nstarts<br \/>\nhere<\/span><\/div><style>.vcex-navbar.vcex_69e2d7e83cab1 a.vcex-navbar-link{padding:30px;color:var(--wpex-palette-25224-color);background:var(--wpex-palette-25227-color);font-family:Industry;text-transform:uppercase;}.vcex-navbar.vcex_69e2d7e83cab1 a.vcex-navbar-link:is(:hover,.active){color:var(--wpex-palette-25227-color);background:var(--wpex-palette-25225-color);}.vcex-navbar.vcex_69e2d7e83cab1{font-size:24px;}<\/style><nav class=\"vcex-navbar vcex-navbar--spaced_out vcex-module vcex_69e2d7e83cab1\"><div class=\"vcex-navbar-inner wpex-flex wpex-flex-wrap wpex-justify-between wpex-items-center wpex-gap-x-5 wpex-last-mr-0\"><a href=\"https:\/\/swetechockey.com\/startsida\/utbildningar\/1-2-dagars-camper\/\" class=\"vcex-navbar-link vcex-navbar-link--1293 wpex-block wpex-mb-5 theme-button wpex-flex-grow wpex-text-center wpex-font-black wpex-text-1em has-bg-hover wpex-rounded-0\"><span class=\"vcex-navbar-link-text\">S\u00c4SONGSCAMPER<\/span><\/a><a href=\"https:\/\/swetechockey.com\/startsida\/utbildningar\/sunday-skate-skills\/\" class=\"vcex-navbar-link vcex-navbar-link--4647 wpex-block wpex-mb-5 theme-button wpex-flex-grow wpex-text-center wpex-font-black wpex-text-1em has-bg-hover wpex-rounded-0\"><span class=\"vcex-navbar-link-text\">Sunday Skills<\/span><\/a><a href=\"https:\/\/swetechockey.com\/startsida\/utbildningar\/foreningar\/\" class=\"vcex-navbar-link vcex-navbar-link--4846 wpex-block wpex-mb-5 theme-button wpex-flex-grow wpex-text-center wpex-font-black wpex-text-1em has-bg-hover wpex-rounded-0\"><span class=\"vcex-navbar-link-text\">SWE Club Camp<\/span><\/a><a href=\"https:\/\/swetechockey.com\/startsida\/utbildningar\/swetec-academi\/\" class=\"vcex-navbar-link vcex-navbar-link--13002 wpex-block wpex-mb-5 theme-button wpex-flex-grow wpex-text-center wpex-font-black wpex-text-1em has-bg-hover wpex-rounded-0\"><span class=\"vcex-navbar-link-text\">Swetec Akademi<\/span><\/a><a href=\"https:\/\/swetechockey.com\/startsida\/utbildningar\/onlinetjanster\/\" class=\"vcex-navbar-link vcex-navbar-link--19119 wpex-block wpex-mb-5 theme-button wpex-flex-grow wpex-text-center wpex-font-black wpex-text-1em has-bg-hover wpex-rounded-0\"><span class=\"vcex-navbar-link-text\">Onlinetj\u00e4nster<\/span><\/a><a href=\"https:\/\/swetechockey.com\/startsida\/summer-challenge\/\" class=\"vcex-navbar-link vcex-navbar-link--23294 wpex-block wpex-mb-5 theme-button wpex-flex-grow wpex-text-center wpex-font-black wpex-text-1em has-bg-hover wpex-rounded-0\"><span class=\"vcex-navbar-link-text\">Summer Challenge<\/span><\/a><\/div><\/nav>[\/vc_column][\/vc_row][vc_row][vc_column][vc_column_text css=&#8221;.vc_custom_1756240853149{padding-top: 100px !important;padding-bottom: 100px !important;}&#8221; text_align=&#8221;center&#8221; color=&#8221;palette-25227&#8243; width=&#8221;800px&#8221;]\n<h1>25 \u00e5r med swetec hockey<\/h1>\n<p>V\u00e5rt uppdrag \u00e4r att hj\u00e4lpa spelare att n\u00e5 sin b\u00e4sta niv\u00e5 via utbildnings camper f\u00f6r ishockeyspelare. Ett bepr\u00f6vat koncept med resultat under \u00e5ren. Vi bygger v\u00e5r vision p\u00e5 innovativa verktyg och evidensbaserad fakta samt att inl\u00e4rning g\u00f6rs i r\u00e4tt ordning s\u00e5 \u201dnycklarna\u201d passar in f\u00f6r framtiden.<br \/>\nV\u00e5r motto: &#8221;Lagom \u00e4r s\u00e4mst&#8221;[\/vc_column_text][\/vc_column][\/vc_row][vc_row css=&#8221;.vc_custom_1756128304010{margin-bottom: 100px !important;}&#8221;][vc_column]<div class=\"vcex-grid-container vcex-module wpex-grid wpex-gap-20 wpex-grid-cols-1 wpex-lg-grid-cols-3\"><style>.vcex-milestone.vcex_69e2d7e83ecf7 .vcex-milestone-number{font-family:Industry;color:var(--wpex-palette-25227-color);font-size:140px;font-weight:900;margin-block-end:25px;}.vcex-milestone.vcex_69e2d7e83ecf7 .vcex-milestone-caption{color:var(--wpex-palette-25227-color);font-size:18px;font-weight:500;}@media (max-width:959px){.vcex-milestone.vcex_69e2d7e83ecf7 .vcex-milestone-number{font-size:100px;}}@media (max-width:479px){.vcex-milestone.vcex_69e2d7e83ecf7 .vcex-milestone-number{font-size:55px;}}<\/style><div class=\"vcex-module vcex-milestone wpex-text-center siffra vcex_69e2d7e83ecf7\"><div class=\"vcex-milestone-inner wpex-inline-block\"><div class=\"vcex-milestone-desc\"><div class=\"vcex-milestone-number wpex-leading-none\"><span class=\"vcex-milestone-time vcex-countup\" data-options=\"{&quot;startVal&quot;:0,&quot;endVal&quot;:&quot;25&quot;,&quot;duration&quot;:2.5,&quot;decimals&quot;:0,&quot;separator&quot;:&quot;,&quot;,&quot;decimal&quot;:&quot;.&quot;,&quot;animateOnScroll&quot;:false}\" aria-hidden=\"true\"><\/span><span class=\"screen-reader-text\">25<\/span><\/div><div class=\"vcex-milestone-caption wpex-mt-5\">\u00c5r sedan Swetec grundades<\/div><\/div><\/div><\/div><style>.vcex-milestone.vcex_69e2d7e83f2d3 .vcex-milestone-number{font-family:Industry;color:var(--wpex-palette-25227-color);font-size:140px;font-weight:900;margin-block-end:25px;}.vcex-milestone.vcex_69e2d7e83f2d3 .vcex-milestone-caption{color:var(--wpex-palette-25227-color);font-size:18px;font-weight:500;}@media (max-width:959px){.vcex-milestone.vcex_69e2d7e83f2d3 .vcex-milestone-number{font-size:100px;}}@media (max-width:479px){.vcex-milestone.vcex_69e2d7e83f2d3 .vcex-milestone-number{font-size:55px;}}<\/style><div class=\"vcex-module vcex-milestone wpex-text-center siffra vcex_69e2d7e83f2d3\"><div class=\"vcex-milestone-inner wpex-inline-block\"><div class=\"vcex-milestone-desc\"><div class=\"vcex-milestone-number wpex-leading-none\"><span class=\"vcex-milestone-time vcex-countup\" data-options=\"{&quot;startVal&quot;:0,&quot;endVal&quot;:&quot;9&quot;,&quot;duration&quot;:2.5,&quot;decimals&quot;:0,&quot;separator&quot;:&quot;,&quot;,&quot;decimal&quot;:&quot;.&quot;,&quot;animateOnScroll&quot;:false}\" aria-hidden=\"true\"><\/span><span class=\"screen-reader-text\">9<\/span><\/div><div class=\"vcex-milestone-caption wpex-mt-5\">L\u00e4nder har vi arbetat i<\/div><\/div><\/div><\/div><style>.vcex-milestone.vcex_69e2d7e83f662 .vcex-milestone-number{font-family:Industry;color:var(--wpex-palette-25227-color);font-size:140px;font-weight:900;margin-block-end:25px;}.vcex-milestone.vcex_69e2d7e83f662 .vcex-milestone-caption{color:var(--wpex-palette-25227-color);font-size:18px;font-weight:500;}@media (max-width:959px){.vcex-milestone.vcex_69e2d7e83f662 .vcex-milestone-number{font-size:100px;}}@media (max-width:479px){.vcex-milestone.vcex_69e2d7e83f662 .vcex-milestone-number{font-size:55px;}}<\/style><div class=\"vcex-module vcex-milestone wpex-text-center siffra vcex_69e2d7e83f662\"><div class=\"vcex-milestone-inner wpex-inline-block\"><div class=\"vcex-milestone-desc\"><div class=\"vcex-milestone-number wpex-leading-none\"><span class=\"vcex-milestone-time vcex-countup\" data-options=\"{&quot;startVal&quot;:2000,&quot;endVal&quot;:&quot;1177&quot;,&quot;duration&quot;:2.5,&quot;decimals&quot;:0,&quot;separator&quot;:&quot;&quot;,&quot;decimal&quot;:&quot;.&quot;,&quot;animateOnScroll&quot;:false}\" aria-hidden=\"true\">2000<\/span><span class=\"screen-reader-text\">1177<\/span><\/div><div class=\"vcex-milestone-caption wpex-mt-5\">Spelare har \u00e5rligen utbildats<\/div><\/div><\/div><\/div><\/div>[\/vc_column][\/vc_row][vc_row content_placement=&#8221;middle&#8221; css=&#8221;.vc_custom_1756454716848{padding-top: 80px !important;padding-bottom: 80px !important;}&#8221; el_class=&#8221;centermobil&#8221;][vc_column width=&#8221;1\/2&#8243;]<figure class=\"vcex-image vcex-module\"><div class=\"vcex-image-inner wpex-relative wpex-inline-block vc_custom_1771263021335\"><img width=\"649\" height=\"515\" src=\"https:\/\/media.swetechockey.com\/2025\/08\/swe_shopen.png\" class=\"vcex-image-img wpex-align-middle\" alt=\"\" loading=\"lazy\" decoding=\"async\" srcset=\"https:\/\/media.swetechockey.com\/2025\/08\/swe_shopen.png 649w, https:\/\/media.swetechockey.com\/2025\/08\/swe_shopen-378x300.png 378w, https:\/\/media.swetechockey.com\/2025\/08\/swe_shopen-600x476.png 600w\" sizes=\"auto, (max-width: 649px) 100vw, 649px\" \/><\/div><\/figure>[\/vc_column][vc_column width=&#8221;1\/2&#8243;]<style>.vcex-heading.vcex_69e2d7e84070a{color:var(--wpex-palette-25227-color);font-size:110px;font-family:Industry;font-weight:900;font-style:italic;text-transform:uppercase;line-height:1.0em;}@media (max-width:959px){.vcex-heading.vcex_69e2d7e84070a{font-size:90px;}}@media (max-width:479px){.vcex-heading.vcex_69e2d7e84070a{font-size:55px;}}<\/style><div class=\"vcex-heading vcex-heading-plain vcex-module wpex-heading wpex-text-2xl wpex-div vc_custom_1756454529694 vcex_69e2d7e84070a\"><span class=\"vcex-heading-inner wpex-inline-block\">Swetec<br \/>\nShopen<\/span><\/div>[vc_column_text css=&#8221;&#8221; color=&#8221;palette-25227&#8243; width=&#8221;800px&#8221;]Visa att du vill bli b\u00e4st med kl\u00e4der och accessoarer fr\u00e5n Swetec hockey f\u00f6r tr\u00e4ning och vardag.[\/vc_column_text]<style>.vcex-button.vcex_69e2d7e840f3d{background:var(--wpex-accent-alt);color:var(--wpex-on-accent)!important;}<\/style><div class=\"vc_custom_1756454578173 wpex-clr\"><a href=\"https:\/\/swetechockey.com\/startsida\/shop\/\" class=\"vcex-button theme-button inline vcex_69e2d7e840f3d\"><span class=\"vcex-button-inner theme-button-inner wpex-flex wpex-flex-wrap wpex-items-center wpex-justify-center\">Till shopen<\/span><\/a><\/div> [\/vc_column][\/vc_row]\n<\/div>","protected":false},"excerpt":{"rendered":"<p>[vc_row full_width=&#8221;stretch_row&#8221; css=&#8221;.vc_custom_1770360078314{background: #000000 url(https:\/\/media.swetechockey.com\/2025\/08\/swe_bak_dagge.png?id=25222) !important;background-position: center !important;background-repeat: no-repeat !important;background-size: cover !important;}&#8221; wpex_bg_position=&#8221;top center&#8221; wpex_bg_overlay=&#8221;custom&#8221; wpex_bg_color=&#8221;palette-25224&#8243;][vc_column][\/vc_column][\/vc_row][vc_row][vc_column][vc_column_text css=&#8221;.vc_custom_1756240853149{padding-top: 100px !important;padding-bottom: 100px !important;}&#8221; text_align=&#8221;center&#8221; color=&#8221;palette-25227&#8243; width=&#8221;800px&#8221;] 25 \u00e5r med swetec hockey V\u00e5rt&hellip;<\/p>\n","protected":false},"author":1,"featured_media":0,"parent":0,"menu_order":0,"comment_status":"closed","ping_status":"closed","template":"","meta":{"_price":"","_stock":"","_tribe_ticket_header":"","_tribe_default_ticket_provider":"","_tribe_ticket_capacity":"0","_ticket_start_date":"","_ticket_end_date":"","_tribe_ticket_show_description":"","_tribe_ticket_show_not_going":false,"_tribe_ticket_use_global_stock":"","_tribe_ticket_global_stock_level":"","_global_stock_mode":"","_global_stock_cap":"","_tribe_rsvp_for_event":"","_tribe_ticket_going_count":"","_tribe_ticket_not_going_count":"","_tribe_tickets_list":"[]","_tribe_ticket_has_attendee_info_fields":false,"footnotes":""},"class_list":["post-25285","page","type-page","status-publish","hentry","entry","no-media"],"_links":{"self":[{"href":"https:\/\/swetechockey.com\/startsida\/wp-json\/wp\/v2\/pages\/25285","targetHints":{"allow":["GET"]}}],"collection":[{"href":"https:\/\/swetechockey.com\/startsida\/wp-json\/wp\/v2\/pages"}],"about":[{"href":"https:\/\/swetechockey.com\/startsida\/wp-json\/wp\/v2\/types\/page"}],"author":[{"embeddable":true,"href":"https:\/\/swetechockey.com\/startsida\/wp-json\/wp\/v2\/users\/1"}],"replies":[{"embeddable":true,"href":"https:\/\/swetechockey.com\/startsida\/wp-json\/wp\/v2\/comments?post=25285"}],"version-history":[{"count":45,"href":"https:\/\/swetechockey.com\/startsida\/wp-json\/wp\/v2\/pages\/25285\/revisions"}],"predecessor-version":[{"id":26054,"href":"https:\/\/swetechockey.com\/startsida\/wp-json\/wp\/v2\/pages\/25285\/revisions\/26054"}],"wp:attachment":[{"href":"https:\/\/swetechockey.com\/startsida\/wp-json\/wp\/v2\/media?parent=25285"}],"curies":[{"name":"wp","href":"https:\/\/api.w.org\/{rel}","templated":true}]}}