{"id":23292,"date":"2024-07-22T22:44:56","date_gmt":"2024-07-22T20:44:56","guid":{"rendered":"https:\/\/swetechockey.com\/startsida\/?page_id=23292"},"modified":"2025-07-30T10:03:53","modified_gmt":"2025-07-30T08:03:53","slug":"summer-challenge-eng","status":"publish","type":"page","link":"https:\/\/swetechockey.com\/startsida\/utbildningar\/summer-challenge-eng\/","title":{"rendered":"Summer Challenge ENG"},"content":{"rendered":"<div class=\"wpb-content-wrapper\">[vc_row css=&#8221;.vc_custom_1721736597710{margin-top: 40px !important;margin-bottom: 60px !important;padding-top: 5px !important;padding-bottom: 5px !important;padding-left: 20px !important;background-color: #010e35 !important;border-radius: 4px !important;}&#8221;][vc_column]<style>.vcex-navbar.vcex_69e3852fefd0c a.vcex-navbar-link{color:#ffffff;text-decoration-line:none;font-family:Industry;line-height:1.1em;text-transform:uppercase;}.vcex-navbar.vcex_69e3852fefd0c a.vcex-navbar-link:is(:hover,.active){color:#fdc616;}.vcex-navbar.vcex_69e3852fefd0c{font-size:15px;}<\/style><nav class=\"vcex-navbar vcex-module align-left wpex-clr vcex_69e3852fefd0c\"><div class=\"vcex-navbar-inner wpex-clr wpex-float-left wpex-last-mr-0 visible-desktop\"><a href=\"https:\/\/swetechockey.com\/startsida\/utbildningar\/summer-challenge-eng\/\" class=\"vcex-navbar-link vcex-navbar-link--23292 wpex-inline-block wpex-float-left wpex-mr-5 wpex-mb-5 theme-txt-link wpex-font-bold wpex-text-1em vc_custom_1721735492311\"><span class=\"vcex-navbar-link-text\">Start<\/span><\/a><a href=\"https:\/\/swetechockey.com\/startsida\/event\/skills-challenge-2025\/\" class=\"vcex-navbar-link vcex-navbar-link--23289 wpex-inline-block wpex-float-left wpex-mr-5 wpex-mb-5 theme-txt-link wpex-font-bold wpex-text-1em vc_custom_1721735492311\"><span class=\"vcex-navbar-link-text\">Skills Challenge<\/span><\/a><a href=\"https:\/\/swetechockey.com\/startsida\/event\/elite-challenge-25\/\" class=\"vcex-navbar-link vcex-navbar-link--23326 wpex-inline-block wpex-float-left wpex-mr-5 wpex-mb-5 theme-txt-link wpex-font-bold wpex-text-1em vc_custom_1721735492311\"><span class=\"vcex-navbar-link-text\">Elite Challenge<\/span><\/a><a href=\"https:\/\/swetechockey.com\/startsida\/utbildningar\/summer-challenge-eng\/leaderteam\/\" class=\"vcex-navbar-link vcex-navbar-link--23342 wpex-inline-block wpex-float-left wpex-mr-5 wpex-mb-5 theme-txt-link wpex-font-bold wpex-text-1em vc_custom_1721735492311\"><span class=\"vcex-navbar-link-text\">Leaderteam<\/span><\/a><a href=\"https:\/\/swetechockey.com\/startsida\/utbildningar\/summer-challenge-eng\/welcome-info\/\" class=\"vcex-navbar-link vcex-navbar-link--23332 wpex-inline-block wpex-float-left wpex-mr-5 wpex-mb-5 theme-txt-link wpex-font-bold wpex-text-1em vc_custom_1721735492311\"><span class=\"vcex-navbar-link-text\">Welcome info<\/span><\/a><a href=\"https:\/\/swetechockey.com\/startsida\/utbildningar\/summer-challenge-eng\/booking-rules\/\" class=\"vcex-navbar-link vcex-navbar-link--23346 wpex-inline-block wpex-float-left wpex-mr-5 wpex-mb-5 theme-txt-link wpex-font-bold wpex-text-1em vc_custom_1721735492311\"><span class=\"vcex-navbar-link-text\">Booking rules<\/span><\/a><a href=\"https:\/\/swetechockey.com\/startsida\/utbildningar\/summer-challenge-swe\/\" class=\"vcex-navbar-link vcex-navbar-link--1301 wpex-inline-block wpex-float-left wpex-mr-5 wpex-mb-5 theme-txt-link wpex-font-bold wpex-text-1em vc_custom_1721735492311\"><span class=\"vcex-navbar-link-text\">In Swedish<\/span><\/a><\/div><div class=\"vcex-navbar-mobile-select hidden-desktop wpex-select-wrap\"><select autocomplete=\"off\"><option data-prompt=\"true\">Meny<\/option><option>Start<\/option><option>Skills Challenge<\/option><option>Elite Challenge<\/option><option>Leaderteam<\/option><option>Welcome info<\/option><option>Booking rules<\/option><option>In Swedish<\/option><\/select><div class=\"wpex-select-arrow\"><span class=\"wpex-select-arrow__icon wpex-icon--sm wpex-flex wpex-icon\" aria-hidden=\"true\"><svg viewBox=\"0 0 24 24\" xmlns=\"http:\/\/www.w3.org\/2000\/svg\"><rect fill=\"none\" height=\"24\" width=\"24\"\/><g transform=\"matrix(0, -1, 1, 0, -0.115, 23.885)\"><polygon points=\"17.77,3.77 16,2 6,12 16,22 17.77,20.23 9.54,12\"\/><\/g><\/svg><\/span><\/div><\/div><\/nav>[\/vc_column][\/vc_row][vc_row full_width=&#8221;stretch_row&#8221; content_placement=&#8221;middle&#8221; columns_right=&#8221;yes&#8221; wpex_bg_position=&#8221;bottom&#8221; css=&#8221;.vc_custom_1721735917343{margin-bottom: 100px !important;}&#8221;][vc_column width=&#8221;1\/2&#8243;]<figure class=\"vcex-image vcex-module wpex-text-center\"><div class=\"vcex-image-inner wpex-relative wpex-inline-block vc_custom_1720976160060\"><img width=\"1500\" height=\"964\" src=\"https:\/\/media.swetechockey.com\/2024\/04\/sc_logo_digtalt.png\" class=\"vcex-image-img wpex-align-middle\" alt=\"\" loading=\"lazy\" decoding=\"async\" srcset=\"https:\/\/media.swetechockey.com\/2024\/04\/sc_logo_digtalt.png 1500w, https:\/\/media.swetechockey.com\/2024\/04\/sc_logo_digtalt-400x257.png 400w, https:\/\/media.swetechockey.com\/2024\/04\/sc_logo_digtalt-1024x658.png 1024w, https:\/\/media.swetechockey.com\/2024\/04\/sc_logo_digtalt-768x494.png 768w, https:\/\/media.swetechockey.com\/2024\/04\/sc_logo_digtalt-600x386.png 600w, https:\/\/media.swetechockey.com\/2024\/04\/sc_logo_digtalt-250x161.png 250w, https:\/\/media.swetechockey.com\/2024\/04\/sc_logo_digtalt-800x514.png 800w, https:\/\/media.swetechockey.com\/2024\/04\/sc_logo_digtalt-500x321.png 500w\" sizes=\"auto, (max-width: 1500px) 100vw, 1500px\" \/><\/div><\/figure>[\/vc_column][vc_column width=&#8221;1\/2&#8243;][vc_column_text css=&#8221;.vc_custom_1753859329149{padding-top: 30px !important;}&#8221;]\n<h2>Welcome to &#8221;SUPER WEEK&#8221; 2026!<\/h2>\n<p><strong>SUMMER CHALLENGE<\/strong> will be <strong>25 years<\/strong> old in 2026, is Sweden&#8217;s most ambitious hockey camp for highly motivated participants, you invest in your future career. We work according to <strong>MODERATE<\/strong> is the worst, order and discipline. We follow Swetec&#8217;s concept of learning and educational tools with Swetec&#8217;s professional leadership team.<\/p>\n<p>Our goal is to develop each participant, to understand <strong>WHY, HOW<\/strong> and <strong>WHEN<\/strong>. The requirement to become a high performance ice hockey player requires details. Challenge requires discipline and preparation before camp.<\/p>\n<p>We offer 3 ice sessions a day with a focus on skating technique, skill control, game understanding and integrated with 2 physical sessions <strong><a href=\"http:\/\/hockeyfit.swetechockey.com\">XHOCKEYFIT<\/a><\/strong> and a well-organized schedule.<\/p>\n<p><strong>Welcome to Swetec Summer Challenge, most ice in Europe!<\/strong>[\/vc_column_text][\/vc_column][\/vc_row][vc_row column_spacing=&#8221;0px&#8221; equal_height=&#8221;yes&#8221; remove_bottom_col_margin=&#8221;true&#8221; css=&#8221;.vc_custom_1687338878940{margin-bottom: 60px !important;}&#8221; el_class=&#8221;campinfobox&#8221;][vc_column width=&#8221;1\/3&#8243; css=&#8221;.vc_custom_1720991171089{background-image: url(https:\/\/media.swetechockey.com\/2024\/07\/sc_1-1.png?id=23123) !important;background-position: center !important;background-repeat: no-repeat !important;background-size: cover !important;}&#8221; min_height=&#8221;250px&#8221;][\/vc_column][vc_column width=&#8221;2\/3&#8243; css=&#8221;.vc_custom_1687338444905{background-color: #ffffff !important;}&#8221;]<style>.vcex-heading.vcex_69e3852ff2c92{color:#ffffff;font-size:26px;background-color:var(--wpex-accent);}@media (max-width:479px){.vcex-heading.vcex_69e3852ff2c92{font-size:20px;}}<\/style><h2 class=\"vcex-heading vcex-heading-plain vcex-module wpex-heading wpex-text-2xl wpex-h2 wpex-rounded-0 wpex-text-left vc_custom_1720991202069 vcex_69e3852ff2c92\"><span class=\"vcex-heading-inner wpex-inline-block\">SKILLS SUMMER CHALLENGE<\/span><\/h2><style>.vcex-heading.vcex_69e3852ff30ee{color:#2496d3;font-size:15px;font-weight:500;font-style:italic;text-transform:uppercase;background-color:var(--wpex-accent);}@media (max-width:479px){.vcex-heading.vcex_69e3852ff30ee{font-size:13px;}}<\/style><div class=\"vcex-heading vcex-heading-plain vcex-module wpex-heading wpex-text-2xl wpex-div wpex-rounded-0 wpex-text-left vc_custom_1753858651296 vcex_69e3852ff30ee\"><a href=\"https:\/\/swetechockey.com\/startsida\/event\/skills-challenge-2025\/\" class=\"wpex-no-underline wpex-inherit-color-important\" target=\"_self\"><span class=\"vcex-heading-inner wpex-inline-block\">4 - 11 July 2026, Tyrshov Arena, Tyringe<\/span><\/a><\/div><div class=\"vcex-module vcex-divider vcex-divider-solid vcex-divider-center wpex-mx-auto wpex-max-w-100 wpex-block wpex-h-0 wpex-border-b wpex-border-solid wpex-border-main linje\" style=\"width:100%;\"><\/div><style>.vcex-leader.vcex_69e3852ff3985{color:#020f34;font-size:17px;}.vcex-leader.vcex_69e3852ff3985 .vcex-leader-item__label,.vcex-leader.vcex_69e3852ff3985 .vcex-leader-item__value{background:#ffffff;}.vcex-leader.vcex_69e3852ff3985 .vcex-leader-item__label{font-weight:700;}.vcex-leader.vcex_69e3852ff3985 .vcex-leader-item__value{font-weight:400;}@media (max-width:479px){.vcex-leader.vcex_69e3852ff3985{font-size:15px;}}<\/style><div class=\"vcex-leader vcex-leader-minimal vcex-module wpex-overflow-hidden wpex-mx-auto wpex-max-w-100 wpex-last-mb-0 wpex-clr vcex-responsive campinfo vcex_69e3852ff3985\"><div class=\"vcex-leader-item wpex-clr\"><span class=\"vcex-leader-item__label vcex-first wpex-pr-5 wpex-surface-1 wpex-relative wpex-z-2\">Type of camp<\/span><span class=\"vcex-leader-item__value vcex-last wpex-float-right wpex-pl-5 wpex-surface-1 wpex-relative wpex-z-2\">6 Days Camp<\/span><\/div><div class=\"vcex-leader-item wpex-clr\"><span class=\"vcex-leader-item__label vcex-first wpex-pr-5 wpex-surface-1 wpex-relative wpex-z-2\">Focus area<\/span><span class=\"vcex-leader-item__value vcex-last wpex-float-right wpex-pl-5 wpex-surface-1 wpex-relative wpex-z-2\">Develop Camp with Skate&Skills<\/span><\/div><div class=\"vcex-leader-item wpex-clr\"><span class=\"vcex-leader-item__label vcex-first wpex-pr-5 wpex-surface-1 wpex-relative wpex-z-2\">Age<\/span><span class=\"vcex-leader-item__value vcex-last wpex-float-right wpex-pl-5 wpex-surface-1 wpex-relative wpex-z-2\">11 - 15 year<\/span><\/div><div class=\"vcex-leader-item wpex-clr\"><span class=\"vcex-leader-item__label vcex-first wpex-pr-5 wpex-surface-1 wpex-relative wpex-z-2\">Instructors<\/span><span class=\"vcex-leader-item__value vcex-last wpex-float-right wpex-pl-5 wpex-surface-1 wpex-relative wpex-z-2\">Team Swetec<\/span><\/div><div class=\"vcex-leader-item wpex-clr\"><span class=\"vcex-leader-item__label vcex-first wpex-pr-5 wpex-surface-1 wpex-relative wpex-z-2\">Price<\/span><span class=\"vcex-leader-item__value vcex-last wpex-float-right wpex-pl-5 wpex-surface-1 wpex-relative wpex-z-2\">6999 SEK (1800 Reg. Fee)<\/span><\/div><\/div><div class=\"theme-button-wrap theme-button-block-wrap wpex-block wpex-clear wpex-clr\"><a href=\"https:\/\/swetechockey.com\/startsida\/event\/summer-challenge-26\/\" class=\"vcex-button theme-button align-right block\"><span class=\"vcex-button-inner theme-button-inner wpex-flex wpex-flex-wrap wpex-items-center wpex-justify-center\">Read more and book your place<span class=\"vcex-button-icon vcex-icon-wrap theme-button-icon-right\"><span aria-hidden=\"true\" class=\"vc-material vc-material-arrow_forward\"><\/span><\/span><\/span><\/a><\/div> [\/vc_column][\/vc_row][vc_row column_spacing=&#8221;60&#8243; disable_element=&#8221;yes&#8221;][vc_column width=&#8221;1\/2&#8243;]<style>.vcex-heading.vcex_69e3853000406{color:#ffffff;font-size:30px;background-color:#010e35;}<\/style><h2 class=\"vcex-heading vcex-heading-plain vcex-module wpex-heading wpex-text-2xl wpex-h2 wpex-px-0 wpex-py-0 vc_custom_1721727517807 vcex_69e3853000406\"><span class=\"vcex-heading-inner wpex-inline-block\">Skills Challenge<\/span><\/h2><style>.vcex-heading.vcex_69e38530007d2{color:#fffefe;background-color:#010e35;}<\/style><h3 class=\"vcex-heading vcex-heading-plain vcex-module wpex-heading wpex-text-2xl wpex-h3 wpex-px-0 wpex-py-0 wpex-mb-0 vc_custom_1721727537942 vcex_69e38530007d2\"><span class=\"vcex-heading-inner wpex-inline-block\">5-12 juli 2025 i Tyringe<\/span><\/h3>[vc_column_text css=&#8221;.vc_custom_1721727551841{padding-top: 10px !important;padding-right: 30px !important;padding-bottom: 50px !important;padding-left: 30px !important;background-color: #010e35 !important;}&#8221; color=&#8221;#ffffff&#8221; el_class=&#8221;boxtext&#8221;]<strong>Skate &amp; Skills<\/strong> Camp \u00e4r f\u00f6r superpeppade och motiverade yngre spelare med ambitioner.<\/p>\n<p>Campen \u00e4r 6 dagars med 1 dag vila, 40 spelare \u00e4r baserade p\u00e5 \u00e5lder\/niv\u00e5 f\u00f6r att ge varje individ b\u00e4sta utveckling med v\u00e5ra professionella tr\u00e4nares fulla uppm\u00e4rksamhet.<\/p>\n<p><strong>2 grupper med 20 spelare, f\u00f6dda 2010 &#8211; 2013<\/strong>[\/vc_column_text]<style>.vcex-button.vcex_69e3853000c3d{background:#fdc616;color:#010e35!important;}.vcex-button.vcex_69e3853000c3d:hover{background:#fdc616!important;color:#010e35!important;}<\/style><div class=\"vc_custom_1721727589709 wpex-clr\"><a href=\"https:\/\/swetechockey.com\/startsida\/event\/skills-challenge-2025\/\" class=\"vcex-button theme-button align-right inline vcex_69e3853000c3d\"><span class=\"vcex-button-inner theme-button-inner wpex-flex wpex-flex-wrap wpex-items-center wpex-justify-center\">BOOK &#8211; Skills Challenge <\/span><\/a><\/div> [\/vc_column][vc_column width=&#8221;1\/2&#8243;]<style>.vcex-heading.vcex_69e3853001078{color:#ffffff;font-size:30px;background-color:#010e35;}<\/style><h2 class=\"vcex-heading vcex-heading-plain vcex-module wpex-heading wpex-text-2xl wpex-h2 wpex-px-0 wpex-py-0 vc_custom_1721727347023 vcex_69e3853001078\"><span class=\"vcex-heading-inner wpex-inline-block\">Elite Challenge<\/span><\/h2><style>.vcex-heading.vcex_69e3853001463{color:#ffffff;background-color:#010e35;}<\/style><h3 class=\"vcex-heading vcex-heading-plain vcex-module wpex-heading wpex-text-2xl wpex-h3 wpex-px-0 wpex-py-0 wpex-mb-0 vc_custom_1721727377328 vcex_69e3853001463\"><span class=\"vcex-heading-inner wpex-inline-block\">6-12 juli 2025 i Tyringe<\/span><\/h3>[vc_column_text css=&#8221;.vc_custom_1721727390535{padding-top: 10px !important;padding-right: 30px !important;padding-bottom: 50px !important;padding-left: 30px !important;background-color: #010e35 !important;}&#8221; color=&#8221;#ffffff&#8221; el_class=&#8221;boxtext&#8221;]<strong>PRECAMP <\/strong>f\u00f6r JUNIOR\/SENIORER med fokus p\u00e5 prestations &#8211; UTVECKLING och inf\u00f6r s\u00e4songen.<\/p>\n<p>Campen \u00e4r 4 eller 7 dagars, 24 spelare med H\u00d6GA krav att prestera och vara proffsig under campen, spelarna \u00e4r topp ifr\u00e5n U16 elit till SENIOR\/NHL. Professionell v\u00e4gledning av coacherna.<\/p>\n<p><strong>2 grupper med 12 spelare, f\u00f6dda 2009 &gt; Senior<\/strong>[\/vc_column_text]<style>.vcex-button.vcex_69e385300190b{background:#fdc616;color:#010e35!important;}.vcex-button.vcex_69e385300190b:hover{background:#fdc616!important;color:#010e35!important;}<\/style><div class=\"vc_custom_1721727442144 wpex-clr\"><a href=\"https:\/\/swetechockey.com\/startsida\/event\/elite-challenge-25\/\" class=\"vcex-button theme-button align-right inline vcex_69e385300190b\"><span class=\"vcex-button-inner theme-button-inner wpex-flex wpex-flex-wrap wpex-items-center wpex-justify-center\">BOOK &#8211; Elite Challenge <\/span><\/a><\/div> [\/vc_column][\/vc_row][vc_row column_spacing=&#8221;0px&#8221; equal_height=&#8221;yes&#8221; remove_bottom_col_margin=&#8221;true&#8221; css=&#8221;.vc_custom_1687338878940{margin-bottom: 60px !important;}&#8221; el_class=&#8221;campinfobox&#8221;][vc_column width=&#8221;1\/3&#8243; css=&#8221;.vc_custom_1720991171089{background-image: url(https:\/\/media.swetechockey.com\/2024\/07\/sc_1-1.png?id=23123) !important;background-position: center !important;background-repeat: no-repeat !important;background-size: cover !important;}&#8221; min_height=&#8221;250px&#8221;][\/vc_column][vc_column width=&#8221;2\/3&#8243; css=&#8221;.vc_custom_1687338444905{background-color: #ffffff !important;}&#8221;]<style>.vcex-heading.vcex_69e3853001cef{color:#ffffff;font-size:26px;background-color:var(--wpex-accent);}@media (max-width:479px){.vcex-heading.vcex_69e3853001cef{font-size:20px;}}<\/style><h2 class=\"vcex-heading vcex-heading-plain vcex-module wpex-heading wpex-text-2xl wpex-h2 wpex-rounded-0 wpex-text-left vc_custom_1753861616900 vcex_69e3853001cef\"><span class=\"vcex-heading-inner wpex-inline-block\">ELITE PRO SUMMER CHALLENGE<\/span><\/h2><style>.vcex-heading.vcex_69e38530020cf{color:#2496d3;font-size:15px;font-weight:500;font-style:italic;text-transform:uppercase;background-color:var(--wpex-accent);}@media (max-width:479px){.vcex-heading.vcex_69e38530020cf{font-size:13px;}}<\/style><div class=\"vcex-heading vcex-heading-plain vcex-module wpex-heading wpex-text-2xl wpex-div wpex-rounded-0 wpex-text-left vc_custom_1753858684360 vcex_69e38530020cf\"><a href=\"https:\/\/swetechockey.com\/startsida\/event\/skills-challenge-2025\/\" class=\"wpex-no-underline wpex-inherit-color-important\" target=\"_self\"><span class=\"vcex-heading-inner wpex-inline-block\">5 - 11 July 2026, Tyrshov Arena, Tyringe<\/span><\/a><\/div><div class=\"vcex-module vcex-divider vcex-divider-solid vcex-divider-center wpex-mx-auto wpex-max-w-100 wpex-block wpex-h-0 wpex-border-b wpex-border-solid wpex-border-main linje\" style=\"width:100%;\"><\/div><style>.vcex-leader.vcex_69e38530025da{color:#020f34;font-size:17px;}.vcex-leader.vcex_69e38530025da .vcex-leader-item__label,.vcex-leader.vcex_69e38530025da .vcex-leader-item__value{background:#ffffff;}.vcex-leader.vcex_69e38530025da .vcex-leader-item__label{font-weight:700;}.vcex-leader.vcex_69e38530025da .vcex-leader-item__value{font-weight:400;}@media (max-width:479px){.vcex-leader.vcex_69e38530025da{font-size:15px;}}<\/style><div class=\"vcex-leader vcex-leader-minimal vcex-module wpex-overflow-hidden wpex-mx-auto wpex-max-w-100 wpex-last-mb-0 wpex-clr vcex-responsive campinfo vcex_69e38530025da\"><div class=\"vcex-leader-item wpex-clr\"><span class=\"vcex-leader-item__label vcex-first wpex-pr-5 wpex-surface-1 wpex-relative wpex-z-2\">Type of camp<\/span><span class=\"vcex-leader-item__value vcex-last wpex-float-right wpex-pl-5 wpex-surface-1 wpex-relative wpex-z-2\">7 Days Camp<\/span><\/div><div class=\"vcex-leader-item wpex-clr\"><span class=\"vcex-leader-item__label vcex-first wpex-pr-5 wpex-surface-1 wpex-relative wpex-z-2\">Fokusomr\u00e5den<\/span><span class=\"vcex-leader-item__value vcex-last wpex-float-right wpex-pl-5 wpex-surface-1 wpex-relative wpex-z-2\">Develop Camp for Season<\/span><\/div><div class=\"vcex-leader-item wpex-clr\"><span class=\"vcex-leader-item__label vcex-first wpex-pr-5 wpex-surface-1 wpex-relative wpex-z-2\">Age<\/span><span class=\"vcex-leader-item__value vcex-last wpex-float-right wpex-pl-5 wpex-surface-1 wpex-relative wpex-z-2\">16 year - Senior<\/span><\/div><div class=\"vcex-leader-item wpex-clr\"><span class=\"vcex-leader-item__label vcex-first wpex-pr-5 wpex-surface-1 wpex-relative wpex-z-2\">Instructors<\/span><span class=\"vcex-leader-item__value vcex-last wpex-float-right wpex-pl-5 wpex-surface-1 wpex-relative wpex-z-2\">Team SWETEC<\/span><\/div><div class=\"vcex-leader-item wpex-clr\"><span class=\"vcex-leader-item__label vcex-first wpex-pr-5 wpex-surface-1 wpex-relative wpex-z-2\">Price<\/span><span class=\"vcex-leader-item__value vcex-last wpex-float-right wpex-pl-5 wpex-surface-1 wpex-relative wpex-z-2\">7999 SEK (1800 Reg. Fee)<\/span><\/div><\/div><div class=\"theme-button-wrap theme-button-block-wrap wpex-block wpex-clear wpex-clr\"><a href=\"https:\/\/swetechockey.com\/startsida\/event\/elite-pro-challenge-26\/\" class=\"vcex-button theme-button align-right block\"><span class=\"vcex-button-inner theme-button-inner wpex-flex wpex-flex-wrap wpex-items-center wpex-justify-center\">Read more and book your place<span class=\"vcex-button-icon vcex-icon-wrap theme-button-icon-right\"><span aria-hidden=\"true\" class=\"vc-material vc-material-arrow_forward\"><\/span><\/span><\/span><\/a><\/div> [\/vc_column][\/vc_row]\n<\/div>","protected":false},"excerpt":{"rendered":"<p>[vc_row css=&#8221;.vc_custom_1721736597710{margin-top: 40px !important;margin-bottom: 60px !important;padding-top: 5px !important;padding-bottom: 5px !important;padding-left: 20px !important;background-color: #010e35 !important;border-radius: 4px !important;}&#8221;][vc_column][\/vc_column][\/vc_row][vc_row full_width=&#8221;stretch_row&#8221; content_placement=&#8221;middle&#8221; columns_right=&#8221;yes&#8221; wpex_bg_position=&#8221;bottom&#8221; css=&#8221;.vc_custom_1721735917343{margin-bottom: 100px !important;}&#8221;][vc_column width=&#8221;1\/2&#8243;][\/vc_column][vc_column width=&#8221;1\/2&#8243;][vc_column_text css=&#8221;.vc_custom_1753859329149{padding-top: 30px !important;}&#8221;] Welcome to&hellip;<\/p>\n","protected":false},"author":1,"featured_media":0,"parent":16205,"menu_order":0,"comment_status":"closed","ping_status":"closed","template":"","meta":{"_price":"","_stock":"","_tribe_ticket_header":"","_tribe_default_ticket_provider":"","_tribe_ticket_capacity":"0","_ticket_start_date":"","_ticket_end_date":"","_tribe_ticket_show_description":"","_tribe_ticket_show_not_going":false,"_tribe_ticket_use_global_stock":"","_tribe_ticket_global_stock_level":"","_global_stock_mode":"","_global_stock_cap":"","_tribe_rsvp_for_event":"","_tribe_ticket_going_count":"","_tribe_ticket_not_going_count":"","_tribe_tickets_list":"[]","_tribe_ticket_has_attendee_info_fields":false,"footnotes":""},"class_list":["post-23292","page","type-page","status-publish","hentry","entry","no-media"],"_links":{"self":[{"href":"https:\/\/swetechockey.com\/startsida\/wp-json\/wp\/v2\/pages\/23292","targetHints":{"allow":["GET"]}}],"collection":[{"href":"https:\/\/swetechockey.com\/startsida\/wp-json\/wp\/v2\/pages"}],"about":[{"href":"https:\/\/swetechockey.com\/startsida\/wp-json\/wp\/v2\/types\/page"}],"author":[{"embeddable":true,"href":"https:\/\/swetechockey.com\/startsida\/wp-json\/wp\/v2\/users\/1"}],"replies":[{"embeddable":true,"href":"https:\/\/swetechockey.com\/startsida\/wp-json\/wp\/v2\/comments?post=23292"}],"version-history":[{"count":24,"href":"https:\/\/swetechockey.com\/startsida\/wp-json\/wp\/v2\/pages\/23292\/revisions"}],"predecessor-version":[{"id":25102,"href":"https:\/\/swetechockey.com\/startsida\/wp-json\/wp\/v2\/pages\/23292\/revisions\/25102"}],"up":[{"embeddable":true,"href":"https:\/\/swetechockey.com\/startsida\/wp-json\/wp\/v2\/pages\/16205"}],"wp:attachment":[{"href":"https:\/\/swetechockey.com\/startsida\/wp-json\/wp\/v2\/media?parent=23292"}],"curies":[{"name":"wp","href":"https:\/\/api.w.org\/{rel}","templated":true}]}}