{"id":22257,"date":"2024-01-05T12:45:48","date_gmt":"2024-01-05T11:45:48","guid":{"rendered":"https:\/\/swetechockey.com\/startsida\/?page_id=22257"},"modified":"2024-08-13T10:55:04","modified_gmt":"2024-08-13T08:55:04","slug":"gratis-skateanalys","status":"publish","type":"page","link":"https:\/\/swetechockey.com\/startsida\/gratis-skateanalys\/","title":{"rendered":"GRATIS SKATEANALYS"},"content":{"rendered":"<div class=\"wpb-content-wrapper\">[vc_row][vc_column width=&#8221;2\/3&#8243;][vc_column_text]<span style=\"font-size: 21px;\"><strong><img loading=\"lazy\" decoding=\"async\" class=\"alignleft wp-image-19124 \" src=\"http:\/\/media.swetechockey.com\/2022\/11\/IMG_6930-300x300.png\" alt=\"\" width=\"242\" height=\"242\" srcset=\"https:\/\/media.swetechockey.com\/2022\/11\/IMG_6930-300x300.png 300w, https:\/\/media.swetechockey.com\/2022\/11\/IMG_6930-150x150.png 150w, https:\/\/media.swetechockey.com\/2022\/11\/IMG_6930-768x768.png 768w, https:\/\/media.swetechockey.com\/2022\/11\/IMG_6930-center-top-600x600.png 600w, https:\/\/media.swetechockey.com\/2022\/11\/IMG_6930-100x100.png 100w, https:\/\/media.swetechockey.com\/2022\/11\/IMG_6930-center-top-400x400.png 400w, https:\/\/media.swetechockey.com\/2022\/11\/IMG_6930.png 1000w\" sizes=\"auto, (max-width: 242px) 100vw, 242px\" \/><\/strong><\/span><\/p>\n<p><span style=\"font-size: 21px;\"><strong><span style=\"color: #000000; font-size: 36px;\">SKATING ANALYSIS<\/span><\/strong><\/span><\/p>\n<p><span style=\"color: #000000;\">Vi erbjuder dig <strong>GRATIS ANALYS<\/strong> av din skridsko\u00e5kning.<\/span><\/p>\n<p><em>F\u00e5 en f\u00f6rst\u00e5else f\u00f6r ett effektivare r\u00f6relse m\u00f6nster i skridsko\u00e5kningen, \u00a0detalj i spelet ishockey p\u00e5verkar din fart, energif\u00f6rbrukning och effektivitet.\u00a0<\/em><\/p>\n<p><span style=\"color: #000000;\">Genom v\u00e5r analys f\u00e5r du tips, hur du kan bli b\u00e4ttre, \u00a0justeringar f\u00f6r att bli effektivare i din SKRIDSKO R\u00d6RELSE.\u00a0<\/span><\/p>\n<p><span style=\"color: #000000;\"><strong><span style=\"color: #000000;\">HUR G\u00d6R JAG?<\/span><\/strong><\/span><br \/>\n<span style=\"color: #000000;\">Har du ett filmklipp p\u00e5 din nuvarande skridsko\u00e5kning eller kanske en film fr\u00e5n svenskhockey.se. Skicka det d\u00e5, MEN f\u00f6r b\u00e4sta analysen s\u00e5 skapar du ett filmklipp enligt beskrivning p\u00e5 sidan. (Se bilden)<br \/>\n<\/span><\/p>\n<ul>\n<li><span style=\"color: #000000;\">Mailar klippet till l\u00e4nken: <a href=\"mailto:dagge@swetechockey.com\"><strong>ISHOCKEYPT<\/strong><\/a>.<br \/>\nM\u00e4rk klippet med:\u00a0<\/span><span style=\"color: #000000;\"><strong>SKATEANALYS<\/strong>, f\u00f6delse\u00e5r, f\u00f6r och efternamn samt klubb.<\/span><\/li>\n<\/ul>\n<p><span style=\"color: #000000;\"><strong>T\u00e4nk p\u00e5 f\u00f6ljande f\u00f6r b\u00e4sta analysen:<\/strong><\/span><\/p>\n<ol>\n<li><span style=\"color: #000000;\">Starta p\u00e5 f\u00f6rl\u00e4ngda r\u00f6da linjen, \u00e5k max \u00e5kning till konan. Filma fr\u00e5n sidan vid b\u00e5set.<\/span><\/li>\n<li><span style=\"color: #000000;\">Sedan start n\u00e4sta kon: max \u00e5kning rakt fram emot kameran.\u00a0<\/span><\/li>\n<li><span style=\"color: #000000;\">Videofilma p\u00e5 sidan om du anv\u00e4nder mobil. <\/span><\/li>\n<li><span style=\"color: #000000;\">\u00c4r film f\u00f6r stora att skicka g\u00f6r det via WeTransfer, <strong><a href=\"http:\/\/www.wetransfer.com\">www.wetransfer.com\u00a0<\/a><\/strong><\/span><\/li>\n<\/ol>\n<p style=\"text-align: center;\"><span style=\"color: #000000;\"><strong><span style=\"font-size: 18px;\">Bli en b\u00e4ttre effektivare skridsko\u00e5kare!<\/span><\/strong><\/span><\/p>\n<p><strong style=\"caret-color: #000000; color: #000000; font-size: 21px;\"><img loading=\"lazy\" decoding=\"async\" class=\" wp-image-22338 alignleft\" src=\"http:\/\/media.swetechockey.com\/2024\/01\/IMG_7351-150x150.jpeg\" alt=\"\" width=\"359\" height=\"359\" srcset=\"https:\/\/media.swetechockey.com\/2024\/01\/IMG_7351-150x150.jpeg 150w, https:\/\/media.swetechockey.com\/2024\/01\/IMG_7351-300x300.jpeg 300w, https:\/\/media.swetechockey.com\/2024\/01\/IMG_7351-1024x1024.jpeg 1024w, https:\/\/media.swetechockey.com\/2024\/01\/IMG_7351-768x768.jpeg 768w, https:\/\/media.swetechockey.com\/2024\/01\/IMG_7351-1536x1536.jpeg 1536w, https:\/\/media.swetechockey.com\/2024\/01\/IMG_7351-2048x2048.jpeg 2048w, https:\/\/media.swetechockey.com\/2024\/01\/IMG_7351-600x600.jpeg 600w, https:\/\/media.swetechockey.com\/2024\/01\/IMG_7351-100x100.jpeg 100w\" sizes=\"auto, (max-width: 359px) 100vw, 359px\" \/><\/strong><\/p>\n<p><span style=\"font-size: 21px; color: #000000;\"><strong>ANALYSEN &#8211; SVARET!\u00a0<\/strong><\/span><br \/>\n<span style=\"color: #000000;\">Du kommer f\u00e5 svar via din mail med olika referens punkter eller grafiska st\u00f6dlinjer i analysen. Dessa synpunkter via skillcoachen live ca 1 min per\/del och rekommendera tips att utveckla och g\u00e5 vidare i din utveckling.\u00a0<\/span><\/p>\n<p><strong>REFERENS PUNKTER<br \/>\n<\/strong>&#8211; Kn\u00e4vinkel<br \/>\n&#8211; \u00d6verkropps position<br \/>\n&#8211; Fr\u00e5nskjut<br \/>\n&#8211; Fotvridning (Push)<br \/>\n&#8211; Armr\u00f6relse<br \/>\n&#8211; Fot\/Fot avst\u00e5nd (Centrallinje)<br \/>\n&#8211; Huvud position<\/p>\n<p>&nbsp;<\/p>\n<p><span style=\"color: #000000;\"><span style=\"font-size: 21px; color: #000000;\"><strong>HOCKEYSKATING ONLINE!\u00a0<\/strong><\/span><br \/>\nOm du vill ha en djupare analys och en grundligare genomg\u00e5ng, som tar dig till n\u00e4sta niv\u00e5 g\u00f6r man det via <strong>TEAMS<\/strong> och det kostar <strong>595 SEK<\/strong> f\u00f6r 30 min. Betalas via Swich eller PayPal. <\/span><\/p>\n<p><span style=\"color: #000000;\"><strong><img loading=\"lazy\" decoding=\"async\" class=\" wp-image-23446 alignleft\" src=\"https:\/\/media.swetechockey.com\/2024\/08\/Bild-150x150.jpeg\" alt=\"\" width=\"115\" height=\"115\" srcset=\"https:\/\/media.swetechockey.com\/2024\/08\/Bild-150x150.jpeg 150w, https:\/\/media.swetechockey.com\/2024\/08\/Bild-100x100.jpeg 100w, https:\/\/media.swetechockey.com\/2024\/08\/Bild.jpeg 300w\" sizes=\"auto, (max-width: 115px) 100vw, 115px\" \/>HOCKEYSKATING ONLINE<\/strong> &#8211; V\u00c5R distans onlinetj\u00e4nst med programmering f\u00f6r dig som vill optimera din skridsko\u00e5kning. \u00a0Programmet \u00e4r 8 veckor, med fystr\u00e4ning via online appen samt skridsko\u00f6vningar att jobba med &#8221;hemmaplan&#8221;<br \/>\n<strong>Kostnad: <\/strong>1295 SEK f\u00f6r 8 veckor.<br \/>\n<\/span><span style=\"color: #000000;\"><strong>Maila vid fr\u00e5ga\/anm\u00e4lan<\/strong>: <a href=\"mailto:dagge@swetechockey.com\"><strong>dagge@swetechockey.com<\/strong><\/a> \u00a0<\/span><\/p>\n<p><span style=\"color: #000000;\"><strong>N\u00e5gra referens spelare:\u00a0<\/strong><\/span><\/p>\n<ul>\n<li><span style=\"color: #000000;\"><strong>Flurin Rendegger\/NLA <\/strong>(Schweiz), &#8221;<em>En bra grund i min karri\u00e4r som elitspelare&#8221;.<\/em><\/span><\/li>\n<li><strong>Simon Edvinsson\/NHL<\/strong> (Detroit Red Wings), &#8221;<em>Skridsko\u00e5kningen \u00e4r nyckeln f\u00f6r mig&#8221;<\/em>.<\/li>\n<li><strong>John Dahlstr\u00f6m\/SHL<\/strong> (Oskarshamn IK), -&#8221;<em>Stabil grund med kraft och snabbhet&#8221;<\/em>.<\/li>\n<\/ul>\n[\/vc_column_text][\/vc_column][vc_column width=&#8221;1\/3&#8243;][vc_empty_space][vc_empty_space][vc_column_text]\n<p style=\"text-align: center;\"><span style=\"color: #000000; font-size: 21px;\"><strong>S\u00c5 SPELAR DU IN VIDEON:<\/strong><\/span><\/p>\n[\/vc_column_text][vc_empty_space height=&#8221;12px&#8221;][vc_single_image image=&#8221;22281&#8243;][vc_empty_space height=&#8221;22px&#8221;][vc_empty_space height=&#8221;22px&#8221;][vc_empty_space height=&#8221;22px&#8221;]<h3 class=\"vcex-heading vcex-heading-plain vcex-module wpex-heading wpex-text-2xl wpex-h3 vc_custom_1704450295212\"><span class=\"vcex-heading-inner wpex-inline-block\">FR\u00c5GOR<\/span><\/h3>\n<div class=\"wpcf7 no-js\" id=\"wpcf7-f1358-o1\" lang=\"sv-SE\" dir=\"ltr\" data-wpcf7-id=\"1358\">\n<div class=\"screen-reader-response\"><p role=\"status\" aria-live=\"polite\" aria-atomic=\"true\"><\/p> <ul><\/ul><\/div>\n<form action=\"\/startsida\/wp-json\/wp\/v2\/pages\/22257#wpcf7-f1358-o1\" method=\"post\" class=\"wpcf7-form init\" aria-label=\"Kontaktformul\u00e4r\" novalidate=\"novalidate\" data-status=\"init\">\n<fieldset class=\"hidden-fields-container\"><input type=\"hidden\" name=\"_wpcf7\" value=\"1358\" \/><input type=\"hidden\" name=\"_wpcf7_version\" value=\"6.1.5\" \/><input type=\"hidden\" name=\"_wpcf7_locale\" value=\"sv_SE\" \/><input type=\"hidden\" name=\"_wpcf7_unit_tag\" value=\"wpcf7-f1358-o1\" \/><input type=\"hidden\" name=\"_wpcf7_container_post\" value=\"0\" \/><input type=\"hidden\" name=\"_wpcf7_posted_data_hash\" value=\"\" \/><input type=\"hidden\" name=\"_wpcf7_recaptcha_response\" value=\"\" \/>\n<\/fieldset>\n<p><span class=\"wpcf7-form-control-wrap\" data-name=\"text-114\"><input size=\"40\" maxlength=\"400\" class=\"wpcf7-form-control wpcf7-text\" aria-invalid=\"false\" placeholder=\"Klubb\" value=\"\" type=\"text\" name=\"text-114\" \/><\/span>\n<\/p>\n<p><span class=\"wpcf7-form-control-wrap\" data-name=\"your-name\"><input size=\"40\" maxlength=\"400\" class=\"wpcf7-form-control wpcf7-text wpcf7-validates-as-required\" aria-required=\"true\" aria-invalid=\"false\" placeholder=\"Namn\" value=\"\" type=\"text\" name=\"your-name\" \/><\/span>\n<\/p>\n<p><span class=\"wpcf7-form-control-wrap\" data-name=\"your-email\"><input size=\"40\" maxlength=\"400\" class=\"wpcf7-form-control wpcf7-email wpcf7-validates-as-required wpcf7-text wpcf7-validates-as-email\" aria-required=\"true\" aria-invalid=\"false\" placeholder=\"E-post\" value=\"\" type=\"email\" name=\"your-email\" \/><\/span>\n<\/p>\n<p><span class=\"wpcf7-form-control-wrap\" data-name=\"text-106\"><input size=\"40\" maxlength=\"400\" class=\"wpcf7-form-control wpcf7-text\" aria-invalid=\"false\" placeholder=\"Telefon\" value=\"\" type=\"text\" name=\"text-106\" \/><\/span>\n<\/p>\n<p><span class=\"wpcf7-form-control-wrap\" data-name=\"your-message\"><textarea cols=\"40\" rows=\"10\" maxlength=\"2000\" class=\"wpcf7-form-control wpcf7-textarea\" aria-invalid=\"false\" placeholder=\"Meddelande\" name=\"your-message\"><\/textarea><\/span>\n<\/p>\n\n<p><input class=\"wpcf7-form-control wpcf7-submit has-spinner\" type=\"submit\" value=\"Skicka\" \/>\n<\/p><p style=\"display: none !important;\" class=\"akismet-fields-container\" data-prefix=\"_wpcf7_ak_\"><label>&#916;<textarea name=\"_wpcf7_ak_hp_textarea\" cols=\"45\" rows=\"8\" maxlength=\"100\"><\/textarea><\/label><input type=\"hidden\" id=\"ak_js_1\" name=\"_wpcf7_ak_js\" value=\"238\"\/><script>document.getElementById( \"ak_js_1\" ).setAttribute( \"value\", ( new Date() ).getTime() );<\/script><\/p><div class=\"wpcf7-response-output\" aria-hidden=\"true\"><\/div>\n<\/form>\n<\/div>\n[\/vc_column][\/vc_row][vc_row column_spacing=&#8221;60&#8243;][vc_column width=&#8221;2\/3&#8243;][vc_column_text][\/vc_column_text][\/vc_column][vc_column width=&#8221;1\/3&#8243; css=&#8221;.vc_custom_1635972516738{border-radius: 4px !important;}&#8221;][\/vc_column][\/vc_row]\n<\/div>","protected":false},"excerpt":{"rendered":"<p>[vc_row][vc_column width=&#8221;2\/3&#8243;][vc_column_text] SKATING ANALYSIS Vi erbjuder dig GRATIS ANALYS av din skridsko\u00e5kning. F\u00e5 en f\u00f6rst\u00e5else f\u00f6r ett effektivare r\u00f6relse m\u00f6nster i skridsko\u00e5kningen, \u00a0detalj i spelet ishockey p\u00e5verkar din fart, energif\u00f6rbrukning&hellip;<\/p>\n","protected":false},"author":1,"featured_media":0,"parent":0,"menu_order":0,"comment_status":"closed","ping_status":"closed","template":"","meta":{"_price":"","_stock":"","_tribe_ticket_header":"","_tribe_default_ticket_provider":"","_tribe_ticket_capacity":"0","_ticket_start_date":"","_ticket_end_date":"","_tribe_ticket_show_description":"","_tribe_ticket_show_not_going":false,"_tribe_ticket_use_global_stock":"","_tribe_ticket_global_stock_level":"","_global_stock_mode":"","_global_stock_cap":"","_tribe_rsvp_for_event":"","_tribe_ticket_going_count":"","_tribe_ticket_not_going_count":"","_tribe_tickets_list":"[]","_tribe_ticket_has_attendee_info_fields":false,"footnotes":""},"class_list":["post-22257","page","type-page","status-publish","hentry","entry","no-media"],"_links":{"self":[{"href":"https:\/\/swetechockey.com\/startsida\/wp-json\/wp\/v2\/pages\/22257","targetHints":{"allow":["GET"]}}],"collection":[{"href":"https:\/\/swetechockey.com\/startsida\/wp-json\/wp\/v2\/pages"}],"about":[{"href":"https:\/\/swetechockey.com\/startsida\/wp-json\/wp\/v2\/types\/page"}],"author":[{"embeddable":true,"href":"https:\/\/swetechockey.com\/startsida\/wp-json\/wp\/v2\/users\/1"}],"replies":[{"embeddable":true,"href":"https:\/\/swetechockey.com\/startsida\/wp-json\/wp\/v2\/comments?post=22257"}],"version-history":[{"count":62,"href":"https:\/\/swetechockey.com\/startsida\/wp-json\/wp\/v2\/pages\/22257\/revisions"}],"predecessor-version":[{"id":23447,"href":"https:\/\/swetechockey.com\/startsida\/wp-json\/wp\/v2\/pages\/22257\/revisions\/23447"}],"wp:attachment":[{"href":"https:\/\/swetechockey.com\/startsida\/wp-json\/wp\/v2\/media?parent=22257"}],"curies":[{"name":"wp","href":"https:\/\/api.w.org\/{rel}","templated":true}]}}