{"id":17349,"date":"2022-02-15T11:45:37","date_gmt":"2022-02-15T10:45:37","guid":{"rendered":"http:\/\/swetechockey.com\/?page_id=17349"},"modified":"2025-02-16T12:37:57","modified_gmt":"2025-02-16T11:37:57","slug":"hockeyfys","status":"publish","type":"page","link":"https:\/\/swetechockey.com\/startsida\/hockeyfys\/","title":{"rendered":"Online Coachning"},"content":{"rendered":"<div class=\"wpb-content-wrapper\">[vc_row disable_element=&#8221;yes&#8221; typography_style=&#8221;white&#8221; css=&#8221;.vc_custom_1645006945869{margin-bottom: 40px !important;}&#8221;][vc_column][vc_column_text]\n<h1 style=\"text-align: center;\"><strong><span style=\"color: #000000;\"><span style=\"caret-color: #000000;\">HOCKEYFYS P\u00c5 SWETEC<br \/>\n<\/span><\/span><\/strong><span style=\"font-size: 18px; color: #000000;\">Passar dig som enskild hockeyspelare eller f\u00f6rening.<\/span><\/h1>\n[\/vc_column_text][vc_empty_space][\/vc_column][vc_column width=&#8221;1\/2&#8243;][vc_column_text]\n<h2 class=\"sc_item_title sc_title_title sc_align_default sc_item_title_style_default\"><span style=\"color: #000000;\">OM HOCKEY<\/span><\/h2>\n<div class=\"sc_item_descr sc_title_descr sc_align_default\"><span style=\"color: #000000;\">Hockey \u00e4r en komplex sport. Den kr\u00e4ver snabbhet och explosivitet f\u00f6r att man\u00f6vrera riktningsf\u00f6r\u00e4ndringar, bli tacklad, finta en motst\u00e5ndare eller vara f\u00f6rst till pucken. Dessutom kr\u00e4vs det att en hockeyspelare skall orka h\u00e5lla h\u00f6g intensitet i ett byte.\u00a0<\/span><\/div>\n<div><\/div>\n<div class=\"sc_item_descr sc_title_descr sc_align_default\"><span style=\"color: #000000;\">N\u00e4r man \u00f6vers\u00e4tter detta i fysiologi s\u00e5 kr\u00e4vs kondition, uth\u00e5llighet, styrka, explosivitet och snabbhet. Det \u00e4r m\u00e5nga tr\u00e4ningskvalit\u00e9er som m\u00e5ste utvecklas, detta hj\u00e4lper vi dig med!<\/span><\/div>\n[\/vc_column_text][\/vc_column][vc_column width=&#8221;1\/2&#8243;][vc_single_image image=&#8221;13957&#8243;][\/vc_column][\/vc_row][vc_row content_placement=&#8221;middle&#8221; column_spacing=&#8221;60&#8243; css=&#8221;.vc_custom_1645009731934{margin-bottom: 40px !important;}&#8221;][vc_column width=&#8221;1\/4&#8243;][vc_single_image image=&#8221;17717&#8243; img_size=&#8221;medium&#8221;][\/vc_column][vc_column width=&#8221;3\/4&#8243;][vc_column_text]\n<h2>XFIT ONLINE &#8211; FYSTR\u00c4NING F\u00d6R ISHOCKEY<\/h2>\n<p>Hockey \u00e4r en komplex idrott som kr\u00e4ver uth\u00e5llighet, snabbhet och explosivitet f\u00f6r att man\u00f6vrera riktningsf\u00f6r\u00e4ndringar. Man beh\u00f6ver ofta en struktur och v\u00e4gledning f\u00f6r att n\u00e5 optimala prestations f\u00f6ruts\u00e4ttningar samt h\u00e5lla kroppen skadefri.<\/p>\n<p>Med v\u00e5r ONLINE tj\u00e4nst kommer du n\u00e5 den fysiologiska egenskaperna som kr\u00e4vs &#8211; kondition, uth\u00e5llighet, styrka, explosivitet och snabbhet. Det \u00e4r m\u00e5nga tr\u00e4ningskvalit\u00e9er som m\u00e5ste utvecklas, detta hj\u00e4lper vi dig med!<\/p>\n<p><strong><em>ONLINE tj\u00e4nsten g\u00f6r att du kompletterar din klubbtr\u00e4ning, kan g\u00f6ras vart du vill, och n\u00e4r som helst. Enkelt via mobilen och v\u00e5r app.\u00a0<\/em><\/strong>[\/vc_column_text][\/vc_column][\/vc_row][vc_row content_placement=&#8221;middle&#8221; column_spacing=&#8221;60&#8243; css=&#8221;.vc_custom_1645009731934{margin-bottom: 40px !important;}&#8221;][vc_column width=&#8221;1\/4&#8243;][vc_single_image image=&#8221;21797&#8243;][\/vc_column][vc_column width=&#8221;1\/2&#8243;][vc_column_text]\n<h2>S\u00c5 H\u00c4R G\u00c5R DET TILL<\/h2>\n<p><strong>6 ENKLA STEG<\/strong><\/p>\n<ol>\n<li>DU trycker <strong>BOKA Paypal<\/strong>, och betala f\u00f6rsta m\u00e5nadsavgiften.<\/li>\n<li>Vi kontaktar dig inom 48 timmar via mail f\u00f6r mer information.<\/li>\n<li>Inom 1 &#8211; 2 dagar har du inloggningen med f\u00f6rsta start tr\u00e4ningen.<\/li>\n<li>Du kollar igenom appen och kalendern, st\u00e4ller fr\u00e5gor via chatten.<\/li>\n<li>Sedan kommer ditt f\u00f6rsta &#8221;riktiga&#8221; program med tv\u00e5 period.<\/li>\n<li>Din f\u00f6rsta veckorapport efter en tv\u00e5 veckor<\/li>\n<\/ol>\n<p><span style=\"color: #010e35; font-size: 24px; font-style: italic; font-weight: 900; text-transform: uppercase;\">Vad ing\u00e5r i online coachningen?<\/span><\/p>\n<p>N\u00e4r du k\u00f6per XFIT 12 m\u00e5nader ing\u00e5r f\u00f6ljande:<\/p>\n<ul>\n<li>Konsultation (information inh\u00e4mtning) Uppstart<\/li>\n<li>Tr\u00e4ningsschema efter \u00e5lder och m\u00e5ls\u00e4ttning<\/li>\n<li>Veckovis rapportering<\/li>\n<li>2 &#8211; 4 veckors perioder som f\u00f6ljer pyramid uppl\u00e4gget<\/li>\n<li>Tydliga instruktioner med text, video och bilder.<\/li>\n<li>Allt i appen med chatta.<\/li>\n<\/ul>\n[\/vc_column_text]<style>.vcex-heading.vcex_69e73b6665aa6{color:#ffffff;font-size:14px;font-weight:600;font-style:italic;}<\/style><h4 class=\"vcex-heading vcex-heading-plain vcex-module wpex-heading wpex-text-2xl wpex-h4 wpex-text-center vc_custom_1699439544069 vcex_69e73b6665aa6\"><a href=\"http:\/\/hockeyfit.swetechockey.com\/produkt\/pth\/\" class=\"wpex-no-underline wpex-inherit-color-important\" target=\"_self\"><span class=\"vcex-heading-inner wpex-inline-block\">BOKA H\u00c4R!<\/span><\/a><\/h4>[\/vc_column][vc_column width=&#8221;1\/4&#8243;][vc_single_image image=&#8221;17369&#8243; img_size=&#8221;medium&#8221;][\/vc_column][\/vc_row][vc_row typography_style=&#8221;white&#8221; css=&#8221;.vc_custom_1645008252925{margin-bottom: 40px !important;padding-top: 30px !important;padding-bottom: 30px !important;}&#8221;][vc_column]<style>.vcex-heading.vcex_69e73b6666235{color:#001541;}<\/style><h1 class=\"vcex-heading vcex-heading-plain vcex-module wpex-heading wpex-text-2xl wpex-h1 wpex-text-center vcex_69e73b6666235\"><span class=\"vcex-heading-inner wpex-inline-block\">VAD SOM KR\u00c4VS F\u00d6R ISHOCKEY!<\/span><\/h1>[\/vc_column][\/vc_row][vc_row column_spacing=&#8221;30&#8243; typography_style=&#8221;white&#8221; wpex_bg_overlay=&#8221;color&#8221; css=&#8221;.vc_custom_1645009842949{margin-bottom: 100px !important;padding-top: 30px !important;padding-right: 20px !important;padding-left: 20px !important;background: #010e35 url(http:\/\/media.swetechockey.com\/2021\/10\/el_bak_start.png?id=15981) !important;background-position: center !important;background-repeat: no-repeat !important;background-size: cover !important;border-radius: 5px !important;}&#8221; wpex_bg_overlay_color=&#8221;#010e35&#8243; wpex_bg_overlay_opacity=&#8221;0.5&#8243; wpex_bg_position=&#8221;center center&#8221;][vc_column width=&#8221;1\/5&#8243;]<h2 class=\"vcex-heading vcex-heading-plain vcex-module wpex-heading wpex-text-2xl wpex-h2 wpex-text-center\"><span class=\"vcex-heading-inner wpex-inline-block\">Kondition<\/span><\/h2><style>.vcex-heading.vcex_69e73b6666a85{color:#ffbe3b;font-size:14px;}<\/style><h3 class=\"vcex-heading vcex-heading-plain vcex-module wpex-heading wpex-text-2xl wpex-h3 wpex-text-center vc_custom_1645007940227 vcex_69e73b6666a85\"><span class=\"vcex-heading-inner wpex-inline-block\">SYRES\u00c4TT DINA MUSKLER<\/span><\/h3>[vc_column_text color=&#8221;#ffffff&#8221; text_align=&#8221;center&#8221;]Hj\u00e4rtats f\u00f6rm\u00e5ga att leverera syre till arbetande muskler och transportera ut koldioxid ur kroppen.[\/vc_column_text][\/vc_column][vc_column width=&#8221;1\/5&#8243;]<h2 class=\"vcex-heading vcex-heading-plain vcex-module wpex-heading wpex-text-2xl wpex-h2 wpex-text-center\"><span class=\"vcex-heading-inner wpex-inline-block\">Uth\u00e5llighet<\/span><\/h2><style>.vcex-heading.vcex_69e73b6667353{color:#ffbe3b;font-size:14px;}<\/style><h3 class=\"vcex-heading vcex-heading-plain vcex-module wpex-heading wpex-text-2xl wpex-h3 wpex-text-center vc_custom_1645007924745 vcex_69e73b6667353\"><span class=\"vcex-heading-inner wpex-inline-block\">ARBETA I MJ\u00d6LKSYRA<\/span><\/h3>[vc_column_text color=&#8221;#ffffff&#8221; text_align=&#8221;center&#8221;]Med uth\u00e5llighet menas musklernas f\u00f6rm\u00e5ga att producera upprepad kraft trots tr\u00f6tthet, kallas ofta mj\u00f6lksyra.[\/vc_column_text][\/vc_column][vc_column width=&#8221;1\/5&#8243;]<h2 class=\"vcex-heading vcex-heading-plain vcex-module wpex-heading wpex-text-2xl wpex-h2 wpex-text-center\"><span class=\"vcex-heading-inner wpex-inline-block\">Styrka<\/span><\/h2><style>.vcex-heading.vcex_69e73b6667b53{color:#ffbe3b;font-size:14px;}<\/style><h3 class=\"vcex-heading vcex-heading-plain vcex-module wpex-heading wpex-text-2xl wpex-h3 wpex-text-center vc_custom_1645008118876 vcex_69e73b6667b53\"><span class=\"vcex-heading-inner wpex-inline-block\">KRAFT UTVECKLING<\/span><\/h3>[vc_column_text color=&#8221;#ffffff&#8221; text_align=&#8221;center&#8221;]Hockey kr\u00e4ver att kunna producerar kraft i fr\u00e5nskjut i skate, n\u00e4r man skjuter och n\u00e4rkamper.[\/vc_column_text][\/vc_column][vc_column width=&#8221;1\/5&#8243;]<h2 class=\"vcex-heading vcex-heading-plain vcex-module wpex-heading wpex-text-2xl wpex-h2 wpex-text-center\"><span class=\"vcex-heading-inner wpex-inline-block\">Explosivitet<\/span><\/h2><style>.vcex-heading.vcex_69e73b666835c{color:#ffbe3b;font-size:14px;}<\/style><h3 class=\"vcex-heading vcex-heading-plain vcex-module wpex-heading wpex-text-2xl wpex-h3 wpex-text-center vc_custom_1645008136870 vcex_69e73b666835c\"><span class=\"vcex-heading-inner wpex-inline-block\">UTVECKLA SNABBHET<\/span><\/h3>[vc_column_text color=&#8221;#ffffff&#8221; text_align=&#8221;center&#8221;]Hockey \u00e4r en snabb idrott, f\u00f6rm\u00e5gan att g\u00f6ra snabba riktnings- f\u00f6r\u00e4ndringar \u00e4r viktiga i olika r\u00f6relseplan.[\/vc_column_text][\/vc_column][vc_column width=&#8221;1\/5&#8243;]<h2 class=\"vcex-heading vcex-heading-plain vcex-module wpex-heading wpex-text-2xl wpex-h2 wpex-text-center\"><span class=\"vcex-heading-inner wpex-inline-block\">Snabbhet<\/span><\/h2><style>.vcex-heading.vcex_69e73b6668b32{color:#ffbe3b;font-size:14px;}<\/style><h3 class=\"vcex-heading vcex-heading-plain vcex-module wpex-heading wpex-text-2xl wpex-h3 wpex-text-center vc_custom_1645008162287 vcex_69e73b6668b32\"><span class=\"vcex-heading-inner wpex-inline-block\">F\u00d6RFLYTTA SIG SNABBT<\/span><\/h3>[vc_column_text text_align=&#8221;center&#8221; color=&#8221;#ffffff&#8221;]R\u00f6rlighet och explosivitet m\u00f6jligg\u00f6r att du snabbt kan anv\u00e4nda all den energi du oms\u00e4tter till r\u00f6relse.[\/vc_column_text][\/vc_column][\/vc_row][vc_row disable_element=&#8221;yes&#8221; typography_style=&#8221;white&#8221; css=&#8221;.vc_custom_1645007447315{margin-bottom: 40px !important;background-color: #001541 !important;border-radius: 5px !important;}&#8221;][vc_column width=&#8221;1\/5&#8243; css=&#8221;.vc_custom_1645007048215{background-color: #001541 !important;}&#8221;][vc_column_text]\n<h2 class=\"sc_item_title sc_title_title sc_align_center sc_item_title_style_default\" style=\"text-align: center;\"><span style=\"color: #ffcc00;\"><strong>KONDITION<br \/>\n<\/strong><\/span><span style=\"color: #ffffff;\"><strong><span style=\"font-size: 14px;\">SYRES\u00c4TT DINA MUSKLER<\/span><\/strong><\/span><\/h2>\n<div class=\"sc_item_descr sc_title_descr sc_align_center\" style=\"text-align: center;\"><span style=\"color: #000000;\">Hj\u00e4rtats f\u00f6rm\u00e5ga att leverera syre till arbetande muskler och transportera ut koldioxid ur kroppen.<\/span><\/div>\n<div><\/div>\n<div><\/div>\n<div><\/div>\n[\/vc_column_text][vc_empty_space][\/vc_column][vc_column width=&#8221;1\/5&#8243; css=&#8221;.vc_custom_1645007060443{background-color: #001541 !important;}&#8221;][vc_column_text]\n<h2 class=\"sc_item_title sc_title_title sc_align_center sc_item_title_style_default\" style=\"text-align: center;\"><span style=\"color: #ffcc00;\"><strong>UTH\u00c5LLIGHET<br \/>\n<\/strong><\/span><span style=\"color: #ffffff;\"><strong><span style=\"font-size: 14px;\">ARBETA I MJ\u00d6LKSYRA<\/span><\/strong><\/span><\/h2>\n<div class=\"sc_item_descr sc_title_descr sc_align_center\" style=\"text-align: center;\"><span style=\"color: #000000;\">Med uth\u00e5llighet menas musklernas f\u00f6rm\u00e5ga att producera upprepad kraft trots tr\u00f6tthet, kallas ofta mj\u00f6lksyra.\u00a0<\/span><\/div>\n<div class=\"sc_item_descr sc_title_descr sc_align_default\" style=\"text-align: center;\"><\/div>\n<div><\/div>\n<div><\/div>\n<div><\/div>\n[\/vc_column_text][vc_empty_space][\/vc_column][vc_column width=&#8221;1\/5&#8243; css=&#8221;.vc_custom_1645007068958{background-color: #001541 !important;}&#8221;][vc_column_text]\n<h2 class=\"sc_item_title sc_title_title sc_align_center sc_item_title_style_default\" style=\"text-align: center;\"><span style=\"color: #ffcc00;\"><strong>STYRKA<br \/>\n<\/strong><\/span><span style=\"color: #ffffff;\"><strong><span style=\"font-size: 14px;\">KRAFT UTVECKLING<\/span><\/strong><\/span><\/h2>\n<div class=\"sc_item_descr sc_title_descr sc_align_center\" style=\"text-align: center;\"><span style=\"color: #000000;\">Hockey kr\u00e4ver att kunna producerar kraft i fr\u00e5nskjut i skate, n\u00e4r man skjuter och n\u00e4rkamper.\u00a0<\/span><\/div>\n<div class=\"sc_item_descr sc_title_descr sc_align_default\" style=\"text-align: center;\"><\/div>\n<div><\/div>\n<div><\/div>\n<div><\/div>\n[\/vc_column_text][vc_empty_space][\/vc_column][vc_column width=&#8221;1\/5&#8243; css=&#8221;.vc_custom_1645007076622{background-color: #001541 !important;}&#8221;][vc_column_text]\n<h2 class=\"sc_item_title sc_title_title sc_align_center sc_item_title_style_default\" style=\"text-align: center;\"><span style=\"color: #ffcc00;\"><strong>EXPLOSIVITET<br \/>\n<\/strong><\/span><span style=\"color: #ffffff;\"><strong><span style=\"font-size: 14px;\">UTVECKLA SNABBHET<\/span><\/strong><\/span><\/h2>\n<div class=\"sc_item_descr sc_title_descr sc_align_center\" style=\"text-align: center;\"><span style=\"color: #000000;\">Hockey \u00e4r en snabb idrott, f\u00f6rm\u00e5gan att g\u00f6ra snabba riktnings- f\u00f6r\u00e4ndringar \u00e4r viktiga i olika r\u00f6relseplan.<\/span><\/div>\n<div class=\"sc_item_descr sc_title_descr sc_align_default\" style=\"text-align: center;\"><\/div>\n<div><\/div>\n<div><\/div>\n<div><\/div>\n[\/vc_column_text][vc_empty_space][\/vc_column][vc_column width=&#8221;1\/5&#8243; css=&#8221;.vc_custom_1645007085358{background-color: #001541 !important;}&#8221;][vc_column_text]\n<h2 class=\"sc_item_title sc_title_title sc_align_center sc_item_title_style_default\" style=\"text-align: center;\"><span style=\"color: #ffcc00;\"><strong>SNABBHET<br \/>\n<\/strong><\/span><span style=\"color: #ffffff;\"><strong><span style=\"font-size: 14px;\">F\u00d6RFLYTTA SIG SNABBT<\/span><\/strong><\/span><\/h2>\n<div class=\"sc_item_descr sc_title_descr sc_align_center\" style=\"text-align: center;\"><span style=\"color: #000000;\">R\u00f6rlighet och explosivitet m\u00f6jligg\u00f6r att du snabbt kan anv\u00e4nda all den energi du oms\u00e4tter till r\u00f6relse.\u00a0<\/span><\/div>\n<div class=\"sc_item_descr sc_title_descr sc_align_default\" style=\"text-align: center;\"><\/div>\n<div><\/div>\n<div><\/div>\n<div><\/div>\n[\/vc_column_text][vc_empty_space][\/vc_column][\/vc_row][vc_row content_placement=&#8221;middle&#8221; column_spacing=&#8221;60&#8243; css=&#8221;.vc_custom_1645009971048{margin-bottom: 40px !important;}&#8221;][vc_column width=&#8221;1\/2&#8243;][vc_single_image image=&#8221;17474&#8243;][\/vc_column][vc_column width=&#8221;1\/2&#8243;][vc_column_text]\n<h2>PULS<\/h2>\n<p>Hj\u00e4rtats puls \u00e4r ett enkelt s\u00e4tt att bed\u00f6ma p\u00e5 vilken intensitet atleten arbetar i f\u00f6r det aeroba systemet. Inom hockey \u00e4r intensiteten h\u00f6g p\u00e5 isen oftast pga sm\u00e5 ytor, riktningsf\u00f6r\u00e4ndringar, accelerationer och stopp. Elithockeyspelare n\u00e5r ofta upp till 90-95% av maximal puls under ett hockeybyte. Vi anv\u00e4nder puls som verktyg n\u00e4r vi tr\u00e4nar idrottare f\u00f6r att tr\u00e4na r\u00e4tt kvalit\u00e9 efter passets syfte.[\/vc_column_text][\/vc_column][\/vc_row][vc_row content_placement=&#8221;middle&#8221; column_spacing=&#8221;60&#8243; columns_right=&#8221;yes&#8221; css=&#8221;.vc_custom_1645009770265{margin-bottom: 40px !important;}&#8221;][vc_column width=&#8221;1\/2&#8243;][vc_single_image image=&#8221;13263&#8243;][\/vc_column][vc_column width=&#8221;1\/2&#8243;][vc_column_text]\n<h2>STYRKETR\u00c4NING<\/h2>\n<p>Styrketr\u00e4ning b\u00f6r implementeras i tr\u00e4ning redan vid ung \u00e5lder. F\u00f6r oss inneb\u00e4r inte styrka bara enskilda r\u00f6relser utan \u00e4ven 3D r\u00f6relser som p\u00e5verkar i varje r\u00f6relseplan och ytterl\u00e4gen. Hur tr\u00e4ningen genomf\u00f6rs anpassas efter \u00e5lder, mognadsgrad och ut\u00f6varens teknik. Det \u00e4r viktigt att p\u00e5b\u00f6rja styrketr\u00e4ning tidigt f\u00f6r att bygga muskelmassa, utveckla r\u00f6rlighet och l\u00e4ra kroppen att t\u00e5la stegrande tr\u00e4ningsdoser.[\/vc_column_text][\/vc_column][\/vc_row][vc_row content_placement=&#8221;middle&#8221; column_spacing=&#8221;60&#8243;][vc_column width=&#8221;1\/2&#8243; css=&#8221;.vc_custom_1644589430383{background-color: #ffffff !important;}&#8221;][vc_single_image image=&#8221;17503&#8243;][\/vc_column][vc_column width=&#8221;1\/2&#8243;][vc_column_text]\n<h2>Ishockeypt &#8211;\u00a0DAG WENSTR\u00d6M<\/h2>\n<p>Nuvarande uppdrag som fystr\u00e4nare i Nosaby IF div. 2 fotboll, tidigare i Allsvenska ishockeylaget &#8211; Kristianstad IK<\/p>\n<p>Jag har en gedigen kunskap och erfarenhet av att arbeta med utveckling och elitidrott. Mina kunder och uppdrag \u00e4r b\u00e5de internationella och nationella idrottare.<\/p>\n<p>Tr\u00e4nar 6-7 pass i veckan Crossfit samt t\u00e4vlar.<\/p>\n<p><a href=\"http:\/\/www.xfittraining.se\">www.dagwenstrom.com<\/a>[\/vc_column_text][\/vc_column][\/vc_row][vc_row content_placement=&#8221;middle&#8221; column_spacing=&#8221;60&#8243; css=&#8221;.vc_custom_1645009731934{margin-bottom: 40px !important;}&#8221;][vc_column width=&#8221;1\/2&#8243;][vc_column_text css=&#8221;&#8221;]\n<h2>SWETEC`s ANL\u00c4GGNING<\/h2>\n<p>V\u00e5r anl\u00e4ggning \u00e4r f\u00f6r dig som vill optimera din fysik status till att prestera maximalt. M\u00e5lgruppen \u00e4r idrottare inom ishockey \/fotboll\/handboll\/golf under eller mellan s\u00e4songen.<\/p>\n<p><strong>TJ\u00c4NSTER &#8211;\u00a0<\/strong>Kostnad per\/m\u00e5n<strong><br \/>\n<\/strong>2 Pass\/veckan (Idrottspass)<br \/>\n<strong>Pris: <span style=\"color: #ff0000;\">329 kr\/m\u00e5n<\/span><\/strong><\/p>\n<p>2 Pass\/veckan (Idrottspass) + XPS Appen<br \/>\n<strong>Pris:<\/strong>\u00a0<span style=\"color: #ff0000;\"><strong>459 kr\/m\u00e5n<\/strong><\/span><\/p>\n<p>Fria tr\u00e4ning + Funfitness<br \/>\n<strong>Pris:<\/strong>\u00a0<span style=\"color: #ff0000;\"><strong>529 kr\/m\u00e5n<\/strong><\/span>[\/vc_column_text][\/vc_column][vc_column width=&#8221;1\/2&#8243;][vc_single_image image=&#8221;24447&#8243; css=&#8221;&#8221;][vc_empty_space]<style>.vcex-heading.vcex_69e73b6668fa8{color:#ffffff;font-size:14px;font-weight:600;font-style:italic;}<\/style><h4 class=\"vcex-heading vcex-heading-plain vcex-module wpex-heading wpex-text-2xl wpex-h4 wpex-text-center vc_custom_1714389923565 vcex_69e73b6668fa8\"><a href=\"https:\/\/sweteccrossfit.se\/utbud\/idrottsutveckling\/\" class=\"wpex-no-underline wpex-inherit-color-important\" target=\"_self\"><span class=\"vcex-heading-inner wpex-inline-block\">BOKA DIN HOCKEYFYS P\u00c5 SWETEC<\/span><\/a><\/h4>[\/vc_column][\/vc_row]\n<\/div>","protected":false},"excerpt":{"rendered":"<p>[vc_row disable_element=&#8221;yes&#8221; typography_style=&#8221;white&#8221; css=&#8221;.vc_custom_1645006945869{margin-bottom: 40px !important;}&#8221;][vc_column][vc_column_text] HOCKEYFYS P\u00c5 SWETEC Passar dig som enskild hockeyspelare eller f\u00f6rening. [\/vc_column_text][vc_empty_space][\/vc_column][vc_column width=&#8221;1\/2&#8243;][vc_column_text] OM HOCKEY Hockey \u00e4r en komplex sport. Den kr\u00e4ver snabbhet och explosivitet&hellip;<\/p>\n","protected":false},"author":1,"featured_media":0,"parent":0,"menu_order":0,"comment_status":"closed","ping_status":"closed","template":"","meta":{"_price":"","_stock":"","_tribe_ticket_header":"","_tribe_default_ticket_provider":"","_tribe_ticket_capacity":"0","_ticket_start_date":"","_ticket_end_date":"","_tribe_ticket_show_description":"","_tribe_ticket_show_not_going":false,"_tribe_ticket_use_global_stock":"","_tribe_ticket_global_stock_level":"","_global_stock_mode":"","_global_stock_cap":"","_tribe_rsvp_for_event":"","_tribe_ticket_going_count":"","_tribe_ticket_not_going_count":"","_tribe_tickets_list":"[]","_tribe_ticket_has_attendee_info_fields":false,"footnotes":""},"class_list":["post-17349","page","type-page","status-publish","hentry","entry","no-media"],"_links":{"self":[{"href":"https:\/\/swetechockey.com\/startsida\/wp-json\/wp\/v2\/pages\/17349","targetHints":{"allow":["GET"]}}],"collection":[{"href":"https:\/\/swetechockey.com\/startsida\/wp-json\/wp\/v2\/pages"}],"about":[{"href":"https:\/\/swetechockey.com\/startsida\/wp-json\/wp\/v2\/types\/page"}],"author":[{"embeddable":true,"href":"https:\/\/swetechockey.com\/startsida\/wp-json\/wp\/v2\/users\/1"}],"replies":[{"embeddable":true,"href":"https:\/\/swetechockey.com\/startsida\/wp-json\/wp\/v2\/comments?post=17349"}],"version-history":[{"count":183,"href":"https:\/\/swetechockey.com\/startsida\/wp-json\/wp\/v2\/pages\/17349\/revisions"}],"predecessor-version":[{"id":24448,"href":"https:\/\/swetechockey.com\/startsida\/wp-json\/wp\/v2\/pages\/17349\/revisions\/24448"}],"wp:attachment":[{"href":"https:\/\/swetechockey.com\/startsida\/wp-json\/wp\/v2\/media?parent=17349"}],"curies":[{"name":"wp","href":"https:\/\/api.w.org\/{rel}","templated":true}]}}