{"id":16250,"date":"2021-10-30T23:00:02","date_gmt":"2021-10-30T21:00:02","guid":{"rendered":"http:\/\/swetechockey.com\/?page_id=16250"},"modified":"2022-02-15T08:11:02","modified_gmt":"2022-02-15T07:11:02","slug":"forsasongstraning","status":"publish","type":"page","link":"https:\/\/swetechockey.com\/startsida\/forsasongstraning\/","title":{"rendered":"Hockeyfys"},"content":{"rendered":"<div class=\"wpb-content-wrapper\">[vc_row column_spacing=&#8221;60&#8243;][vc_column width=&#8221;2\/3&#8243;][vc_column_text]<strong><img loading=\"lazy\" decoding=\"async\" class=\"alignnone wp-image-17219 size-full\" src=\"http:\/\/media.swetechockey.com\/2022\/01\/B2F65998-C2D0-424F-ACA7-3F0704163533_1_102_o-1.jpeg\" alt=\"\" width=\"820\" height=\"312\" srcset=\"https:\/\/media.swetechockey.com\/2022\/01\/B2F65998-C2D0-424F-ACA7-3F0704163533_1_102_o-1.jpeg 820w, https:\/\/media.swetechockey.com\/2022\/01\/B2F65998-C2D0-424F-ACA7-3F0704163533_1_102_o-1-400x152.jpeg 400w, https:\/\/media.swetechockey.com\/2022\/01\/B2F65998-C2D0-424F-ACA7-3F0704163533_1_102_o-1-768x292.jpeg 768w, https:\/\/media.swetechockey.com\/2022\/01\/B2F65998-C2D0-424F-ACA7-3F0704163533_1_102_o-1-600x228.jpeg 600w\" sizes=\"auto, (max-width: 820px) 100vw, 820px\" \/><\/strong><\/p>\n<p><span style=\"font-size: 21px;\"><strong>EVIDENSBASERAD HOCKEYFYS F\u00d6R ALLA NIV\u00c5ER.<\/strong><\/span><\/p>\n<p><strong>Swetec <\/strong>erbjuder ett proffsigt och niv\u00e5 anpassat f\u00f6rs\u00e4songs uppl\u00e4gg f\u00f6r dig som vill utvecklas som hockeyspelare. F\u00f6rs\u00e4songen s\u00e4tter din iss\u00e4song, d\u00e5ligt uppl\u00e4gg ofta mindre framg\u00e5ng. Du coachas av Dag Wenstr\u00f6m som har gedigen erfarenhet av fystr\u00e4ning f\u00f6r ishockeyspelare med framg\u00e5ng och arbetat med idrottsut\u00f6vare p\u00e5 nationell, internationell och NHL niv\u00e5.<\/p>\n<p><strong><img loading=\"lazy\" decoding=\"async\" class=\"wp-image-14429 size-thumbnail alignright\" src=\"http:\/\/media.swetechockey.com\/2021\/02\/tag_xtraining_ledord-150x150.png\" alt=\"\" width=\"150\" height=\"150\" srcset=\"https:\/\/media.swetechockey.com\/2021\/02\/tag_xtraining_ledord-150x150.png 150w, https:\/\/media.swetechockey.com\/2021\/02\/tag_xtraining_ledord-300x300.png 300w, https:\/\/media.swetechockey.com\/2021\/02\/tag_xtraining_ledord-768x768.png 768w, https:\/\/media.swetechockey.com\/2021\/02\/tag_xtraining_ledord-600x600.png 600w, https:\/\/media.swetechockey.com\/2021\/02\/tag_xtraining_ledord-100x100.png 100w, https:\/\/media.swetechockey.com\/2021\/02\/tag_xtraining_ledord.png 900w\" sizes=\"auto, (max-width: 150px) 100vw, 150px\" \/><\/strong><\/p>\n<div class=\"wpb_text_column wpb_content_element \">\n<div class=\"wpb_wrapper\">\n<ul>\n<li><strong>1 dag <\/strong>i\u00a0m\u00e5naden (April, maj, juni, juli,aug)<\/li>\n<li><strong>Lunch\/mellis<\/strong> p\u00e5 Swetec Superb Crossfit<\/li>\n<li><strong>Screening &amp; Tr\u00e4ning<\/strong>, status och f\u00f6r programdesign<\/li>\n<li><strong>Teori<\/strong>, l\u00e4ra sig tr\u00e4ning &amp; kost samt vila.<\/li>\n<li><strong>Online Programmering<\/strong> via XPS appen, med program text\/videos och coachning.<\/li>\n<li><strong>1 iscamp<\/strong> i maj\/juni f\u00f6r testa snabbhet och teknikinl\u00e4rning.<\/li>\n<li><strong>1 tr\u00e4ningsset + 1 hood<\/strong> vid tr\u00e4ningarna.<\/li>\n<li>Programmering utformad av Coach Dag Wenstr\u00f6m<\/li>\n<\/ul>\n<\/div>\n<\/div>\n<p>&nbsp;<\/p>\n<p><a href=\"http:\/\/swetechockey.com\/event\/xfit-forsasong\/\"><strong>BOKA DIN PLATS<\/strong><\/a><\/p>\n<p><strong>Vi syns p\u00e5 Swetec SuperB Crossfit \u00d6llsj\u00f6\/Kristianstad<\/strong>[\/vc_column_text][\/vc_column][vc_column width=&#8221;1\/3&#8243; css=&#8221;.vc_custom_1635972516738{border-radius: 4px !important;}&#8221;]<h3 class=\"vcex-heading vcex-heading-plain vcex-module wpex-heading wpex-text-2xl wpex-h3 vc_custom_1635948992256\"><span class=\"vcex-heading-inner wpex-inline-block\">Intresseanm\u00e4lan<\/span><\/h3>\n<div class=\"wpcf7 no-js\" id=\"wpcf7-f1358-o1\" lang=\"sv-SE\" dir=\"ltr\" data-wpcf7-id=\"1358\">\n<div class=\"screen-reader-response\"><p role=\"status\" aria-live=\"polite\" aria-atomic=\"true\"><\/p> <ul><\/ul><\/div>\n<form action=\"\/startsida\/wp-json\/wp\/v2\/pages\/16250#wpcf7-f1358-o1\" method=\"post\" class=\"wpcf7-form init\" aria-label=\"Kontaktformul\u00e4r\" novalidate=\"novalidate\" data-status=\"init\">\n<fieldset class=\"hidden-fields-container\"><input type=\"hidden\" name=\"_wpcf7\" value=\"1358\" \/><input type=\"hidden\" name=\"_wpcf7_version\" value=\"6.1.5\" \/><input type=\"hidden\" name=\"_wpcf7_locale\" value=\"sv_SE\" \/><input type=\"hidden\" name=\"_wpcf7_unit_tag\" value=\"wpcf7-f1358-o1\" \/><input type=\"hidden\" name=\"_wpcf7_container_post\" value=\"0\" \/><input type=\"hidden\" name=\"_wpcf7_posted_data_hash\" value=\"\" \/><input type=\"hidden\" name=\"_wpcf7_recaptcha_response\" value=\"\" \/>\n<\/fieldset>\n<p><span class=\"wpcf7-form-control-wrap\" data-name=\"text-114\"><input size=\"40\" maxlength=\"400\" class=\"wpcf7-form-control wpcf7-text\" aria-invalid=\"false\" placeholder=\"Klubb\" value=\"\" type=\"text\" name=\"text-114\" \/><\/span>\n<\/p>\n<p><span class=\"wpcf7-form-control-wrap\" data-name=\"your-name\"><input size=\"40\" maxlength=\"400\" class=\"wpcf7-form-control wpcf7-text wpcf7-validates-as-required\" aria-required=\"true\" aria-invalid=\"false\" placeholder=\"Namn\" value=\"\" type=\"text\" name=\"your-name\" \/><\/span>\n<\/p>\n<p><span class=\"wpcf7-form-control-wrap\" data-name=\"your-email\"><input size=\"40\" maxlength=\"400\" class=\"wpcf7-form-control wpcf7-email wpcf7-validates-as-required wpcf7-text wpcf7-validates-as-email\" aria-required=\"true\" aria-invalid=\"false\" placeholder=\"E-post\" value=\"\" type=\"email\" name=\"your-email\" \/><\/span>\n<\/p>\n<p><span class=\"wpcf7-form-control-wrap\" data-name=\"text-106\"><input size=\"40\" maxlength=\"400\" class=\"wpcf7-form-control wpcf7-text\" aria-invalid=\"false\" placeholder=\"Telefon\" value=\"\" type=\"text\" name=\"text-106\" \/><\/span>\n<\/p>\n<p><span class=\"wpcf7-form-control-wrap\" data-name=\"your-message\"><textarea cols=\"40\" rows=\"10\" maxlength=\"2000\" class=\"wpcf7-form-control wpcf7-textarea\" aria-invalid=\"false\" placeholder=\"Meddelande\" name=\"your-message\"><\/textarea><\/span>\n<\/p>\n\n<p><input class=\"wpcf7-form-control wpcf7-submit has-spinner\" type=\"submit\" value=\"Skicka\" \/>\n<\/p><p style=\"display: none !important;\" class=\"akismet-fields-container\" data-prefix=\"_wpcf7_ak_\"><label>&#916;<textarea name=\"_wpcf7_ak_hp_textarea\" cols=\"45\" rows=\"8\" maxlength=\"100\"><\/textarea><\/label><input type=\"hidden\" id=\"ak_js_1\" name=\"_wpcf7_ak_js\" value=\"245\"\/><script>document.getElementById( \"ak_js_1\" ).setAttribute( \"value\", ( new Date() ).getTime() );<\/script><\/p><div class=\"wpcf7-response-output\" aria-hidden=\"true\"><\/div>\n<\/form>\n<\/div>\n[\/vc_column][\/vc_row]\n<\/div>","protected":false},"excerpt":{"rendered":"<p>[vc_row column_spacing=&#8221;60&#8243;][vc_column width=&#8221;2\/3&#8243;][vc_column_text] EVIDENSBASERAD HOCKEYFYS F\u00d6R ALLA NIV\u00c5ER. Swetec erbjuder ett proffsigt och niv\u00e5 anpassat f\u00f6rs\u00e4songs uppl\u00e4gg f\u00f6r dig som vill utvecklas som hockeyspelare. F\u00f6rs\u00e4songen s\u00e4tter din iss\u00e4song, d\u00e5ligt uppl\u00e4gg&hellip;<\/p>\n","protected":false},"author":1,"featured_media":0,"parent":0,"menu_order":0,"comment_status":"closed","ping_status":"closed","template":"","meta":{"_price":"","_stock":"","_tribe_ticket_header":"","_tribe_default_ticket_provider":"","_tribe_ticket_capacity":"0","_ticket_start_date":"","_ticket_end_date":"","_tribe_ticket_show_description":"","_tribe_ticket_show_not_going":false,"_tribe_ticket_use_global_stock":"","_tribe_ticket_global_stock_level":"","_global_stock_mode":"","_global_stock_cap":"","_tribe_rsvp_for_event":"","_tribe_ticket_going_count":"","_tribe_ticket_not_going_count":"","_tribe_tickets_list":"[]","_tribe_ticket_has_attendee_info_fields":false,"footnotes":""},"class_list":["post-16250","page","type-page","status-publish","hentry","entry","no-media"],"_links":{"self":[{"href":"https:\/\/swetechockey.com\/startsida\/wp-json\/wp\/v2\/pages\/16250","targetHints":{"allow":["GET"]}}],"collection":[{"href":"https:\/\/swetechockey.com\/startsida\/wp-json\/wp\/v2\/pages"}],"about":[{"href":"https:\/\/swetechockey.com\/startsida\/wp-json\/wp\/v2\/types\/page"}],"author":[{"embeddable":true,"href":"https:\/\/swetechockey.com\/startsida\/wp-json\/wp\/v2\/users\/1"}],"replies":[{"embeddable":true,"href":"https:\/\/swetechockey.com\/startsida\/wp-json\/wp\/v2\/comments?post=16250"}],"version-history":[{"count":17,"href":"https:\/\/swetechockey.com\/startsida\/wp-json\/wp\/v2\/pages\/16250\/revisions"}],"predecessor-version":[{"id":17492,"href":"https:\/\/swetechockey.com\/startsida\/wp-json\/wp\/v2\/pages\/16250\/revisions\/17492"}],"wp:attachment":[{"href":"https:\/\/swetechockey.com\/startsida\/wp-json\/wp\/v2\/media?parent=16250"}],"curies":[{"name":"wp","href":"https:\/\/api.w.org\/{rel}","templated":true}]}}