{"id":14253,"date":"2021-01-25T09:22:38","date_gmt":"2021-01-25T08:22:38","guid":{"rendered":"http:\/\/swetechockey.com\/?page_id=14253"},"modified":"2021-10-19T20:23:21","modified_gmt":"2021-10-19T18:23:21","slug":"biomechanics","status":"publish","type":"page","link":"https:\/\/swetechockey.com\/startsida\/hockeyskating-ny\/biomechanics\/","title":{"rendered":"Biomechanics"},"content":{"rendered":"<div class=\"wpb-content-wrapper\">[vc_row full_width=&#8221;stretch_row_content&#8221; content_placement=&#8221;middle&#8221; equal_height=&#8221;yes&#8221; remove_bottom_col_margin=&#8221;true&#8221;][vc_column width=&#8221;1\/2&#8243; css=&#8221;.vc_custom_1609963715434{padding-top: 100px !important;padding-right: 30px !important;padding-bottom: 100px !important;padding-left: 30px !important;}&#8221;]<style>.vcex-heading.vcex_69e2f84c50c09{width:600px;color:#010e35;font-size:3.0em;line-height:1.0em;}@media (max-width:479px){.vcex-heading.vcex_69e2f84c50c09{font-size:2.0em;}}<\/style><div class=\"vcex-heading vcex-heading-plain vcex-module wpex-heading wpex-text-2xl wpex-div wpex-text-center wpex-max-w-100 wpex-mx-auto rubrik vcex_69e2f84c50c09\"><span class=\"vcex-heading-inner wpex-inline-block\">Swetec Skating Teknologi<\/span><\/div>[vc_column_text width=&#8221;600px&#8221; css=&#8221;.vc_custom_1634667465376{padding-top: 30px !important;}&#8221; align=&#8221;center&#8221; text_align=&#8221;center&#8221;]\n<p style=\"text-align: left;\">Skridsko\u00e5kning blir inte perfekta \u00f6ver natten, det tar tid. Det finns grundl\u00e4ggande byggstenar f\u00f6r att l\u00e4ra sig och utf\u00f6ra alla f\u00e4rdigheter. Vi ser till att varje spelare beh\u00e4rskar teknikerna varje steg p\u00e5 v\u00e4gen.<\/p>\n<p style=\"text-align: left;\">Skridsko\u00e5kning \u00e4r n\u00e5got som m\u00e5ste \u00f6vas varje vecka, eftersom spelet forts\u00e4tter att bli snabbare \u00e4r efterfr\u00e5gan p\u00e5 spelare och mobilitet h\u00f6gre \u00e4n n\u00e5gonsin.<\/p>\n<p style=\"text-align: left;\">Vi l\u00e4r spelare att f\u00f6lja kroppens r\u00f6relsem\u00f6nster, vilket sedan leder energibesparing och till exponentiell hastighetsutveckling.<\/p>\n[\/vc_column_text][\/vc_column][vc_column width=&#8221;1\/2&#8243; css=&#8221;.vc_custom_1609964796900{padding-top: 60px !important;padding-bottom: 60px !important;}&#8221;][vc_single_image image=&#8221;15572&#8243;][\/vc_column][\/vc_row][vc_row full_width=&#8221;stretch_row_content&#8221; content_placement=&#8221;middle&#8221; equal_height=&#8221;yes&#8221; remove_bottom_col_margin=&#8221;true&#8221;][vc_column width=&#8221;1\/2&#8243; css=&#8221;.vc_custom_1634666944706{padding-top: 100px !important;padding-right: 30px !important;padding-bottom: 100px !important;padding-left: 30px !important;background-position: center !important;background-repeat: no-repeat !important;background-size: cover !important;}&#8221; wpex_bg_position=&#8221;center center&#8221;][vc_single_image image=&#8221;15781&#8243;][\/vc_column][vc_column width=&#8221;1\/2&#8243; css=&#8221;.vc_custom_1634667024483{padding-top: 100px !important;padding-right: 30px !important;padding-bottom: 100px !important;padding-left: 30px !important;background-position: center !important;background-repeat: no-repeat !important;background-size: cover !important;}&#8221; wpex_bg_position=&#8221;center center&#8221;][vc_single_image image=&#8221;5591&#8243;][\/vc_column][\/vc_row][vc_row full_width=&#8221;stretch_row_content&#8221; content_placement=&#8221;middle&#8221; equal_height=&#8221;yes&#8221; remove_bottom_col_margin=&#8221;true&#8221;][vc_column css=&#8221;.vc_custom_1609963715434{padding-top: 100px !important;padding-right: 30px !important;padding-bottom: 100px !important;padding-left: 30px !important;}&#8221;]<style>.vcex-heading.vcex_69e2f84c5145a{width:700px;color:#010e35;font-size:3.0em;line-height:1.0em;}@media (max-width:479px){.vcex-heading.vcex_69e2f84c5145a{font-size:2.0em;}}<\/style><h1 class=\"vcex-heading vcex-heading-plain vcex-module wpex-heading wpex-text-2xl wpex-h1 wpex-text-center wpex-max-w-100 wpex-mx-auto rubrik vcex_69e2f84c5145a\"><span class=\"vcex-heading-inner wpex-inline-block\">SKATES FR\u00c5N SWETEC<\/span><\/h1>[\/vc_column][\/vc_row][vc_row][vc_column width=&#8221;1\/6&#8243;][vc_single_image image=&#8221;15717&#8243;][\/vc_column][vc_column width=&#8221;1\/6&#8243;][vc_single_image image=&#8221;15718&#8243;][\/vc_column][vc_column width=&#8221;1\/6&#8243;][vc_single_image image=&#8221;15719&#8243;][\/vc_column][vc_column width=&#8221;1\/6&#8243;][vc_single_image image=&#8221;15782&#8243;][\/vc_column][vc_column width=&#8221;1\/6&#8243;][vc_single_image image=&#8221;15783&#8243;][\/vc_column][vc_column width=&#8221;1\/6&#8243;][\/vc_column][\/vc_row]\n<\/div>","protected":false},"excerpt":{"rendered":"<p>[vc_row full_width=&#8221;stretch_row_content&#8221; content_placement=&#8221;middle&#8221; equal_height=&#8221;yes&#8221; remove_bottom_col_margin=&#8221;true&#8221;][vc_column width=&#8221;1\/2&#8243; css=&#8221;.vc_custom_1609963715434{padding-top: 100px !important;padding-right: 30px !important;padding-bottom: 100px !important;padding-left: 30px !important;}&#8221;][vc_column_text width=&#8221;600px&#8221; css=&#8221;.vc_custom_1634667465376{padding-top: 30px !important;}&#8221; align=&#8221;center&#8221; text_align=&#8221;center&#8221;] Skridsko\u00e5kning blir inte perfekta \u00f6ver natten, det tar tid.&hellip;<\/p>\n","protected":false},"author":1,"featured_media":0,"parent":13549,"menu_order":0,"comment_status":"closed","ping_status":"closed","template":"","meta":{"_price":"","_stock":"","_tribe_ticket_header":"","_tribe_default_ticket_provider":"","_tribe_ticket_capacity":"0","_ticket_start_date":"","_ticket_end_date":"","_tribe_ticket_show_description":"","_tribe_ticket_show_not_going":false,"_tribe_ticket_use_global_stock":"","_tribe_ticket_global_stock_level":"","_global_stock_mode":"","_global_stock_cap":"","_tribe_rsvp_for_event":"","_tribe_ticket_going_count":"","_tribe_ticket_not_going_count":"","_tribe_tickets_list":"[]","_tribe_ticket_has_attendee_info_fields":false,"footnotes":""},"class_list":["post-14253","page","type-page","status-publish","hentry","entry","no-media"],"_links":{"self":[{"href":"https:\/\/swetechockey.com\/startsida\/wp-json\/wp\/v2\/pages\/14253","targetHints":{"allow":["GET"]}}],"collection":[{"href":"https:\/\/swetechockey.com\/startsida\/wp-json\/wp\/v2\/pages"}],"about":[{"href":"https:\/\/swetechockey.com\/startsida\/wp-json\/wp\/v2\/types\/page"}],"author":[{"embeddable":true,"href":"https:\/\/swetechockey.com\/startsida\/wp-json\/wp\/v2\/users\/1"}],"replies":[{"embeddable":true,"href":"https:\/\/swetechockey.com\/startsida\/wp-json\/wp\/v2\/comments?post=14253"}],"version-history":[{"count":6,"href":"https:\/\/swetechockey.com\/startsida\/wp-json\/wp\/v2\/pages\/14253\/revisions"}],"predecessor-version":[{"id":15784,"href":"https:\/\/swetechockey.com\/startsida\/wp-json\/wp\/v2\/pages\/14253\/revisions\/15784"}],"up":[{"embeddable":true,"href":"https:\/\/swetechockey.com\/startsida\/wp-json\/wp\/v2\/pages\/13549"}],"wp:attachment":[{"href":"https:\/\/swetechockey.com\/startsida\/wp-json\/wp\/v2\/media?parent=14253"}],"curies":[{"name":"wp","href":"https:\/\/api.w.org\/{rel}","templated":true}]}}