{"id":13949,"date":"2021-01-10T10:01:53","date_gmt":"2021-01-10T09:01:53","guid":{"rendered":"http:\/\/swetechockey.com\/?page_id=13949"},"modified":"2024-07-23T15:34:31","modified_gmt":"2024-07-23T13:34:31","slug":"bokningsregler-summercamp","status":"publish","type":"page","link":"https:\/\/swetechockey.com\/startsida\/utbildningar\/summer-challenge-swe\/bokningsregler-summercamp\/","title":{"rendered":"Bokningsregler summercamp"},"content":{"rendered":"<div class=\"wpb-content-wrapper\">[vc_row css=&#8221;.vc_custom_1721726933950{margin-top: 40px !important;padding-top: 5px !important;padding-bottom: 5px !important;padding-left: 20px !important;background-color: #010e35 !important;border-radius: 4px !important;}&#8221;][vc_column]<style>.vcex-navbar.vcex_69e3e3acac12b a.vcex-navbar-link{color:#ffffff;text-decoration-line:none;font-family:Industry;line-height:1.1em;text-transform:uppercase;}.vcex-navbar.vcex_69e3e3acac12b a.vcex-navbar-link:is(:hover,.active){color:#fdc616;}.vcex-navbar.vcex_69e3e3acac12b{font-size:15px;}<\/style><nav class=\"vcex-navbar vcex-module align-left wpex-clr vcex_69e3e3acac12b\"><div class=\"vcex-navbar-inner wpex-clr wpex-float-left wpex-last-mr-0 visible-desktop\"><a href=\"https:\/\/swetechockey.com\/startsida\/utbildningar\/summer-challenge-swe\/\" class=\"vcex-navbar-link vcex-navbar-link--1301 wpex-inline-block wpex-float-left wpex-mr-5 wpex-mb-5 theme-txt-link wpex-font-bold wpex-text-1em vc_custom_1721727139039\"><span class=\"vcex-navbar-link-text\">Start<\/span><\/a><a href=\"https:\/\/swetechockey.com\/startsida\/event\/skills-challenge-2025\/\" class=\"vcex-navbar-link vcex-navbar-link--23234 wpex-inline-block wpex-float-left wpex-mr-5 wpex-mb-5 theme-txt-link wpex-font-bold wpex-text-1em vc_custom_1721727139039\"><span class=\"vcex-navbar-link-text\">Skills challenge<\/span><\/a><a href=\"https:\/\/swetechockey.com\/startsida\/event\/elite-challenge-25\/\" class=\"vcex-navbar-link vcex-navbar-link--23235 wpex-inline-block wpex-float-left wpex-mr-5 wpex-mb-5 theme-txt-link wpex-font-bold wpex-text-1em vc_custom_1721727139039\"><span class=\"vcex-navbar-link-text\">Elite challenge<\/span><\/a><a href=\"https:\/\/swetechockey.com\/startsida\/utbildningar\/summer-challenge-swe\/ledare\/\" class=\"vcex-navbar-link vcex-navbar-link--7339 wpex-inline-block wpex-float-left wpex-mr-5 wpex-mb-5 theme-txt-link wpex-font-bold wpex-text-1em vc_custom_1721727139039\"><span class=\"vcex-navbar-link-text\">Ledare<\/span><\/a><a href=\"https:\/\/swetechockey.com\/startsida\/utbildningar\/summer-challenge-swe\/valkommen_info\/\" class=\"vcex-navbar-link vcex-navbar-link--7337 wpex-inline-block wpex-float-left wpex-mr-5 wpex-mb-5 theme-txt-link wpex-font-bold wpex-text-1em vc_custom_1721727139039\"><span class=\"vcex-navbar-link-text\">V\u00e4lkomstinfo<\/span><\/a><a href=\"https:\/\/swetechockey.com\/startsida\/utbildningar\/summer-challenge-swe\/bokningsregler-summercamp\/\" class=\"vcex-navbar-link vcex-navbar-link--13949 wpex-inline-block wpex-float-left wpex-mr-5 wpex-mb-5 theme-txt-link wpex-font-bold wpex-text-1em vc_custom_1721727139039\"><span class=\"vcex-navbar-link-text\">Bokningsregler<\/span><\/a><a href=\"https:\/\/swetechockey.com\/startsida\/utbildningar\/summer-challenge-eng\/\" class=\"vcex-navbar-link vcex-navbar-link--23292 wpex-inline-block wpex-float-left wpex-mr-5 wpex-mb-5 theme-txt-link wpex-font-bold wpex-text-1em vc_custom_1721727139039\"><span class=\"vcex-navbar-link-text\">In English<\/span><\/a><\/div><div class=\"vcex-navbar-mobile-select hidden-desktop wpex-select-wrap\"><select autocomplete=\"off\"><option data-prompt=\"true\">Meny<\/option><option>Start<\/option><option>Skills challenge<\/option><option>Elite challenge<\/option><option>Ledare<\/option><option>V\u00e4lkomstinfo<\/option><option>Bokningsregler<\/option><option>In English<\/option><\/select><div class=\"wpex-select-arrow\"><span class=\"wpex-select-arrow__icon wpex-icon--sm wpex-flex wpex-icon\" aria-hidden=\"true\"><svg viewBox=\"0 0 24 24\" xmlns=\"http:\/\/www.w3.org\/2000\/svg\"><rect fill=\"none\" height=\"24\" width=\"24\"\/><g transform=\"matrix(0, -1, 1, 0, -0.115, 23.885)\"><polygon points=\"17.77,3.77 16,2 6,12 16,22 17.77,20.23 9.54,12\"\/><\/g><\/svg><\/span><\/div><\/div><\/nav>[\/vc_column][\/vc_row][vc_row][vc_column][vc_column_text]\n<h2>F\u00d6R SOMMAR CHALLENGE G\u00c4LLER:<\/h2>\n<ul>\n<li>\u00c5terbud fram till 1 april f\u00f6rbeh\u00e5ller vi oss som arrang\u00f6r r\u00e4tten att beh\u00e5lla 900 SEK f\u00f6r admin.kostnader<\/li>\n<li>Avbokning fr\u00e5n den <strong>1 april till 30 juni<\/strong> \u00e5terbetalas halva avgiften mot uppvisning av l\u00e4karintyg som styrker of\u00f6rm\u00e5ga att deltaga.<br \/>\n&#8211; Inget l\u00e4karintyg, ingen \u00e5terbetalas av inbetald avgift.<\/li>\n<li>Efter 1 juli beh\u00e5lls hela avgiften, \u00e4ven vid evt. skada\/sjukdom under campen, ingen \u00e5terbetalning.<\/li>\n<li>Anm\u00e4lan \u00e4r personlig, kan inte \u00f6verl\u00e5tas.<\/li>\n<\/ul>\n<p><span style=\"font-size: 13px;\">Uppdaterad den 24 juli 2022 f\u00f6r framtiden.<\/span>[\/vc_column_text][\/vc_column][\/vc_row]\n<\/div>","protected":false},"excerpt":{"rendered":"<p>[vc_row css=&#8221;.vc_custom_1721726933950{margin-top: 40px !important;padding-top: 5px !important;padding-bottom: 5px !important;padding-left: 20px !important;background-color: #010e35 !important;border-radius: 4px !important;}&#8221;][vc_column][\/vc_column][\/vc_row][vc_row][vc_column][vc_column_text] F\u00d6R SOMMAR CHALLENGE G\u00c4LLER: \u00c5terbud fram till 1 april f\u00f6rbeh\u00e5ller vi oss som arrang\u00f6r r\u00e4tten att&hellip;<\/p>\n","protected":false},"author":1,"featured_media":0,"parent":1301,"menu_order":0,"comment_status":"closed","ping_status":"closed","template":"","meta":{"_price":"","_stock":"","_tribe_ticket_header":"","_tribe_default_ticket_provider":"","_tribe_ticket_capacity":"0","_ticket_start_date":"","_ticket_end_date":"","_tribe_ticket_show_description":"","_tribe_ticket_show_not_going":false,"_tribe_ticket_use_global_stock":"","_tribe_ticket_global_stock_level":"","_global_stock_mode":"","_global_stock_cap":"","_tribe_rsvp_for_event":"","_tribe_ticket_going_count":"","_tribe_ticket_not_going_count":"","_tribe_tickets_list":"[]","_tribe_ticket_has_attendee_info_fields":false,"footnotes":""},"class_list":["post-13949","page","type-page","status-publish","hentry","entry","no-media"],"_links":{"self":[{"href":"https:\/\/swetechockey.com\/startsida\/wp-json\/wp\/v2\/pages\/13949","targetHints":{"allow":["GET"]}}],"collection":[{"href":"https:\/\/swetechockey.com\/startsida\/wp-json\/wp\/v2\/pages"}],"about":[{"href":"https:\/\/swetechockey.com\/startsida\/wp-json\/wp\/v2\/types\/page"}],"author":[{"embeddable":true,"href":"https:\/\/swetechockey.com\/startsida\/wp-json\/wp\/v2\/users\/1"}],"replies":[{"embeddable":true,"href":"https:\/\/swetechockey.com\/startsida\/wp-json\/wp\/v2\/comments?post=13949"}],"version-history":[{"count":19,"href":"https:\/\/swetechockey.com\/startsida\/wp-json\/wp\/v2\/pages\/13949\/revisions"}],"predecessor-version":[{"id":23363,"href":"https:\/\/swetechockey.com\/startsida\/wp-json\/wp\/v2\/pages\/13949\/revisions\/23363"}],"up":[{"embeddable":true,"href":"https:\/\/swetechockey.com\/startsida\/wp-json\/wp\/v2\/pages\/1301"}],"wp:attachment":[{"href":"https:\/\/swetechockey.com\/startsida\/wp-json\/wp\/v2\/media?parent=13949"}],"curies":[{"name":"wp","href":"https:\/\/api.w.org\/{rel}","templated":true}]}}