{"id":13137,"date":"2020-12-28T22:51:46","date_gmt":"2020-12-28T21:51:46","guid":{"rendered":"http:\/\/swetechockey.com\/?page_id=13137"},"modified":"2020-12-28T23:12:59","modified_gmt":"2020-12-28T22:12:59","slug":"swetecpodden","status":"publish","type":"page","link":"https:\/\/swetechockey.com\/startsida\/swetecpodden\/","title":{"rendered":"Swetecpodden"},"content":{"rendered":"<div class=\"wpb-content-wrapper\">[vc_row full_width=&#8221;stretch_row&#8221; content_placement=&#8221;top&#8221; full_height=&#8221;yes&#8221; columns_right=&#8221;yes&#8221; css=&#8221;.vc_custom_1609193278210{background: #d2ad55 url(http:\/\/media.swetechockey.com\/2020\/02\/podden_bakg_400.jpg?id=11164) !important;background-position: 0 0 !important;background-repeat: no-repeat !important;}&#8221; wpex_bg_position=&#8221;bottom right&#8221;][vc_column width=&#8221;1\/3&#8243;]<figure class=\"vcex-image vcex-module\"><div class=\"vcex-image-inner wpex-relative wpex-inline-block\"><img width=\"618\" height=\"192\" src=\"https:\/\/media.swetechockey.com\/2020\/02\/podden_logo.png\" class=\"vcex-image-img wpex-align-middle\" alt=\"\" loading=\"lazy\" decoding=\"async\" srcset=\"https:\/\/media.swetechockey.com\/2020\/02\/podden_logo.png 618w, https:\/\/media.swetechockey.com\/2020\/02\/podden_logo-600x186.png 600w, https:\/\/media.swetechockey.com\/2020\/02\/podden_logo-400x124.png 400w\" sizes=\"auto, (max-width: 618px) 100vw, 618px\" \/><\/div><\/figure>[\/vc_column][vc_column width=&#8221;2\/3&#8243;]<style>.vcex-blog-grid-wrap.vcex_69e3729455e1f .entry-title{color:#ffffff;font-size:30px;line-height:32px;font-weight:400;}.vcex-blog-grid-wrap.vcex_69e3729455e1f .entry-date{color:#205483;}.vcex-blog-grid-wrap.vcex_69e3729455e1f .entry-excerpt{color:#ffffff;}<\/style><div class=\"vcex-module vcex-blog-grid-wrap wpex-clr vcex_69e3729455e1f\"><div class=\"wpex-row vcex-blog-grid wpex-clr entries gap-30\"><div class=\"vcex-blog-entry vcex-grid-item entry-has-details span_1_of_1 col-1 col entry post-23791 type-post no-media cat-36\"><div class=\"vcex-blog-entry-inner entry-inner wpex-first-mt-0 wpex-last-mb-0 wpex-clr vc_custom_1609193575721\"><div class=\"vcex-blog-entry-details entry-details wpex-bordered wpex-first-mt-0 wpex-last-mb-0 wpex-clr vc_custom_1609193575722\"><h2 class=\"vcex-blog-entry-title entry-title wpex-mb-5 wpex-child-inherit-color\"><a href=\"https:\/\/swetechockey.com\/startsida\/fallet-olle-del-1\/\">53. Fallet Olle, del 1<\/a><\/h2><div class=\"vcex-blog-entry-date entry-date wpex-text-sm wpex-text-3 wpex-mb-5\">9 oktober, 2024<\/div><div class=\"vcex-blog-entry-excerpt entry-excerpt wpex-my-15 wpex-text-pretty wpex-last-mb-0 wpex-clr\"><p>53. Fallet Olle, del 1 Detta avsnittet handlar om en f\u00f6r\u00e4lder som kommer i konflikt med sin pojke klubb som leder till avst\u00e4ngning och uteslutning&hellip;<\/p><\/div><\/div><\/div><\/div><div class=\"vcex-blog-entry vcex-grid-item entry-has-details span_1_of_1 col-1 col entry post-23398 type-post no-media cat-36\"><div class=\"vcex-blog-entry-inner entry-inner wpex-first-mt-0 wpex-last-mb-0 wpex-clr vc_custom_1609193575721\"><div class=\"vcex-blog-entry-details entry-details wpex-bordered wpex-first-mt-0 wpex-last-mb-0 wpex-clr vc_custom_1609193575722\"><h2 class=\"vcex-blog-entry-title entry-title wpex-mb-5 wpex-child-inherit-color\"><a href=\"https:\/\/swetechockey.com\/startsida\/52-summer-challenge-skate\/\">52. Summer Challenge\/Skate<\/a><\/h2><div class=\"vcex-blog-entry-date entry-date wpex-text-sm wpex-text-3 wpex-mb-5\">24 juli, 2024<\/div><div class=\"vcex-blog-entry-excerpt entry-excerpt wpex-my-15 wpex-text-pretty wpex-last-mb-0 wpex-clr\"><p>52. Summer Challenge\/Skate Ett nytt avsnitt om v.28 i Tyringe samt om SKATING och tankar. Dela g\u00e4rna detta avsnitt och kommentera g\u00e4rna via sociala media&hellip;<\/p><\/div><\/div><\/div><\/div><div class=\"vcex-blog-entry vcex-grid-item entry-has-details span_1_of_1 col-1 col entry post-22901 type-post no-media cat-36\"><div class=\"vcex-blog-entry-inner entry-inner wpex-first-mt-0 wpex-last-mb-0 wpex-clr vc_custom_1609193575721\"><div class=\"vcex-blog-entry-details entry-details wpex-bordered wpex-first-mt-0 wpex-last-mb-0 wpex-clr vc_custom_1609193575722\"><h2 class=\"vcex-blog-entry-title entry-title wpex-mb-5 wpex-child-inherit-color\"><a href=\"https:\/\/swetechockey.com\/startsida\/51-swetec-hockey\/\">51. Swetec Hockey<\/a><\/h2><div class=\"vcex-blog-entry-date entry-date wpex-text-sm wpex-text-3 wpex-mb-5\">30 april, 2024<\/div><div class=\"vcex-blog-entry-excerpt entry-excerpt wpex-my-15 wpex-text-pretty wpex-last-mb-0 wpex-clr\"><p>[vc_row][vc_column][vc_column_text]51. SWETEC HOCKEY Dagens avsnitt handlar lite om hur Swetec startade och fungerar idag. Dela g\u00e4rna avsnittet och v\u00e5ra tankar via eran sociala media. Om&hellip;<\/p><\/div><\/div><\/div><\/div><\/div><div class=\"vcex-loadmore wpex-clear wpex-text-center wpex-mt-10\"><a href=\"#\" class=\"vcex-loadmore-button theme-button\" data-infinite-scroll=\"0\" data-text=\"Load More\" data-loading-text=\"Loading...\" data-failed-text=\"Failed to load posts.\" data-page=\"1\" data-max-pages=\"8\" data-shortcode-tag=\"vcex_blog_grid\" data-shortcode-params=\"{&quot;columns&quot;:&quot;1&quot;,&quot;columns_gap&quot;:&quot;30&quot;,&quot;content_color&quot;:&quot;#ffffff&quot;,&quot;content_css&quot;:&quot;.vc_custom_1609193575722{border-top-width: 0px !important;border-right-width: 0px !important;border-bottom-width: 0px !important;border-left-width: 0px !important;}&quot;,&quot;content_heading_color&quot;:&quot;#ffffff&quot;,&quot;content_heading_line_height&quot;:&quot;32px&quot;,&quot;content_heading_size&quot;:&quot;30px&quot;,&quot;content_heading_weight&quot;:&quot;normal&quot;,&quot;date_color&quot;:&quot;#205483&quot;,&quot;entry_count&quot;:0,&quot;entry_css&quot;:&quot;.vc_custom_1609193575721{border-top-width: 0px !important;border-right-width: 0px !important;border-bottom-width: 0px !important;border-left-width: 0px !important;}&quot;,&quot;entry_media&quot;:&quot;false&quot;,&quot;excerpt_length&quot;:&quot;25&quot;,&quot;include_categories&quot;:&quot;36&quot;,&quot;pagination_loadmore&quot;:&quot;true&quot;,&quot;posts_per_page&quot;:&quot;3&quot;,&quot;read_more&quot;:&quot;false&quot;,&quot;nonce&quot;:&quot;7724c07301&quot;}\"><span class=\"vcex-txt\">Load More<\/span><\/a><div class=\"vcex-loadmore-spinner vcex-spinner wpex-hidden\"><svg height=\"20\" width=\"20\" class=\"wpex-animate-spin wpex-opacity-5\" xmlns=\"http:\/\/www.w3.org\/2000\/svg\" viewBox=\"0 0 16 16\" fill=\"currentColor\"><path fill-rule=\"evenodd\" d=\"M8 3a5 5 0 1 0 4.546 2.914.5.5 0 0 1 .908-.417A6 6 0 1 1 8 2z\"\/><path d=\"M8 4.466V.534a.25.25 0 0 1 .41-.192l2.36 1.966c.12.1.12.284 0 .384L8.41 4.658A.25.25 0 0 1 8 4.466\"\/><\/svg><\/div><\/div><\/div>[\/vc_column][\/vc_row]\n<\/div>","protected":false},"excerpt":{"rendered":"<p>[vc_row full_width=&#8221;stretch_row&#8221; content_placement=&#8221;top&#8221; full_height=&#8221;yes&#8221; columns_right=&#8221;yes&#8221; css=&#8221;.vc_custom_1609193278210{background: #d2ad55 url(http:\/\/media.swetechockey.com\/2020\/02\/podden_bakg_400.jpg?id=11164) !important;background-position: 0 0 !important;background-repeat: no-repeat !important;}&#8221; wpex_bg_position=&#8221;bottom right&#8221;][vc_column width=&#8221;1\/3&#8243;][\/vc_column][vc_column width=&#8221;2\/3&#8243;][\/vc_column][\/vc_row]<\/p>\n","protected":false},"author":1,"featured_media":0,"parent":0,"menu_order":0,"comment_status":"closed","ping_status":"closed","template":"","meta":{"_price":"","_stock":"","_tribe_ticket_header":"","_tribe_default_ticket_provider":"","_tribe_ticket_capacity":"0","_ticket_start_date":"","_ticket_end_date":"","_tribe_ticket_show_description":"","_tribe_ticket_show_not_going":false,"_tribe_ticket_use_global_stock":"","_tribe_ticket_global_stock_level":"","_global_stock_mode":"","_global_stock_cap":"","_tribe_rsvp_for_event":"","_tribe_ticket_going_count":"","_tribe_ticket_not_going_count":"","_tribe_tickets_list":"[]","_tribe_ticket_has_attendee_info_fields":false,"footnotes":""},"class_list":["post-13137","page","type-page","status-publish","hentry","entry","no-media"],"_links":{"self":[{"href":"https:\/\/swetechockey.com\/startsida\/wp-json\/wp\/v2\/pages\/13137","targetHints":{"allow":["GET"]}}],"collection":[{"href":"https:\/\/swetechockey.com\/startsida\/wp-json\/wp\/v2\/pages"}],"about":[{"href":"https:\/\/swetechockey.com\/startsida\/wp-json\/wp\/v2\/types\/page"}],"author":[{"embeddable":true,"href":"https:\/\/swetechockey.com\/startsida\/wp-json\/wp\/v2\/users\/1"}],"replies":[{"embeddable":true,"href":"https:\/\/swetechockey.com\/startsida\/wp-json\/wp\/v2\/comments?post=13137"}],"version-history":[{"count":7,"href":"https:\/\/swetechockey.com\/startsida\/wp-json\/wp\/v2\/pages\/13137\/revisions"}],"predecessor-version":[{"id":13139,"href":"https:\/\/swetechockey.com\/startsida\/wp-json\/wp\/v2\/pages\/13137\/revisions\/13139"}],"wp:attachment":[{"href":"https:\/\/swetechockey.com\/startsida\/wp-json\/wp\/v2\/media?parent=13137"}],"curies":[{"name":"wp","href":"https:\/\/api.w.org\/{rel}","templated":true}]}}