{"id":13002,"date":"2021-01-17T00:34:30","date_gmt":"2021-01-16T23:34:30","guid":{"rendered":"http:\/\/swetechockey.com\/?page_id=13002"},"modified":"2025-11-05T23:50:12","modified_gmt":"2025-11-05T22:50:12","slug":"swetec-academi","status":"publish","type":"page","link":"https:\/\/swetechockey.com\/startsida\/utbildningar\/swetec-academi\/","title":{"rendered":"Swetec Akademi"},"content":{"rendered":"<div class=\"wpb-content-wrapper\">[vc_row column_spacing=&#8221;60&#8243;][vc_column width=&#8221;1\/3&#8243;]<figure class=\"vcex-image vcex-module boxtop\"><div class=\"vcex-image-inner wpex-relative wpex-inline-block vc_custom_1690489606607\"><img width=\"686\" height=\"771\" src=\"https:\/\/media.swetechockey.com\/2022\/09\/start_simon_detroit.png\" class=\"vcex-image-img wpex-align-middle\" alt=\"\" loading=\"lazy\" decoding=\"async\" srcset=\"https:\/\/media.swetechockey.com\/2022\/09\/start_simon_detroit.png 686w, https:\/\/media.swetechockey.com\/2022\/09\/start_simon_detroit-267x300.png 267w, https:\/\/media.swetechockey.com\/2022\/09\/start_simon_detroit-600x674.png 600w\" sizes=\"auto, (max-width: 686px) 100vw, 686px\" \/><\/div><\/figure>[vc_column_text css=&#8221;.vc_custom_1762376245177{margin-top: -14px !important;padding-right: 30px !important;padding-bottom: 20px !important;padding-left: 30px !important;background-color: #010e35 !important;}&#8221; el_class=&#8221;boxtext&#8221; color=&#8221;#ffffff&#8221;]\n<h3>Simon Edvinsson<\/h3>\n<p>Swetec Akademi Spelare[\/vc_column_text][\/vc_column][vc_column width=&#8221;1\/3&#8243;]<figure class=\"vcex-image vcex-module boxtop\"><div class=\"vcex-image-inner wpex-relative wpex-inline-block vc_custom_1690489546574\"><img width=\"686\" height=\"771\" src=\"https:\/\/media.swetechockey.com\/2021\/10\/start_john.png\" class=\"vcex-image-img wpex-align-middle\" alt=\"\" loading=\"lazy\" decoding=\"async\" srcset=\"https:\/\/media.swetechockey.com\/2021\/10\/start_john.png 686w, https:\/\/media.swetechockey.com\/2021\/10\/start_john-267x300.png 267w, https:\/\/media.swetechockey.com\/2021\/10\/start_john-600x674.png 600w\" sizes=\"auto, (max-width: 686px) 100vw, 686px\" \/><\/div><\/figure>[vc_column_text css=&#8221;.vc_custom_1762376278583{margin-top: -14px !important;padding-right: 30px !important;padding-bottom: 20px !important;padding-left: 30px !important;background-color: #010e35 !important;}&#8221; el_class=&#8221;boxtext&#8221; color=&#8221;#ffffff&#8221;]\n<h3>John Dahlstr\u00f6m<\/h3>\n<p>Swetec Akademi Spelare[\/vc_column_text][\/vc_column][vc_column width=&#8221;1\/3&#8243;]<figure class=\"vcex-image vcex-module boxtop\"><div class=\"vcex-image-inner wpex-relative wpex-inline-block vc_custom_1690489335484\"><img width=\"686\" height=\"771\" src=\"https:\/\/media.swetechockey.com\/2021\/10\/start_leo2.png\" class=\"vcex-image-img wpex-align-middle\" alt=\"\" loading=\"lazy\" decoding=\"async\" srcset=\"https:\/\/media.swetechockey.com\/2021\/10\/start_leo2.png 686w, https:\/\/media.swetechockey.com\/2021\/10\/start_leo2-267x300.png 267w, https:\/\/media.swetechockey.com\/2021\/10\/start_leo2-600x674.png 600w\" sizes=\"auto, (max-width: 686px) 100vw, 686px\" \/><\/div><\/figure>[vc_column_text css=&#8221;.vc_custom_1762376297094{margin-top: -14px !important;padding-right: 30px !important;padding-bottom: 20px !important;padding-left: 30px !important;background-color: #010e35 !important;}&#8221; el_class=&#8221;boxtext&#8221; color=&#8221;#ffffff&#8221;]\n<h3>Leo Lundblad<\/h3>\n<p>Swetec Akademi Spelare[\/vc_column_text][\/vc_column][\/vc_row][vc_row column_spacing=&#8221;60&#8243;][vc_column width=&#8221;2\/3&#8243;][vc_column_text css=&#8221;.vc_custom_1762376605261{padding-top: 10px !important;padding-right: 30px !important;padding-bottom: 50px !important;padding-left: 30px !important;background-color: #000000 !important;}&#8221; color=&#8221;#ffffff&#8221; el_class=&#8221;boxtext&#8221;]\n<h3>ANS\u00d6K TILL N\u00c4STA TERMIN<\/h3>\n<p><i>Ans\u00f6k <strong>NU<\/strong> till n\u00e4sta terminen senast den 15 december f\u00f6r start januari 2026.\u00a0<\/i><\/p>\n<p><i>Efter intresseanm\u00e4lan via mail: <a href=\"mailto:info@swetechockey.com\">info@swetechockey.com<\/a> SKRIV era m\u00e5l, bakgrund och ambitioner s\u00e5 f\u00e5r ni information, kostnader och uttagning till en plats.\u00a0<\/i>[\/vc_column_text]<div class=\"vc_custom_1762375246816 wpex-clr\"><a href=\"http:\/\/swetechockey.com\/om-oss\/\" class=\"vcex-button theme-button align-right inline\"><span class=\"vcex-button-inner theme-button-inner wpex-flex wpex-flex-wrap wpex-items-center wpex-justify-center\">INTRESSEANM\u00c4LAN<\/span><\/a><\/div> [vc_column_text css=&#8221;&#8221;]\n<h2><strong><span style=\"color: #000000;\">Swetec\u00a0<span style=\"caret-color: #000000;\">Akademi<\/span><\/span><\/strong><\/h2>\n<p>V\u00e5r akademi har verkat i 16 \u00e5r med riktiga resultat, d\u00e4r n\u00e5gra spelar NHL till div. 1 idag. Akademin kompletterar klubb tr\u00e4ningen f\u00f6r att skapa dom b\u00e4sta f\u00f6ruts\u00e4ttningar att m\u00f6ta kravbilden i framtiden.<\/p>\n<p>Utbildningsplanen f\u00f6r AKADEMI spelarna bygger p\u00e5 socialkompetens, disiplinerade och sj\u00e4lvst\u00e4ndiga individer som l\u00e4r sig planerar tr\u00e4ningen i kombination med klubbverksamheten.<\/p>\n<p>Akademi spelare f\u00e5r v\u00e4gledning, god utbildning och hockeyfostran efter kravbilden.<\/p>\n<h5><span style=\"color: #000000;\"><strong>TRYCK NEDAN F\u00d6R MER INFO<\/strong><\/span><\/h5>\n[\/vc_column_text][vc_empty_space][vc_tta_tabs style=&#8221;outline&#8221; shape=&#8221;round&#8221; spacing=&#8221;10&#8243; gap=&#8221;20&#8243; active_section=&#8221;1&#8243; no_fill_content_area=&#8221;true&#8221;][vc_tta_section title=&#8221;INTAGSKRAV&#8221; tab_id=&#8221;1659989835314-937efa08-5c0f&#8221;][vc_column_text css=&#8221;&#8221;]<span style=\"color: #000000;\"><strong>Spelare vi s\u00f6ker:<\/strong><\/span><\/p>\n<ul>\n<li>Duktig i skolan och ditt lag<\/li>\n<li>Ambitionsniv\u00e5 med ishockeyn<\/li>\n<li>Beredd att ta eget ansvar<\/li>\n<li>God planerings f\u00f6rm\u00e5ga<\/li>\n<li>Drivkraften att g\u00f6ra &#8221;jobbet&#8221;<\/li>\n<\/ul>\n[\/vc_column_text][\/vc_tta_section][vc_tta_section title=&#8221;UPPL\u00c4GG&#8221; tab_id=&#8221;1660040901010-d2d03efd-7d2f&#8221;][vc_column_text css=&#8221;&#8221;]<img loading=\"lazy\" decoding=\"async\" class=\"alignnone wp-image-25635\" src=\"https:\/\/media.swetechockey.com\/2025\/11\/IMG_0403-150x150.jpeg\" alt=\"\" width=\"217\" height=\"217\" srcset=\"https:\/\/media.swetechockey.com\/2025\/11\/IMG_0403-150x150.jpeg 150w, https:\/\/media.swetechockey.com\/2025\/11\/IMG_0403-300x300.jpeg 300w, https:\/\/media.swetechockey.com\/2025\/11\/IMG_0403-100x100.jpeg 100w\" sizes=\"auto, (max-width: 217px) 100vw, 217px\" \/> <img loading=\"lazy\" decoding=\"async\" class=\"alignnone wp-image-25636\" src=\"https:\/\/media.swetechockey.com\/2025\/11\/IMG_0405-150x150.jpeg\" alt=\"\" width=\"231\" height=\"231\" srcset=\"https:\/\/media.swetechockey.com\/2025\/11\/IMG_0405-150x150.jpeg 150w, https:\/\/media.swetechockey.com\/2025\/11\/IMG_0405-1018x1024.jpeg 1018w, https:\/\/media.swetechockey.com\/2025\/11\/IMG_0405-768x772.jpeg 768w, https:\/\/media.swetechockey.com\/2025\/11\/IMG_0405-300x300.jpeg 300w, https:\/\/media.swetechockey.com\/2025\/11\/IMG_0405-600x603.jpeg 600w, https:\/\/media.swetechockey.com\/2025\/11\/IMG_0405-100x100.jpeg 100w, https:\/\/media.swetechockey.com\/2025\/11\/IMG_0405.jpeg 1080w\" sizes=\"auto, (max-width: 231px) 100vw, 231px\" \/><img loading=\"lazy\" decoding=\"async\" class=\"alignnone wp-image-25637\" src=\"https:\/\/media.swetechockey.com\/2025\/11\/IMG_0408-150x150.jpeg\" alt=\"\" width=\"230\" height=\"230\" srcset=\"https:\/\/media.swetechockey.com\/2025\/11\/IMG_0408-150x150.jpeg 150w, https:\/\/media.swetechockey.com\/2025\/11\/IMG_0408-299x300.jpeg 299w, https:\/\/media.swetechockey.com\/2025\/11\/IMG_0408-1022x1024.jpeg 1022w, https:\/\/media.swetechockey.com\/2025\/11\/IMG_0408-768x769.jpeg 768w, https:\/\/media.swetechockey.com\/2025\/11\/IMG_0408-300x300.jpeg 300w, https:\/\/media.swetechockey.com\/2025\/11\/IMG_0408-600x601.jpeg 600w, https:\/\/media.swetechockey.com\/2025\/11\/IMG_0408-100x100.jpeg 100w, https:\/\/media.swetechockey.com\/2025\/11\/IMG_0408.jpeg 1080w\" sizes=\"auto, (max-width: 230px) 100vw, 230px\" \/>[\/vc_column_text][\/vc_tta_section][vc_tta_section title=&#8221;ING\u00c5R\/PRIS&#8221; tab_id=&#8221;1660041407222-4102e190-449a&#8221;][vc_column_text css=&#8221;&#8221;]<span style=\"color: #000000; font-size: 21px;\"><strong><em><span style=\"font-size: 18px; color: #ff0000;\">TERMINSKOSTNAD: 20388:- per\/\u00e5r eller 1699:- per\/m\u00e5n &#8211; 12 m\u00e5nader.<\/span><br \/>\n<\/em><\/strong><span style=\"font-size: 18px;\"><em>Mentorskapsprogrammet \u00e4r minimum 12 m\u00e5nader.<br \/>\n<span style=\"font-size: 10px;\">(Avtalet g\u00e5r inte att bryta under avtalstiden.)<\/span><\/em><\/span><\/span><\/p>\n<p><strong>Akademin bedrivs \u00e5rsbasis\/Ing\u00e5r:<img loading=\"lazy\" decoding=\"async\" class=\"alignright wp-image-18713 size-medium\" src=\"http:\/\/media.swetechockey.com\/2022\/08\/8C0AE64F-88F0-4D4C-BE72-DAED40765AD3-scaled-e1660043664264-311x300.jpeg\" alt=\"\" width=\"311\" height=\"300\" srcset=\"https:\/\/media.swetechockey.com\/2022\/08\/8C0AE64F-88F0-4D4C-BE72-DAED40765AD3-scaled-e1660043664264-311x300.jpeg 311w, https:\/\/media.swetechockey.com\/2022\/08\/8C0AE64F-88F0-4D4C-BE72-DAED40765AD3-scaled-e1660043664264-1024x988.jpeg 1024w, https:\/\/media.swetechockey.com\/2022\/08\/8C0AE64F-88F0-4D4C-BE72-DAED40765AD3-scaled-e1660043664264-768x741.jpeg 768w, https:\/\/media.swetechockey.com\/2022\/08\/8C0AE64F-88F0-4D4C-BE72-DAED40765AD3-scaled-e1660043664264-1536x1482.jpeg 1536w, https:\/\/media.swetechockey.com\/2022\/08\/8C0AE64F-88F0-4D4C-BE72-DAED40765AD3-scaled-e1660043664264-600x579.jpeg 600w, https:\/\/media.swetechockey.com\/2022\/08\/8C0AE64F-88F0-4D4C-BE72-DAED40765AD3-scaled-e1660043664264.jpeg 1625w\" sizes=\"auto, (max-width: 311px) 100vw, 311px\" \/><\/strong><\/p>\n<ul>\n<li>12 M\u00e5nadspass p\u00e5 is i HLM<\/li>\n<li>12 M\u00e5nadspass fyspass p\u00e5 Swetec<\/li>\n<li>260 Fyspass XPS Appen<\/li>\n<li>XFit tr\u00e4ning veckopass<\/li>\n<li>5 Fystester med Screening<\/li>\n<li>5 Teori pass, tr\u00e4ningsl\u00e4ra, kost, vila<\/li>\n<li>3- 5 Istester<\/li>\n<li>Chatt kommunikation<\/li>\n<li>Akademi kl\u00e4der, CCM tr\u00e4nings kit.<\/li>\n<\/ul>\n[\/vc_column_text][\/vc_tta_section][vc_tta_section title=&#8221;M\u00c5L&#8221; tab_id=&#8221;1660046488812-80c95fc3-f1f2&#8243;][vc_column_text]\n<div class=\"page\" title=\"Page 3\">\n<div class=\"layoutArea\">\n<div class=\"column\">\n<div class=\"page\" title=\"Page 3\">\n<div class=\"layoutArea\">\n<div class=\"column\">\n<div class=\"page\" title=\"Page 3\">\n<div class=\"layoutArea\">\n<div class=\"column\">\n<p><strong>Swetec Akademi uttalade ma\u030al fo\u0308r eleverna:<\/strong><\/p>\n<\/div>\n<\/div>\n<\/div>\n<ul>\n<li>Skapa egenskaper fo\u0308r elevens framtida idrottsliga satsning.<\/li>\n<li>H\u00f6gsta resultat p\u00e5 tester och teknikutveckling.<\/li>\n<li>Individuell kunskaper i hockey och fysiska f\u00f6r att m\u00f6ta framtiden kravbilder.<\/li>\n<\/ul>\n<\/div>\n<\/div>\n<\/div>\n<\/div>\n<\/div>\n<\/div>\n[\/vc_column_text][\/vc_tta_section][\/vc_tta_tabs][\/vc_column][vc_column width=&#8221;1\/3&#8243;]<figure class=\"vcex-image vcex-module boxbild\"><div class=\"vcex-image-inner wpex-relative wpex-inline-block\"><a href=\"http:\/\/swetechockey.com\/utbildningar\/\"><img loading=\"lazy\" class=\"vcex-image-img wpex-align-middle\" decoding=\"async\" src=\"https:\/\/media.swetechockey.com\/2020\/08\/dagge-scaled-center-top-800x700.jpg\" alt=\"\" width=\"800\" height=\"700\"><\/a><\/div><\/figure>[vc_column_text css=&#8221;.vc_custom_1762374781235{padding-top: 10px !important;padding-right: 30px !important;padding-bottom: 50px !important;padding-left: 30px !important;background-color: #000000 !important;}&#8221; color=&#8221;#ffffff&#8221; el_class=&#8221;boxtext&#8221;]\n<h3>Akademi Ansvarig<\/h3>\n<p><strong>Dag Wenstr\u00f6m<\/strong><br \/>\n<i>Att ha kunskaper och\u00a0verktyg f\u00f6r att prestera \u00e4r viktigt. Att veta om varf\u00f6r, hur och n\u00e4r man skall anv\u00e4nda kunskaperna \u00e4r en viktig del i framg\u00e5ngarna. <\/i><\/p>\n<p><i>Idag kontaktar klubbarna oss om Akademi spelare.<\/i><\/p>\n<p style=\"text-align: center;\"><span style=\"font-size: 18px;\"><em>T\u00e4nk p\u00e5 &#8211; &#8221;LAGOM \u00e4r s\u00e4mst&#8221;<\/em><\/span><\/p>\n[\/vc_column_text]<div class=\"vc_custom_1635974944876 wpex-clr\"><a href=\"http:\/\/swetechockey.com\/om-oss\/\" class=\"vcex-button theme-button align-right inline\"><span class=\"vcex-button-inner theme-button-inner wpex-flex wpex-flex-wrap wpex-items-center wpex-justify-center\">Kontakta oss<\/span><\/a><\/div> [\/vc_column][\/vc_row]\n<\/div>","protected":false},"excerpt":{"rendered":"<p>[vc_row column_spacing=&#8221;60&#8243;][vc_column width=&#8221;1\/3&#8243;][vc_column_text css=&#8221;.vc_custom_1762376245177{margin-top: -14px !important;padding-right: 30px !important;padding-bottom: 20px !important;padding-left: 30px !important;background-color: #010e35 !important;}&#8221; el_class=&#8221;boxtext&#8221; color=&#8221;#ffffff&#8221;] Simon Edvinsson Swetec Akademi Spelare[\/vc_column_text][\/vc_column][vc_column width=&#8221;1\/3&#8243;][vc_column_text css=&#8221;.vc_custom_1762376278583{margin-top: -14px !important;padding-right: 30px !important;padding-bottom: 20px !important;padding-left: 30px&hellip;<\/p>\n","protected":false},"author":1,"featured_media":0,"parent":16205,"menu_order":0,"comment_status":"closed","ping_status":"closed","template":"","meta":{"_price":"","_stock":"","_tribe_ticket_header":"","_tribe_default_ticket_provider":"","_tribe_ticket_capacity":"0","_ticket_start_date":"","_ticket_end_date":"","_tribe_ticket_show_description":"","_tribe_ticket_show_not_going":false,"_tribe_ticket_use_global_stock":"","_tribe_ticket_global_stock_level":"","_global_stock_mode":"","_global_stock_cap":"","_tribe_rsvp_for_event":"","_tribe_ticket_going_count":"","_tribe_ticket_not_going_count":"","_tribe_tickets_list":"[]","_tribe_ticket_has_attendee_info_fields":false,"footnotes":""},"class_list":["post-13002","page","type-page","status-publish","hentry","entry","no-media"],"_links":{"self":[{"href":"https:\/\/swetechockey.com\/startsida\/wp-json\/wp\/v2\/pages\/13002","targetHints":{"allow":["GET"]}}],"collection":[{"href":"https:\/\/swetechockey.com\/startsida\/wp-json\/wp\/v2\/pages"}],"about":[{"href":"https:\/\/swetechockey.com\/startsida\/wp-json\/wp\/v2\/types\/page"}],"author":[{"embeddable":true,"href":"https:\/\/swetechockey.com\/startsida\/wp-json\/wp\/v2\/users\/1"}],"replies":[{"embeddable":true,"href":"https:\/\/swetechockey.com\/startsida\/wp-json\/wp\/v2\/comments?post=13002"}],"version-history":[{"count":222,"href":"https:\/\/swetechockey.com\/startsida\/wp-json\/wp\/v2\/pages\/13002\/revisions"}],"predecessor-version":[{"id":25639,"href":"https:\/\/swetechockey.com\/startsida\/wp-json\/wp\/v2\/pages\/13002\/revisions\/25639"}],"up":[{"embeddable":true,"href":"https:\/\/swetechockey.com\/startsida\/wp-json\/wp\/v2\/pages\/16205"}],"wp:attachment":[{"href":"https:\/\/swetechockey.com\/startsida\/wp-json\/wp\/v2\/media?parent=13002"}],"curies":[{"name":"wp","href":"https:\/\/api.w.org\/{rel}","templated":true}]}}