{"id":1299,"date":"2015-12-08T12:38:14","date_gmt":"2015-12-08T11:38:14","guid":{"rendered":"http:\/\/swetechockey.com\/?page_id=1299"},"modified":"2025-12-02T11:06:41","modified_gmt":"2025-12-02T10:06:41","slug":"om-oss","status":"publish","type":"page","link":"https:\/\/swetechockey.com\/startsida\/om-oss\/","title":{"rendered":"Om oss"},"content":{"rendered":"<div class=\"wpb-content-wrapper\">[vc_row content_placement=&#8221;middle&#8221; column_spacing=&#8221;60&#8243; css=&#8221;.vc_custom_1635888469562{margin-bottom: 60px !important;}&#8221;][vc_column width=&#8221;2\/3&#8243;][vc_empty_space height=&#8221;30px&#8221;]<style>.vcex-heading.vcex_69e49a0d1ad70{color:#010e35;font-size:60px;line-height:1.1em;}<\/style><h1 class=\"vcex-heading vcex-heading-plain vcex-module wpex-heading wpex-text-2xl wpex-h1 wpb_animate_when_almost_visible wpb_fadeInRight fadeInRight vcex_69e49a0d1ad70\"><span class=\"vcex-heading-inner wpex-inline-block\">BE THE BEST!<\/span><\/h1>[vc_empty_space height=&#8221;30px&#8221;][vc_column_text css=&#8221;&#8221;]<strong><span style=\"color: #ffcc00;\">&#8211; Swetec Historia<\/span><\/strong><br \/>\nEtt svenskt baserat ishockey utvecklingsf\u00f6retag sedan 2001, vi utvecklar framtidens \u201d<strong>hockeystars<\/strong>\u201d. Under v\u00e5ra 24:e \u00e5r har vi arbetat i mer \u00e4n 9 l\u00e4nder, utvecklat mer \u00e4n 2500 spelare per\/\u00e5r fr\u00e5n 16 olika nationer och verkat i 11 klubbar i Norden.<\/p>\n<p><strong><span style=\"color: #ffcc00;\">&#8211; Swetec Vision<\/span><\/strong><br \/>\nV\u00e5rt uppdrag \u00e4r att hj\u00e4lpa spelare att n\u00e5 sin b\u00e4sta niv\u00e5 samt hj\u00e4lpa lag\/tr\u00e4nare att utveckla ishockeyspelare och m\u00e4nniskan. Vi bygger v\u00e5r vision p\u00e5 innovativa verktyg och evidensbaserad fakta samt att vi s\u00e4tter en ny standard p\u00e5 metodik och inl\u00e4rning s\u00e5 r\u00e4tt moment i r\u00e4tt ordning s\u00e5 &#8221;nycklarna&#8221; passar in f\u00f6r framtidens ishockeyspelare.<\/p>\n<p><strong><span style=\"color: #ffcc00;\">&#8211; Swetec TEAMET<\/span><\/strong><br \/>\nTeamet p\u00e5 5 instrukt\u00f6rer kan konceptet, det g\u00f6r att vi \u00e4r unika f\u00f6r alla f\u00f6ljer konceptet. Man \u00e4r handplockad in i Swetec f\u00f6r sina erfarenhet och pedagogiska verktyg.<\/p>\n<p><strong>Vi \u00e4r inte lagom, utan b\u00e4st!<\/strong><br \/>\nHoppas att vi f\u00e5 tr\u00e4ffa dig p\u00e5 n\u00e4sta camp![\/vc_column_text][\/vc_column][vc_column width=&#8221;1\/3&#8243;]<style>.vcex-heading.vcex_69e49a0d1b3c5{color:#010e35;font-size:60px;line-height:1.1em;}<\/style><h1 class=\"vcex-heading vcex-heading-plain vcex-module wpex-heading wpex-text-2xl wpex-h1 wpb_animate_when_almost_visible wpb_fadeInRight fadeInRight vcex_69e49a0d1b3c5\"><span class=\"vcex-heading-inner wpex-inline-block\">Your future starts here!<\/span><\/h1>[\/vc_column][\/vc_row][vc_row column_spacing=&#8221;60&#8243;][vc_column width=&#8221;1\/4&#8243;][vc_column_text]\n<h3>E-post<\/h3>\n<p><a href=\"mailto:info@swetechockey.com\">info@swetechockey.com<\/a>[\/vc_column_text][\/vc_column][vc_column width=&#8221;1\/4&#8243;][vc_column_text]\n<h3>Telefon<\/h3>\n<p>+46 (0) 705 &#8211; 23 55 64[\/vc_column_text][\/vc_column][vc_column width=&#8221;1\/4&#8243;][vc_column_text]\n<h3>Adress<\/h3>\n<p>Estrids v\u00e4g 7B,<br \/>\n291 65 Kristianstad[\/vc_column_text][\/vc_column][vc_column width=&#8221;1\/4&#8243;][vc_column_text]\n<h3>Telefontid<\/h3>\n<p>M\u00e5n-Tors 12.00 &#8211; 15.00[\/vc_column_text][\/vc_column][\/vc_row][vc_row][vc_column width=&#8221;1\/4&#8243;][vc_single_image image=&#8221;21088&#8243; img_size=&#8221;200&#215;200&#8243; alignment=&#8221;center&#8221;][vc_empty_space height=&#8221;5px&#8221;][vc_column_text]\n<p style=\"text-align: center;\"><img loading=\"lazy\" decoding=\"async\" class=\"alignnone wp-image-8122\" src=\"http:\/\/media.swetechockey.com\/2018\/08\/SWEDEN-150x150.jpg\" alt=\"\" width=\"45\" height=\"45\" srcset=\"https:\/\/media.swetechockey.com\/2018\/08\/SWEDEN-150x150.jpg 150w, https:\/\/media.swetechockey.com\/2018\/08\/SWEDEN-300x300.jpg 300w, https:\/\/media.swetechockey.com\/2018\/08\/SWEDEN-100x100.jpg 100w\" sizes=\"auto, (max-width: 45px) 100vw, 45px\" \/> <strong><span style=\"color: #ffcc00;\">CEO SWETEC<\/span><\/strong><\/p>\n[\/vc_column_text][\/vc_column][vc_column width=&#8221;3\/4&#8243;][vc_empty_space height=&#8221;20px&#8221;][vc_column_text css=&#8221;&#8221;]DAG &#8221; Dagge&#8221; Wenstr\u00f6m \u00e4r ett namn i v\u00e4rlden med mer \u00e4n 25 \u00e5rs erfarenhet av coachning, tr\u00e4ning och utveckling. V\u00e4lutbildad inom medicin och biomekanik samt \u00e4r &#8221;pappa&#8221; till konceptet och Dagge Skating. Verkat i m\u00e5nga l\u00e4nder och bott i Danmark, Tyskland samt Schweiz. \u00a0Han har \u00e4ven t\u00e4vla i n\u00e5gra \u00e5r inom Crossfit.<\/p>\n<p><strong>Tel:<\/strong> +46 (0) 705 &#8211; 235564<br \/>\n<strong>Email:<\/strong> <a href=\"mailto:dagge@swetechockey.com\"><strong>dagge@swetechockey.com<\/strong><\/a>[\/vc_column_text][\/vc_column][\/vc_row]\n<\/div>","protected":false},"excerpt":{"rendered":"<p>[vc_row content_placement=&#8221;middle&#8221; column_spacing=&#8221;60&#8243; css=&#8221;.vc_custom_1635888469562{margin-bottom: 60px !important;}&#8221;][vc_column width=&#8221;2\/3&#8243;][vc_empty_space height=&#8221;30px&#8221;][vc_empty_space height=&#8221;30px&#8221;][vc_column_text css=&#8221;&#8221;]&#8211; Swetec Historia Ett svenskt baserat ishockey utvecklingsf\u00f6retag sedan 2001, vi utvecklar framtidens \u201dhockeystars\u201d. Under v\u00e5ra 24:e \u00e5r har vi arbetat&hellip;<\/p>\n","protected":false},"author":1,"featured_media":0,"parent":0,"menu_order":0,"comment_status":"closed","ping_status":"closed","template":"","meta":{"_price":"","_stock":"","_tribe_ticket_header":"","_tribe_default_ticket_provider":"","_tribe_ticket_capacity":"0","_ticket_start_date":"","_ticket_end_date":"","_tribe_ticket_show_description":"","_tribe_ticket_show_not_going":false,"_tribe_ticket_use_global_stock":"","_tribe_ticket_global_stock_level":"","_global_stock_mode":"","_global_stock_cap":"","_tribe_rsvp_for_event":"","_tribe_ticket_going_count":"","_tribe_ticket_not_going_count":"","_tribe_tickets_list":"[]","_tribe_ticket_has_attendee_info_fields":false,"footnotes":""},"class_list":["post-1299","page","type-page","status-publish","hentry","entry","no-media"],"_links":{"self":[{"href":"https:\/\/swetechockey.com\/startsida\/wp-json\/wp\/v2\/pages\/1299","targetHints":{"allow":["GET"]}}],"collection":[{"href":"https:\/\/swetechockey.com\/startsida\/wp-json\/wp\/v2\/pages"}],"about":[{"href":"https:\/\/swetechockey.com\/startsida\/wp-json\/wp\/v2\/types\/page"}],"author":[{"embeddable":true,"href":"https:\/\/swetechockey.com\/startsida\/wp-json\/wp\/v2\/users\/1"}],"replies":[{"embeddable":true,"href":"https:\/\/swetechockey.com\/startsida\/wp-json\/wp\/v2\/comments?post=1299"}],"version-history":[{"count":161,"href":"https:\/\/swetechockey.com\/startsida\/wp-json\/wp\/v2\/pages\/1299\/revisions"}],"predecessor-version":[{"id":25804,"href":"https:\/\/swetechockey.com\/startsida\/wp-json\/wp\/v2\/pages\/1299\/revisions\/25804"}],"wp:attachment":[{"href":"https:\/\/swetechockey.com\/startsida\/wp-json\/wp\/v2\/media?parent=1299"}],"curies":[{"name":"wp","href":"https:\/\/api.w.org\/{rel}","templated":true}]}}